{"id":7094,"date":"2017-12-05T16:46:26","date_gmt":"2017-12-05T16:46:26","guid":{"rendered":"http:\/\/www.criteo.com\/fr\/legal\/"},"modified":"2026-03-17T16:12:29","modified_gmt":"2026-03-17T16:12:29","slug":"legal","status":"publish","type":"page","link":"https:\/\/www.criteo.com\/fr\/legal\/","title":{"rendered":"Mentions l\u00e9gales"},"content":{"rendered":"<div class=\"row first\">\n<div class=\"col-sm-12 col-lg-6 col-left\">\n<h2>\u00c9diteur du site<\/h2>\n<table class=\"legal-table\" border=\"0\">\n<tbody>\n<tr>\n<td><strong>Soci\u00e9t\u00e9 :<\/strong><\/td>\n<td class=\"vertical-align-bottom\">Criteo SA<\/td>\n<\/tr>\n<tr>\n<td><strong>Capital :<\/strong><\/td>\n<td class=\"vertical-align-bottom\">1 443 620,975 \u20ac<\/td>\n<\/tr>\n<tr>\n<td><strong>N\u00b0 d&rsquo;enregistrement :<\/strong><\/td>\n<td class=\"vertical-align-bottom\">484 786 249 RCS Paris<\/td>\n<\/tr>\n<tr>\n<td><strong>Adresse :<\/strong><\/td>\n<td class=\"vertical-align-bottom\">32 Rue Blanche, 75009 Paris, France<\/td>\n<\/tr>\n<tr>\n<td><strong>Tel. :<\/strong><\/td>\n<td class=\"vertical-align-bottom\">+33 (0) 1 75 85 09 39<\/td>\n<\/tr>\n<tr>\n<td><strong>Adresse e-mail :<\/strong><\/td>\n<td class=\"vertical-align-bottom\"><a href=\"mailto:contact@criteo.com\">contact@criteo.com<\/a><\/td>\n<\/tr>\n<tr>\n<td><strong>Directeur de la publication:\u00a0<\/strong><\/td>\n<td class=\"vertical-align-bottom\">Michael Komasinski<\/td>\n<\/tr>\n<\/tbody>\n<\/table>\n<p>&nbsp;<\/p>\n<h2>Site d&rsquo;h\u00e9bergement<\/h2>\n<table class=\"legal-table\" border=\"0\">\n<tbody>\n<tr>\n<td><strong>Serveur d&rsquo;h\u00e9bergement :<\/strong><\/td>\n<td class=\"vertical-align-bottom\">server : OVH<\/td>\n<\/tr>\n<tr>\n<td><strong>Adresse du serveur d&rsquo;h\u00e9bergement :<\/strong><\/td>\n<td class=\"vertical-align-bottom\">2 rue Kellermann, 59100 Roubaix France<\/td>\n<\/tr>\n<tr>\n<td><strong>Tel. :<\/strong><\/td>\n<td class=\"vertical-align-bottom\">+33 (0) 8 203 203 63<\/td>\n<\/tr>\n<\/tbody>\n<\/table>\n<\/div>\n<div class=\"col-sm-12 col-lg-6 col-right\">\n<h2>Propri\u00e9t\u00e9 intellectuelle<\/h2>\n<p>La pr\u00e9sentation et chacun des \u00e9l\u00e9ments du site web Criteo, y compris les marques, logos, photographies, noms de domaine et \u00e9l\u00e9ments graphiques, appartiennent exclusivement \u00e0 Criteo ou \u00e0 ses conc\u00e9dants de licence et sont prot\u00e9g\u00e9s par les lois sur la propri\u00e9t\u00e9 intellectuelle.<\/p>\n<\/div>\n<\/div>\n<div class=\"row last\">\n<div class=\"col-sm-12\">\n<p>&nbsp;<\/p>\n<\/div>\n<\/div>\n","protected":false},"excerpt":{"rendered":"<p>\u00c9diteur du site Soci\u00e9t\u00e9 : Criteo SA Capital : 1 443 620,975 \u20ac N\u00b0 d&rsquo;enregistrement : 484 786 249 RCS Paris Adresse : 32 Rue Blanche, 75009 Paris, France Tel. : +33 (0) 1 75 85 09 39 Adresse e-mail : contact@criteo.com Directeur de la publication:\u00a0 Michael Komasinski &nbsp; Site d&rsquo;h\u00e9bergement Serveur d&rsquo;h\u00e9bergement : server [&hellip;]<\/p>\n","protected":false},"author":1,"featured_media":0,"parent":0,"menu_order":0,"comment_status":"closed","ping_status":"closed","template":"page-templates\/basic.php","meta":{"_acf_changed":false,"footnotes":""},"coauthors":[558],"class_list":["post-7094","page","type-page","status-publish"],"acf":{"bevel":"peach-grapes","bevel_reversed":false,"layout_mode":"right-indented","has_more_content":false,"additional_code":"","side_text":"","stae_popup_enable":false,"storetail_optout":false,"track_page_in_segment":false,"segment_page_name":""},"yoast_head":"<!-- This site is optimized with the Yoast SEO plugin v26.4 - https:\/\/yoast.com\/wordpress\/plugins\/seo\/ -->\n<title>Mentions l\u00e9gales | FR - Criteo.com<\/title>\n<meta name=\"description\" content=\"Retrouvez tous les informations sur le site web de Criteo, notamment l&#039;\u00e9diteur du site, le site d&#039;h\u00e9bergement, les politiques de donn\u00e9es personnelles et de propri\u00e9t\u00e9 intellectuelle.\" \/>\n<meta name=\"robots\" content=\"index, follow, max-snippet:-1, max-image-preview:large, max-video-preview:-1\" \/>\n<link rel=\"canonical\" href=\"https:\/\/www.criteo.com\/fr\/legal\/\" \/>\n<meta property=\"og:locale\" content=\"fr_FR\" \/>\n<meta property=\"og:type\" content=\"article\" \/>\n<meta property=\"og:title\" content=\"Mentions l\u00e9gales | FR - Criteo.com\" \/>\n<meta property=\"og:description\" content=\"Retrouvez tous les informations sur le site web de Criteo, notamment l&#039;\u00e9diteur du site, le site d&#039;h\u00e9bergement, les politiques de donn\u00e9es personnelles et de propri\u00e9t\u00e9 intellectuelle.\" \/>\n<meta property=\"og:url\" content=\"https:\/\/www.criteo.com\/fr\/legal\/\" \/>\n<meta property=\"og:site_name\" content=\"FR - Criteo.com\" \/>\n<meta property=\"article:modified_time\" content=\"2026-03-17T16:12:29+00:00\" \/>\n<meta name=\"twitter:card\" content=\"summary_large_image\" \/>\n<meta name=\"twitter:label1\" content=\"Est. reading time\" \/>\n\t<meta name=\"twitter:data1\" content=\"1 minute\" \/>\n<script type=\"application\/ld+json\" class=\"yoast-schema-graph\">{\n\t    \"@context\": \"https:\/\/schema.org\",\n\t    \"@graph\": [\n\t        {\n\t            \"@type\": \"WebPage\",\n\t            \"@id\": \"https:\/\/www.criteo.com\/fr\/legal\/\",\n\t            \"url\": \"https:\/\/www.criteo.com\/fr\/legal\/\",\n\t            \"name\": \"Mentions l\u00e9gales | FR - Criteo.com\",\n\t            \"isPartOf\": {\n\t                \"@id\": \"https:\/\/www.criteo.com\/fr\/#website\"\n\t            },\n\t            \"datePublished\": \"2017-12-05T16:46:26+00:00\",\n\t            \"dateModified\": \"2026-03-17T16:12:29+00:00\",\n\t            \"description\": \"Retrouvez tous les informations sur le site web de Criteo, notamment l'\u00e9diteur du site, le site d'h\u00e9bergement, les politiques de donn\u00e9es personnelles et de propri\u00e9t\u00e9 intellectuelle.\",\n\t            \"breadcrumb\": {\n\t                \"@id\": \"https:\/\/www.criteo.com\/fr\/legal\/#breadcrumb\"\n\t            },\n\t            \"inLanguage\": \"fr-FR\",\n\t            \"potentialAction\": [\n\t                {\n\t                    \"@type\": \"ReadAction\",\n\t                    \"target\": [\n\t                        \"https:\/\/www.criteo.com\/fr\/legal\/\"\n\t                    ]\n\t                }\n\t            ]\n\t        },\n\t        {\n\t            \"@type\": \"BreadcrumbList\",\n\t            \"@id\": \"https:\/\/www.criteo.com\/fr\/legal\/#breadcrumb\",\n\t            \"itemListElement\": [\n\t                {\n\t                    \"@type\": \"ListItem\",\n\t                    \"position\": 1,\n\t                    \"name\": \"Home\",\n\t                    \"item\": \"https:\/\/www.criteo.com\/fr\/\"\n\t                },\n\t                {\n\t                    \"@type\": \"ListItem\",\n\t                    \"position\": 2,\n\t                    \"name\": \"Mentions l\u00e9gales\"\n\t                }\n\t            ]\n\t        },\n\t        {\n\t            \"@type\": \"WebSite\",\n\t            \"@id\": \"https:\/\/www.criteo.com\/fr\/#website\",\n\t            \"url\": \"https:\/\/www.criteo.com\/fr\/\",\n\t            \"name\": \"FR - Criteo.com\",\n\t            \"description\": \"\",\n\t            \"publisher\": {\n\t                \"@id\": \"https:\/\/www.criteo.com\/fr\/#organization\"\n\t            },\n\t            \"potentialAction\": [\n\t                {\n\t                    \"@type\": \"SearchAction\",\n\t                    \"target\": {\n\t                        \"@type\": \"EntryPoint\",\n\t                        \"urlTemplate\": \"https:\/\/www.criteo.com\/fr\/?s={search_term_string}\"\n\t                    },\n\t                    \"query-input\": {\n\t                        \"@type\": \"PropertyValueSpecification\",\n\t                        \"valueRequired\": true,\n\t                        \"valueName\": \"search_term_string\"\n\t                    }\n\t                }\n\t            ],\n\t            \"inLanguage\": \"fr-FR\"\n\t        },\n\t        {\n\t            \"@type\": \"Organization\",\n\t            \"@id\": \"https:\/\/www.criteo.com\/fr\/#organization\",\n\t            \"name\": \"Criteo\",\n\t            \"alternateName\": \"Criteo corp\",\n\t            \"url\": \"https:\/\/www.criteo.com\/fr\/\",\n\t            \"logo\": {\n\t                \"@type\": \"ImageObject\",\n\t                \"inLanguage\": \"fr-FR\",\n\t                \"@id\": \"https:\/\/www.criteo.com\/fr\/#\/schema\/logo\/image\/\",\n\t                \"url\": \"https:\/\/www.criteo.com\/fr\/wp-content\/uploads\/sites\/4\/2024\/02\/Criteo-Logo.svg\",\n\t                \"contentUrl\": \"https:\/\/www.criteo.com\/fr\/wp-content\/uploads\/sites\/4\/2024\/02\/Criteo-Logo.svg\",\n\t                \"width\": 118,\n\t                \"height\": 24,\n\t                \"caption\": \"Criteo\"\n\t            },\n\t            \"image\": {\n\t                \"@id\": \"https:\/\/www.criteo.com\/fr\/#\/schema\/logo\/image\/\"\n\t            }\n\t        }\n\t    ]\n\t}<\/script>\n<!-- \/ Yoast SEO plugin. -->","yoast_head_json":{"title":"Mentions l\u00e9gales | FR - Criteo.com","description":"Retrouvez tous les informations sur le site web de Criteo, notamment l'\u00e9diteur du site, le site d'h\u00e9bergement, les politiques de donn\u00e9es personnelles et de propri\u00e9t\u00e9 intellectuelle.","robots":{"index":"index","follow":"follow","max-snippet":"max-snippet:-1","max-image-preview":"max-image-preview:large","max-video-preview":"max-video-preview:-1"},"canonical":"https:\/\/www.criteo.com\/fr\/legal\/","og_locale":"fr_FR","og_type":"article","og_title":"Mentions l\u00e9gales | FR - Criteo.com","og_description":"Retrouvez tous les informations sur le site web de Criteo, notamment l'\u00e9diteur du site, le site d'h\u00e9bergement, les politiques de donn\u00e9es personnelles et de propri\u00e9t\u00e9 intellectuelle.","og_url":"https:\/\/www.criteo.com\/fr\/legal\/","og_site_name":"FR - Criteo.com","article_modified_time":"2026-03-17T16:12:29+00:00","twitter_card":"summary_large_image","twitter_misc":{"Est. reading time":"1 minute"},"schema":{"@context":"https:\/\/schema.org","@graph":[{"@type":"WebPage","@id":"https:\/\/www.criteo.com\/fr\/legal\/","url":"https:\/\/www.criteo.com\/fr\/legal\/","name":"Mentions l\u00e9gales | FR - Criteo.com","isPartOf":{"@id":"https:\/\/www.criteo.com\/fr\/#website"},"datePublished":"2017-12-05T16:46:26+00:00","dateModified":"2026-03-17T16:12:29+00:00","description":"Retrouvez tous les informations sur le site web de Criteo, notamment l'\u00e9diteur du site, le site d'h\u00e9bergement, les politiques de donn\u00e9es personnelles et de propri\u00e9t\u00e9 intellectuelle.","breadcrumb":{"@id":"https:\/\/www.criteo.com\/fr\/legal\/#breadcrumb"},"inLanguage":"fr-FR","potentialAction":[{"@type":"ReadAction","target":["https:\/\/www.criteo.com\/fr\/legal\/"]}]},{"@type":"BreadcrumbList","@id":"https:\/\/www.criteo.com\/fr\/legal\/#breadcrumb","itemListElement":[{"@type":"ListItem","position":1,"name":"Home","item":"https:\/\/www.criteo.com\/fr\/"},{"@type":"ListItem","position":2,"name":"Mentions l\u00e9gales"}]},{"@type":"WebSite","@id":"https:\/\/www.criteo.com\/fr\/#website","url":"https:\/\/www.criteo.com\/fr\/","name":"FR - Criteo.com","description":"","publisher":{"@id":"https:\/\/www.criteo.com\/fr\/#organization"},"potentialAction":[{"@type":"SearchAction","target":{"@type":"EntryPoint","urlTemplate":"https:\/\/www.criteo.com\/fr\/?s={search_term_string}"},"query-input":{"@type":"PropertyValueSpecification","valueRequired":true,"valueName":"search_term_string"}}],"inLanguage":"fr-FR"},{"@type":"Organization","@id":"https:\/\/www.criteo.com\/fr\/#organization","name":"Criteo","alternateName":"Criteo corp","url":"https:\/\/www.criteo.com\/fr\/","logo":{"@type":"ImageObject","inLanguage":"fr-FR","@id":"https:\/\/www.criteo.com\/fr\/#\/schema\/logo\/image\/","url":"https:\/\/www.criteo.com\/fr\/wp-content\/uploads\/sites\/4\/2024\/02\/Criteo-Logo.svg","contentUrl":"https:\/\/www.criteo.com\/fr\/wp-content\/uploads\/sites\/4\/2024\/02\/Criteo-Logo.svg","width":118,"height":24,"caption":"Criteo"},"image":{"@id":"https:\/\/www.criteo.com\/fr\/#\/schema\/logo\/image\/"}}]}},"_links":{"self":[{"href":"https:\/\/www.criteo.com\/fr\/wp-json\/wp\/v2\/pages\/7094","targetHints":{"allow":["GET"]}}],"collection":[{"href":"https:\/\/www.criteo.com\/fr\/wp-json\/wp\/v2\/pages"}],"about":[{"href":"https:\/\/www.criteo.com\/fr\/wp-json\/wp\/v2\/types\/page"}],"author":[{"embeddable":true,"href":"https:\/\/www.criteo.com\/fr\/wp-json\/wp\/v2\/users\/1"}],"replies":[{"embeddable":true,"href":"https:\/\/www.criteo.com\/fr\/wp-json\/wp\/v2\/comments?post=7094"}],"version-history":[{"count":26,"href":"https:\/\/www.criteo.com\/fr\/wp-json\/wp\/v2\/pages\/7094\/revisions"}],"predecessor-version":[{"id":21126,"href":"https:\/\/www.criteo.com\/fr\/wp-json\/wp\/v2\/pages\/7094\/revisions\/21126"}],"wp:attachment":[{"href":"https:\/\/www.criteo.com\/fr\/wp-json\/wp\/v2\/media?parent=7094"}],"wp:term":[{"taxonomy":"author","embeddable":true,"href":"https:\/\/www.criteo.com\/fr\/wp-json\/wp\/v2\/coauthors?post=7094"}],"curies":[{"name":"wp","href":"https:\/\/api.w.org\/{rel}","templated":true}]}}