{"id":10706,"date":"2020-04-20T20:25:22","date_gmt":"2020-04-20T20:25:22","guid":{"rendered":"http:\/\/www.criteo.com\/it\/disable-criteo-services-on-mobile-applications\/"},"modified":"2022-11-23T17:59:15","modified_gmt":"2022-11-23T17:59:15","slug":"disable-criteo-services-on-mobile-applications","status":"publish","type":"page","link":"https:\/\/www.criteo.com\/it\/privacy\/disable-criteo-services-on-mobile-applications\/","title":{"rendered":"Disabilita i servizi Criteo sulle applicazioni mobile"},"content":{"rendered":"<p>Le informazioni di seguito spiegano come disabilitare i servizi Criteo sulle applicazioni mobile. Fai clic\u00a0<a href=\"https:\/\/www.criteo.com\/it\/privacy\/disable-criteo-services-on-internet-browsers\/\">qui<\/a>\u00a0se desideri sapere come disabilitare i servizi Criteo sui browser Internet.<\/p>\n<p>Per revocare il tuo consenso ai servizi di Criteo, \u00e8 sufficiente impostare il tuo dispositivo come segue:<\/p>\n<ul>\n<li>Con Android (versione 2.3 e superiore)<\/li>\n<\/ul>\n<p style=\"padding-left: 40px;\">Reimposta l\u2019ID pubblicitario sul tuo dispositivo: per farlo, nelle impostazioni del tuo dispositivo, vai su \u201cImpostazioni\u201d &gt; \u201cGoogle\u201d &gt; sezione \u201cAnnunci\u201d, fai clic su \u201cReimposta ID pubblicit\u00e0\u201d quindi conferma la tua scelta.<br \/>\nAbilita, inoltre, l\u2019opzione \u201cRinuncia ad annunci basati sugli interessi\u201d: per farlo, nelle impostazioni del tuo dispositivo, vai su \u201cImpostazioni\u201d &gt; \u201cGoogle\u201d &gt; sezione \u201cAnnunci\u201d e abilita l\u2019opzione \u201cRinuncia ad annunci basati sugli interessi\u201d.<\/p>\n<p style=\"padding-left: 80px;\"><div class=\"lightbulb\">\n        <div class=\"content p-3 \">Se necessario, puoi anche consultare le istruzioni fornite da Google qui:\u00a0<a href=\"https:\/\/support.google.com\/googleplay\/answer\/3405269?hl=it\">Guida di Google Play.<\/a><\/div>\n    <\/div><\/p>\n<ul>\n<li>Per iOS (versione 6 e superiore)<\/li>\n<\/ul>\n<p style=\"padding-left: 40px;\">Abilita l\u2019opzione \u201cLimita raccolta dati pubblicitari\u201d: per farlo, nelle impostazioni del tuo dispositivo, vai su \u201cPrivacy\u201d &gt; sezione \u201cPubblicit\u00e0\u201d e abilita l\u2019opzione \u201cLimita raccolta dati pubblicitari\u201d.<\/p>\n<p style=\"padding-left: 80px;\"><div class=\"lightbulb\">\n        <div class=\"content p-3 \">Se necessario, puoi anche consultare le istruzioni fornite da Apple qui:\u00a0<a href=\"https:\/\/support.apple.com\/it-it\/HT202074\">Supporto Apple<\/a>.<\/div>\n    <\/div><\/p>\n<p>&nbsp;<\/p>\n<h4>Cosa cambier\u00e0?<\/h4>\n<p>Il seguito a una tale configurazione del tuo dispositivo si verificher\u00e0 quanto segue.<\/p>\n<ul>\n<li>La cancellazione dell\u2019identificatore che ci consentir\u00e0 di:\n<ul>\n<li>riconoscere il tuo browser o dispositivo;<\/li>\n<li>e di collegarti ai dati che abbiamo a tuo disposizione.<\/li>\n<\/ul>\n<\/li>\n<li>L\u2019interruzione della raccolta dei tuoi dati personali per il trattamento delle attivit\u00e0 basate sul tuo consenso.<\/li>\n<li>L\u2019interruzione della visualizzazione di annunci mostrati da Criteo, basata sul tuo consenso, sul browser che stai utilizzando attualmente.<\/li>\n<\/ul>\n<div>\n<p style=\"padding-left: 40px;\"><div class=\"lightbulb\">\n        <div class=\"content p-3 \"><\/p>\n<p>Ti preghiamo di notare che Criteo pu\u00f2 continuare a trattare i tuoi dati personali raccolti prima della disattivazione dei servizi Criteo in base ai suoi interessi legittimi.<\/p>\n<p>Per saperne di pi\u00f9 sui dati personali trattati da Criteo, fai riferimento a \u201c<a href=\"https:\/\/www.criteo.com\/it\/privacy\/how-we-use-your-data\/\">Come utilizziamo i tuoi dati<\/a>\u201d. Per avvalerti di altri diritti, fai riferimento a <a href=\"https:\/\/www.criteo.com\/it\/privacy\/your-rights\/\">Conoscere i miei diritti<\/a>.<\/p>\n<p style=\"padding-left: 40px;\"><\/div>\n    <\/div><\/p>\n<\/div>\n<p>Se desideri estendere la tua scelta a browser installati su questo dispositivo o ad altri dispositivi, ti invitiamo a ripetere l\u2019operazione per ciascuno di essi. Per facilitare questa operazione, puoi:<\/p>\n<ul>\n<li>Copiare il seguente URL e incollarlo in un browser per estendere ad esso la tua scelta: <a href=\"https:\/\/www.criteo.com\/it\/privacy\/disable-criteo-services-on-internet-browsers\/\">https:\/\/www.criteo.com\/it\/privacy\/disable-criteo-services-on-internet-browsers\/<\/a><\/li>\n<li>Oppure catturare il seguente codice QR con il tuo dispositivo e aprire il link a cui si riferisce con un altro browser per estendere la tua scelta ad esso:<br \/>\n<img decoding=\"async\" style=\"max-width:90%;\" src=\"https:\/\/quickchart.io\/chart?cht=qr&chs=300x300&chl=https:\/\/www.criteo.com\/it\/privacy\/disable-criteo-services-on-internet-browsers\/\"><\/li>\n<\/ul>\n<p>&nbsp;<\/p>\n<h4>Quando cambier\u00e0?<\/h4>\n<p>Criteo interromper\u00e0 la visualizzazione di annunci il pi\u00f9 presto possibile e al pi\u00f9 tardi dopo un periodo massimo di 24 ore.<\/p>\n<p>Nota: potrebbero essere necessarie fino a cinque settimane per trattare la tua richiesta su Facebook dal momento che si tratta di un ambiente distinto, su cui non abbiamo nessun controllo. Se desideri interrompere immediatamente la visualizzazione dei tuoi annunci sul tuo account Facebook ti invitiamo a modificare le impostazioni, facendo clic qui:\u00a0<a href=\"https:\/\/www.facebook.com\/settings\/?tab=ads\">Impostazioni Facebook<\/a>.<\/p>\n<p>&nbsp;<\/p>\n<h4>La modifica \u00e8 permanente?<\/h4>\n<p>Se modifichi le impostazioni del tuo dispositivo o se aggiorni il sistema operativo del tuo dispositivo, potremmo non essere pi\u00f9 in grado di ricordare la tua scelta.\u00a0In tal caso, ti invitiamo semplicemente di ripetere l\u2019operazione.<\/p>\n<p>&nbsp;<\/p>\n<p>Ti ricordiamo anche che alcune applicazioni del mobile possono utilizzare (o dipendere da) un\u2019applicazione tecnica chiamata \u201cwebview\u201d o \u201cvisualizzazione Web\u201d, che consente allo sviluppatore di app di visualizzare applicazioni web direttamente nella loro applicazione evitando che essa apra il tuo solito browser. Un webview pu\u00f2 essere indipendente sia dal tuo solito browser sia dall\u2019ambiente dell\u2019applicazione mobile. Perci\u00f2, raccomandiamo di ritirare il consenso anche da questo ambiente specifico, se non desideri ricevere annunci per Criteo.<\/p>\n","protected":false},"excerpt":{"rendered":"<p>Le informazioni di seguito spiegano come disabilitare i servizi Criteo sulle applicazioni mobile. Fai clic\u00a0qui\u00a0se desideri sapere come disabilitare i servizi Criteo sui browser Internet. Per revocare il tuo consenso ai servizi di Criteo, \u00e8 sufficiente impostare il tuo dispositivo come segue: Con Android (versione 2.3 e superiore) Reimposta l\u2019ID pubblicitario sul tuo dispositivo: per [&hellip;]<\/p>\n","protected":false},"author":55,"featured_media":0,"parent":10688,"menu_order":0,"comment_status":"closed","ping_status":"closed","template":"page-templates\/basic.php","meta":{"_acf_changed":false,"footnotes":""},"coauthors":[],"class_list":["post-10706","page","type-page","status-publish"],"acf":{"layout_mode":"privacy-2019","has_more_content":false,"storetail_optout":false,"stae_popup_enable":false,"track_page_in_segment":false,"segment_page_name":"","additional_code":"","toc_order":"2","bevel":"peach-grapes","bevel_reversed":false,"side_text":""},"yoast_head":"<!-- This site is optimized with the Yoast SEO plugin v26.4 - https:\/\/yoast.com\/wordpress\/plugins\/seo\/ -->\n<title>Disabilita i servizi Criteo sulle applicazioni mobile | IT - Criteo<\/title>\n<meta name=\"description\" content=\"The information below explain how to disable Criteo services on mobile applications. Click here if you want to know how to disable Criteo services on Internet browsers.\" \/>\n<meta name=\"robots\" content=\"index, follow, max-snippet:-1, max-image-preview:large, max-video-preview:-1\" \/>\n<link rel=\"canonical\" href=\"https:\/\/www.criteo.com\/it\/privacy\/disable-criteo-services-on-mobile-applications\/\" \/>\n<meta property=\"og:locale\" content=\"it_IT\" \/>\n<meta property=\"og:type\" content=\"article\" \/>\n<meta property=\"og:title\" content=\"Disabilita i servizi Criteo sulle applicazioni mobile | IT - Criteo\" \/>\n<meta property=\"og:description\" content=\"The information below explain how to disable Criteo services on mobile applications. Click here if you want to know how to disable Criteo services on Internet browsers.\" \/>\n<meta property=\"og:url\" content=\"https:\/\/www.criteo.com\/it\/privacy\/disable-criteo-services-on-mobile-applications\/\" \/>\n<meta property=\"og:site_name\" content=\"IT - Criteo\" \/>\n<meta property=\"article:modified_time\" content=\"2022-11-23T17:59:15+00:00\" \/>\n<meta name=\"twitter:card\" content=\"summary_large_image\" \/>\n<meta name=\"twitter:label1\" content=\"Est. reading time\" \/>\n\t<meta name=\"twitter:data1\" content=\"3 minutes\" \/>\n<script type=\"application\/ld+json\" class=\"yoast-schema-graph\">{\n\t    \"@context\": \"https:\/\/schema.org\",\n\t    \"@graph\": [\n\t        {\n\t            \"@type\": \"WebPage\",\n\t            \"@id\": \"https:\/\/www.criteo.com\/it\/privacy\/disable-criteo-services-on-mobile-applications\/\",\n\t            \"url\": \"https:\/\/www.criteo.com\/it\/privacy\/disable-criteo-services-on-mobile-applications\/\",\n\t            \"name\": \"Disabilita i servizi Criteo sulle applicazioni mobile | IT - Criteo\",\n\t            \"isPartOf\": {\n\t                \"@id\": \"https:\/\/www.criteo.com\/it\/#website\"\n\t            },\n\t            \"datePublished\": \"2020-04-20T20:25:22+00:00\",\n\t            \"dateModified\": \"2022-11-23T17:59:15+00:00\",\n\t            \"description\": \"The information below explain how to disable Criteo services on mobile applications. Click here if you want to know how to disable Criteo services on Internet browsers.\",\n\t            \"breadcrumb\": {\n\t                \"@id\": \"https:\/\/www.criteo.com\/it\/privacy\/disable-criteo-services-on-mobile-applications\/#breadcrumb\"\n\t            },\n\t            \"inLanguage\": \"it-IT\",\n\t            \"potentialAction\": [\n\t                {\n\t                    \"@type\": \"ReadAction\",\n\t                    \"target\": [\n\t                        \"https:\/\/www.criteo.com\/it\/privacy\/disable-criteo-services-on-mobile-applications\/\"\n\t                    ]\n\t                }\n\t            ]\n\t        },\n\t        {\n\t            \"@type\": \"BreadcrumbList\",\n\t            \"@id\": \"https:\/\/www.criteo.com\/it\/privacy\/disable-criteo-services-on-mobile-applications\/#breadcrumb\",\n\t            \"itemListElement\": [\n\t                {\n\t                    \"@type\": \"ListItem\",\n\t                    \"position\": 1,\n\t                    \"name\": \"Home\",\n\t                    \"item\": \"https:\/\/www.criteo.com\/it\/\"\n\t                },\n\t                {\n\t                    \"@type\": \"ListItem\",\n\t                    \"position\": 2,\n\t                    \"name\": \"Politica sulla privacy\",\n\t                    \"item\": \"https:\/\/www.criteo.com\/it\/privacy\/\"\n\t                },\n\t                {\n\t                    \"@type\": \"ListItem\",\n\t                    \"position\": 3,\n\t                    \"name\": \"Disabilita i servizi Criteo sulle applicazioni mobile\"\n\t                }\n\t            ]\n\t        },\n\t        {\n\t            \"@type\": \"WebSite\",\n\t            \"@id\": \"https:\/\/www.criteo.com\/it\/#website\",\n\t            \"url\": \"https:\/\/www.criteo.com\/it\/\",\n\t            \"name\": \"IT - Criteo\",\n\t            \"description\": \"\",\n\t            \"publisher\": {\n\t                \"@id\": \"https:\/\/www.criteo.com\/it\/#organization\"\n\t            },\n\t            \"potentialAction\": [\n\t                {\n\t                    \"@type\": \"SearchAction\",\n\t                    \"target\": {\n\t                        \"@type\": \"EntryPoint\",\n\t                        \"urlTemplate\": \"https:\/\/www.criteo.com\/it\/?s={search_term_string}\"\n\t                    },\n\t                    \"query-input\": {\n\t                        \"@type\": \"PropertyValueSpecification\",\n\t                        \"valueRequired\": true,\n\t                        \"valueName\": \"search_term_string\"\n\t                    }\n\t                }\n\t            ],\n\t            \"inLanguage\": \"it-IT\"\n\t        },\n\t        {\n\t            \"@type\": \"Organization\",\n\t            \"@id\": \"https:\/\/www.criteo.com\/it\/#organization\",\n\t            \"name\": \"Criteo\",\n\t            \"alternateName\": \"Criteo corp\",\n\t            \"url\": \"https:\/\/www.criteo.com\/it\/\",\n\t            \"logo\": {\n\t                \"@type\": \"ImageObject\",\n\t                \"inLanguage\": \"it-IT\",\n\t                \"@id\": \"https:\/\/www.criteo.com\/it\/#\/schema\/logo\/image\/\",\n\t                \"url\": \"https:\/\/www.criteo.com\/it\/wp-content\/uploads\/sites\/9\/2024\/02\/Criteo-Logo.svg\",\n\t                \"contentUrl\": \"https:\/\/www.criteo.com\/it\/wp-content\/uploads\/sites\/9\/2024\/02\/Criteo-Logo.svg\",\n\t                \"width\": 118,\n\t                \"height\": 24,\n\t                \"caption\": \"Criteo\"\n\t            },\n\t            \"image\": {\n\t                \"@id\": \"https:\/\/www.criteo.com\/it\/#\/schema\/logo\/image\/\"\n\t            }\n\t        }\n\t    ]\n\t}<\/script>\n<!-- \/ Yoast SEO plugin. -->","yoast_head_json":{"title":"Disabilita i servizi Criteo sulle applicazioni mobile | IT - Criteo","description":"The information below explain how to disable Criteo services on mobile applications. Click here if you want to know how to disable Criteo services on Internet browsers.","robots":{"index":"index","follow":"follow","max-snippet":"max-snippet:-1","max-image-preview":"max-image-preview:large","max-video-preview":"max-video-preview:-1"},"canonical":"https:\/\/www.criteo.com\/it\/privacy\/disable-criteo-services-on-mobile-applications\/","og_locale":"it_IT","og_type":"article","og_title":"Disabilita i servizi Criteo sulle applicazioni mobile | IT - Criteo","og_description":"The information below explain how to disable Criteo services on mobile applications. Click here if you want to know how to disable Criteo services on Internet browsers.","og_url":"https:\/\/www.criteo.com\/it\/privacy\/disable-criteo-services-on-mobile-applications\/","og_site_name":"IT - Criteo","article_modified_time":"2022-11-23T17:59:15+00:00","twitter_card":"summary_large_image","twitter_misc":{"Est. reading time":"3 minutes"},"schema":{"@context":"https:\/\/schema.org","@graph":[{"@type":"WebPage","@id":"https:\/\/www.criteo.com\/it\/privacy\/disable-criteo-services-on-mobile-applications\/","url":"https:\/\/www.criteo.com\/it\/privacy\/disable-criteo-services-on-mobile-applications\/","name":"Disabilita i servizi Criteo sulle applicazioni mobile | IT - Criteo","isPartOf":{"@id":"https:\/\/www.criteo.com\/it\/#website"},"datePublished":"2020-04-20T20:25:22+00:00","dateModified":"2022-11-23T17:59:15+00:00","description":"The information below explain how to disable Criteo services on mobile applications. Click here if you want to know how to disable Criteo services on Internet browsers.","breadcrumb":{"@id":"https:\/\/www.criteo.com\/it\/privacy\/disable-criteo-services-on-mobile-applications\/#breadcrumb"},"inLanguage":"it-IT","potentialAction":[{"@type":"ReadAction","target":["https:\/\/www.criteo.com\/it\/privacy\/disable-criteo-services-on-mobile-applications\/"]}]},{"@type":"BreadcrumbList","@id":"https:\/\/www.criteo.com\/it\/privacy\/disable-criteo-services-on-mobile-applications\/#breadcrumb","itemListElement":[{"@type":"ListItem","position":1,"name":"Home","item":"https:\/\/www.criteo.com\/it\/"},{"@type":"ListItem","position":2,"name":"Politica sulla privacy","item":"https:\/\/www.criteo.com\/it\/privacy\/"},{"@type":"ListItem","position":3,"name":"Disabilita i servizi Criteo sulle applicazioni mobile"}]},{"@type":"WebSite","@id":"https:\/\/www.criteo.com\/it\/#website","url":"https:\/\/www.criteo.com\/it\/","name":"IT - Criteo","description":"","publisher":{"@id":"https:\/\/www.criteo.com\/it\/#organization"},"potentialAction":[{"@type":"SearchAction","target":{"@type":"EntryPoint","urlTemplate":"https:\/\/www.criteo.com\/it\/?s={search_term_string}"},"query-input":{"@type":"PropertyValueSpecification","valueRequired":true,"valueName":"search_term_string"}}],"inLanguage":"it-IT"},{"@type":"Organization","@id":"https:\/\/www.criteo.com\/it\/#organization","name":"Criteo","alternateName":"Criteo corp","url":"https:\/\/www.criteo.com\/it\/","logo":{"@type":"ImageObject","inLanguage":"it-IT","@id":"https:\/\/www.criteo.com\/it\/#\/schema\/logo\/image\/","url":"https:\/\/www.criteo.com\/it\/wp-content\/uploads\/sites\/9\/2024\/02\/Criteo-Logo.svg","contentUrl":"https:\/\/www.criteo.com\/it\/wp-content\/uploads\/sites\/9\/2024\/02\/Criteo-Logo.svg","width":118,"height":24,"caption":"Criteo"},"image":{"@id":"https:\/\/www.criteo.com\/it\/#\/schema\/logo\/image\/"}}]}},"_links":{"self":[{"href":"https:\/\/www.criteo.com\/it\/wp-json\/wp\/v2\/pages\/10706","targetHints":{"allow":["GET"]}}],"collection":[{"href":"https:\/\/www.criteo.com\/it\/wp-json\/wp\/v2\/pages"}],"about":[{"href":"https:\/\/www.criteo.com\/it\/wp-json\/wp\/v2\/types\/page"}],"author":[{"embeddable":true,"href":"https:\/\/www.criteo.com\/it\/wp-json\/wp\/v2\/users\/55"}],"replies":[{"embeddable":true,"href":"https:\/\/www.criteo.com\/it\/wp-json\/wp\/v2\/comments?post=10706"}],"version-history":[{"count":6,"href":"https:\/\/www.criteo.com\/it\/wp-json\/wp\/v2\/pages\/10706\/revisions"}],"predecessor-version":[{"id":17394,"href":"https:\/\/www.criteo.com\/it\/wp-json\/wp\/v2\/pages\/10706\/revisions\/17394"}],"up":[{"embeddable":true,"href":"https:\/\/www.criteo.com\/it\/wp-json\/wp\/v2\/pages\/10688"}],"wp:attachment":[{"href":"https:\/\/www.criteo.com\/it\/wp-json\/wp\/v2\/media?parent=10706"}],"wp:term":[{"taxonomy":"author","embeddable":true,"href":"https:\/\/www.criteo.com\/it\/wp-json\/wp\/v2\/coauthors?post=10706"}],"curies":[{"name":"wp","href":"https:\/\/api.w.org\/{rel}","templated":true}]}}