{"id":10721,"date":"2025-12-12T12:56:36","date_gmt":"2025-12-12T12:56:36","guid":{"rendered":"http:\/\/www.criteo.com\/it\/ccpa-privacy-policy\/"},"modified":"2026-04-08T17:40:34","modified_gmt":"2026-04-08T15:40:34","slug":"ccpa-privacy-policy","status":"publish","type":"page","link":"https:\/\/www.criteo.com\/it\/privacy\/ccpa-privacy-policy\/","title":{"rendered":"Politica sulla privacy CCPA"},"content":{"rendered":"<p>Si noti che il contenuto di questa politica sulla privacy, che ha il solo obiettivo di fornire ai residenti della California informazioni correlate al California Consumer Protection Act (CCPA), deve essere interpretato in aggiunta alla Politica sulla privacy di Criteo, disponibile\u00a0<a href=\"https:\/\/www.criteo.com\/privacy\/\">qui<\/a>, e non in sostituzione della stessa.<\/p>\n<p>Se risiedi in California, il CCPA ti concede diversi diritti; per esercitare tali diritti rivolgiti a un avvocato.<\/p>\n<p>&nbsp;<\/p>\n<h3>Diritto alla conoscenza<\/h3>\n<p>Hai il diritto di conoscere e chiederci quali informazioni personali raccogliamo, utilizziamo, condividiamo o vendiamo.<\/p>\n<p>Per avere una copia delle informazioni personali che attualmente potremmo conservare su di te, inviaci una email all\u2019indirizzo\u00a0<a href=\"mailto:dpo@criteo.com\">dpo@criteo.com<\/a>.<\/p>\n<p>&nbsp;<\/p>\n<h3>Diritto di cancellazione<\/h3>\n<p>Hai il diritto di chiedere a Criteo la cancellazione delle informazioni personali che attualmente abbiamo su di te.<\/p>\n<p>Per esercitare tale diritto, compila il nostro modulo di contatto <a href=\"#\" data-toggle=\"modal\" data-target=\"#optoutModal\">qui<\/a>.<\/p>\n<p>&nbsp;<\/p>\n<h3>Diritto alla correzione<\/h3>\n<p>Hai il diritto di richiedere a Criteo di correggere qualsiasi tuo dato personale errato.<\/p>\n<p>Per esercitare tale diritto, compila il nostro modulo di contatto <a href=\"#\" data-toggle=\"modal\" data-target=\"#optoutModal\">qui<\/a>.<\/p>\n<p>&nbsp;<\/p>\n<h3>Diritto di rinuncia alla &#8220;vendita&#8221; o &#8220;condivisione&#8221; di informazioni personali<\/h3>\n<p>Se risiedi in California, il CCPA ti consente di richiedere a Criteo che non &#8220;venda&#8221; o &#8220;condivida&#8221; i tuoi dati personali.<\/p>\n<p>Per rinunciare a tale &#8220;vendita&#8221; o &#8220;condivisione&#8221; e in generale disattivare tutti i servizi di Criteo, segui le istruzioni disponibili cliccando il pulsante qui sotto:<\/p>\n<div class=\"\"><a id=\"\" href=\"https:\/\/www.criteo.com\/it\/privacy\/disable-criteo-services-on-internet-browsers\/\">\n<button class=\"button button__orange-bg shortcode-btn\">\n<span>Disabilita i servizi Criteo<\/span>\n<\/button>\n<\/a><\/div>\n<p>&nbsp;<\/p>\n<p>&nbsp;<\/p>\n<h3>Diritto alla non discriminazione per l\u2019esercizio dei diritti alla privacy del consumatore<\/h3>\n<p>Hai il diritto di non subire trattamenti discriminatori in relazione all\u2019esercizio dei diritti alla privacy conferiti dal CCPA.<\/p>\n<p><strong>Quali informazioni personali raccogliamo e con quale finalit\u00e0<\/strong><\/p>\n<p>Criteo acquisisce le seguenti categorie di informazioni personali allo scopo di visualizzare annunci personalizzati:<\/p>\n<ul>\n<li>Identificatori (ad es. ID di cookie, ID pubblicitari mobile, indirizzi e-mail criptati, indirizzi IP, agente utente, ecc.)<\/li>\n<li>Informazioni relative all&#8217;attivit\u00e0 su Internet o su altri network elettronici:\n<ul>\n<li>Cronologia di navigazione (ad es. URL dei siti web visitati, nome delle app aperte)<\/li>\n<li>Interazioni con un sito Internet, un\u2019applicazione mobile o un annuncio (ad es. annunci visti, cliccati, ecc.)<\/li>\n<\/ul>\n<\/li>\n<li>Informazioni commerciali, inclusi registri di prodotti o servizi acquistati, ottenuti o presi in considerazione (ad es. prodotti visti, messi nel carrello, acquistati)<\/li>\n<\/ul>\n<p>Negli ultimi dodici (12) mesi abbiamo condiviso e\/o venduto le categorie di informazioni personali sopracitate con\/a categorie di terzi descritte al punto &#8220;Le categorie di destinatari dei tuoi dati&#8221; della sezione <a href=\"https:\/\/www.criteo.com\/privacy\/how-we-use-your-data\/\">Come utilizziamo i tuoi dati<\/a>, il tutto con la finalit\u00e0 commerciale di erogare pubblicit\u00e0 comportamentale in diversi contesti.<\/p>\n<p>Acquisiamo dati soprattutto per fornire servizi di marketing, pubblicit\u00e0 (ad es. pubblicit\u00e0 comportamentale in diversi contesti) e analisi. Utilizziamo inoltre i dati raccolti con finalit\u00e0 di:<\/p>\n<ul>\n<li>Auditing: conteggio delle impression degli annunci e verifica della qualit\u00e0 attraverso ID univoci;<\/li>\n<li>Debugging: correzione di errori per mantenere in funzionamento i servizi;<\/li>\n<li>Sicurezza: rilevamento di rischi e protezione dagli stessi;<\/li>\n<li>Ricerca e sviluppo: studio per sviluppare tecnologie e migliorare le prestazioni dei servizi;<\/li>\n<li>Qualit\u00e0 e sicurezza: miglioramento del livello qualitativo e di sicurezza dei nostri servizi.<\/li>\n<\/ul>\n<p>Trasmettiamo dati personali per finalit\u00e0 commerciali come spiegato in precedenza. Le categorie di informazioni personali sono trasmesse alle categorie di terzi descritte al punto &#8220;Le categorie di destinatari dei tuoi dati&#8221; della sezione <a href=\"https:\/\/www.criteo.com\/privacy\/how-we-use-your-data\/\">Come utilizziamo i tuoi dati<\/a> o condivise con le stesse.<\/p>\n<p>Per saperne di pi\u00f9 su categorie di informazioni personali che acquisiamo, categorie di fonti da cui vengono raccolte le informazioni personali e categorie di terze parti con cui possiamo condividere le informazioni personali, fai riferimento alla sezione\u00a0<a href=\"https:\/\/www.criteo.com\/privacy\/how-we-use-your-data\/\">Come utilizziamo i tuoi dati<\/a>. La tabella spiega quali sono le nostre pratiche di oggi e degli ultimi 12 mesi.<\/p>\n<p>In conformit\u00e0 alle nostre\u00a0<a href=\"https:\/\/www.criteo.com\/advertising-guidelines\/\">Linee guida sulla pubblicit\u00e0<\/a>\u00a0e\u00a0<a href=\"https:\/\/www.criteo.com\/supply-partner-guidelines\/\">Linee guida per i fornitori<\/a>, non acquisiamo consapevolmente informazioni personali di minori di et\u00e0\u00a0inferiore ai 16 anni.<\/p>\n<p><strong>Informazioni di contatto<\/strong><\/p>\n<p>Puoi contattare la nostra autorit\u00e0 responsabile per la protezione dei dati (RPD):<\/p>\n<ul>\n<li>Via email a\u00a0<a href=\"mailto:dpo@criteo.com\">dpo@criteo.com<\/a>,<\/li>\n<li>Per posta ordinaria all&#8217;indirizzo DPO-CRITEO \u2013 32 Rue Blanche -75009 Parigi \u2013 Francia<\/li>\n<\/ul>\n<p>&nbsp;<\/p>\n<p>Ultimo aggiornamento: 18\/03\/25<\/p>\n","protected":false},"excerpt":{"rendered":"<p>Si noti che il contenuto di questa politica sulla privacy, che ha il solo obiettivo di fornire ai residenti della California informazioni correlate al California Consumer Protection Act (CCPA), deve essere interpretato in aggiunta alla Politica sulla privacy di Criteo, disponibile\u00a0qui, e non in sostituzione della stessa. Se risiedi in California, il CCPA ti concede [&hellip;]<\/p>\n","protected":false},"author":55,"featured_media":0,"parent":10688,"menu_order":0,"comment_status":"closed","ping_status":"closed","template":"page-templates\/basic.php","meta":{"_acf_changed":false,"footnotes":""},"coauthors":[458],"class_list":["post-10721","page","type-page","status-publish"],"acf":{"layout_mode":"privacy-2019","has_more_content":false,"storetail_optout":false,"stae_popup_enable":false,"track_page_in_segment":false,"segment_page_name":"","additional_code":"","toc_order":"8","bevel":"peach-grapes","bevel_reversed":false,"side_text":"","enable_slide-in":false},"yoast_head":"<!-- This site is optimized with the Yoast SEO plugin v26.4 - https:\/\/yoast.com\/wordpress\/plugins\/seo\/ -->\n<title>Politica sulla privacy CCPA | IT - Criteo<\/title>\n<meta name=\"robots\" content=\"index, follow, max-snippet:-1, max-image-preview:large, max-video-preview:-1\" \/>\n<link rel=\"canonical\" href=\"https:\/\/www.criteo.com\/it\/privacy\/ccpa-privacy-policy\/\" \/>\n<meta property=\"og:locale\" content=\"it_IT\" \/>\n<meta property=\"og:type\" content=\"article\" \/>\n<meta property=\"og:title\" content=\"Politica sulla privacy CCPA | IT - Criteo\" \/>\n<meta property=\"og:description\" content=\"Si noti che il contenuto di questa politica sulla privacy, che ha il solo obiettivo di fornire ai residenti della California informazioni correlate al California Consumer Protection Act (CCPA), deve essere interpretato in aggiunta alla Politica sulla privacy di Criteo, disponibile\u00a0qui, e non in sostituzione della stessa. Se risiedi in California, il CCPA ti concede [&hellip;]\" \/>\n<meta property=\"og:url\" content=\"https:\/\/www.criteo.com\/it\/privacy\/ccpa-privacy-policy\/\" \/>\n<meta property=\"og:site_name\" content=\"IT - Criteo\" \/>\n<meta property=\"article:modified_time\" content=\"2026-04-08T15:40:34+00:00\" \/>\n<meta name=\"twitter:card\" content=\"summary_large_image\" \/>\n<meta name=\"twitter:label1\" content=\"Est. reading time\" \/>\n\t<meta name=\"twitter:data1\" content=\"4 minutes\" \/>\n<script type=\"application\/ld+json\" class=\"yoast-schema-graph\">{\n\t    \"@context\": \"https:\/\/schema.org\",\n\t    \"@graph\": [\n\t        {\n\t            \"@type\": \"WebPage\",\n\t            \"@id\": \"https:\/\/www.criteo.com\/it\/privacy\/ccpa-privacy-policy\/\",\n\t            \"url\": \"https:\/\/www.criteo.com\/it\/privacy\/ccpa-privacy-policy\/\",\n\t            \"name\": \"Politica sulla privacy CCPA | IT - Criteo\",\n\t            \"isPartOf\": {\n\t                \"@id\": \"https:\/\/www.criteo.com\/it\/#website\"\n\t            },\n\t            \"datePublished\": \"2025-12-12T12:56:36+00:00\",\n\t            \"dateModified\": \"2026-04-08T15:40:34+00:00\",\n\t            \"breadcrumb\": {\n\t                \"@id\": \"https:\/\/www.criteo.com\/it\/privacy\/ccpa-privacy-policy\/#breadcrumb\"\n\t            },\n\t            \"inLanguage\": \"it-IT\",\n\t            \"potentialAction\": [\n\t                {\n\t                    \"@type\": \"ReadAction\",\n\t                    \"target\": [\n\t                        \"https:\/\/www.criteo.com\/it\/privacy\/ccpa-privacy-policy\/\"\n\t                    ]\n\t                }\n\t            ]\n\t        },\n\t        {\n\t            \"@type\": \"BreadcrumbList\",\n\t            \"@id\": \"https:\/\/www.criteo.com\/it\/privacy\/ccpa-privacy-policy\/#breadcrumb\",\n\t            \"itemListElement\": [\n\t                {\n\t                    \"@type\": \"ListItem\",\n\t                    \"position\": 1,\n\t                    \"name\": \"Home\",\n\t                    \"item\": \"https:\/\/www.criteo.com\/it\/\"\n\t                },\n\t                {\n\t                    \"@type\": \"ListItem\",\n\t                    \"position\": 2,\n\t                    \"name\": \"Politica sulla privacy\",\n\t                    \"item\": \"https:\/\/www.criteo.com\/it\/privacy\/\"\n\t                },\n\t                {\n\t                    \"@type\": \"ListItem\",\n\t                    \"position\": 3,\n\t                    \"name\": \"Politica sulla privacy CCPA\"\n\t                }\n\t            ]\n\t        },\n\t        {\n\t            \"@type\": \"WebSite\",\n\t            \"@id\": \"https:\/\/www.criteo.com\/it\/#website\",\n\t            \"url\": \"https:\/\/www.criteo.com\/it\/\",\n\t            \"name\": \"IT - Criteo\",\n\t            \"description\": \"\",\n\t            \"publisher\": {\n\t                \"@id\": \"https:\/\/www.criteo.com\/it\/#organization\"\n\t            },\n\t            \"potentialAction\": [\n\t                {\n\t                    \"@type\": \"SearchAction\",\n\t                    \"target\": {\n\t                        \"@type\": \"EntryPoint\",\n\t                        \"urlTemplate\": \"https:\/\/www.criteo.com\/it\/?s={search_term_string}\"\n\t                    },\n\t                    \"query-input\": {\n\t                        \"@type\": \"PropertyValueSpecification\",\n\t                        \"valueRequired\": true,\n\t                        \"valueName\": \"search_term_string\"\n\t                    }\n\t                }\n\t            ],\n\t            \"inLanguage\": \"it-IT\"\n\t        },\n\t        {\n\t            \"@type\": \"Organization\",\n\t            \"@id\": \"https:\/\/www.criteo.com\/it\/#organization\",\n\t            \"name\": \"Criteo\",\n\t            \"alternateName\": \"Criteo corp\",\n\t            \"url\": \"https:\/\/www.criteo.com\/it\/\",\n\t            \"logo\": {\n\t                \"@type\": \"ImageObject\",\n\t                \"inLanguage\": \"it-IT\",\n\t                \"@id\": \"https:\/\/www.criteo.com\/it\/#\/schema\/logo\/image\/\",\n\t                \"url\": \"https:\/\/www.criteo.com\/it\/wp-content\/uploads\/sites\/9\/2024\/02\/Criteo-Logo.svg\",\n\t                \"contentUrl\": \"https:\/\/www.criteo.com\/it\/wp-content\/uploads\/sites\/9\/2024\/02\/Criteo-Logo.svg\",\n\t                \"width\": 118,\n\t                \"height\": 24,\n\t                \"caption\": \"Criteo\"\n\t            },\n\t            \"image\": {\n\t                \"@id\": \"https:\/\/www.criteo.com\/it\/#\/schema\/logo\/image\/\"\n\t            }\n\t        }\n\t    ]\n\t}<\/script>\n<!-- \/ Yoast SEO plugin. -->","yoast_head_json":{"title":"Politica sulla privacy CCPA | IT - Criteo","robots":{"index":"index","follow":"follow","max-snippet":"max-snippet:-1","max-image-preview":"max-image-preview:large","max-video-preview":"max-video-preview:-1"},"canonical":"https:\/\/www.criteo.com\/it\/privacy\/ccpa-privacy-policy\/","og_locale":"it_IT","og_type":"article","og_title":"Politica sulla privacy CCPA | IT - Criteo","og_description":"Si noti che il contenuto di questa politica sulla privacy, che ha il solo obiettivo di fornire ai residenti della California informazioni correlate al California Consumer Protection Act (CCPA), deve essere interpretato in aggiunta alla Politica sulla privacy di Criteo, disponibile\u00a0qui, e non in sostituzione della stessa. Se risiedi in California, il CCPA ti concede [&hellip;]","og_url":"https:\/\/www.criteo.com\/it\/privacy\/ccpa-privacy-policy\/","og_site_name":"IT - Criteo","article_modified_time":"2026-04-08T15:40:34+00:00","twitter_card":"summary_large_image","twitter_misc":{"Est. reading time":"4 minutes"},"schema":{"@context":"https:\/\/schema.org","@graph":[{"@type":"WebPage","@id":"https:\/\/www.criteo.com\/it\/privacy\/ccpa-privacy-policy\/","url":"https:\/\/www.criteo.com\/it\/privacy\/ccpa-privacy-policy\/","name":"Politica sulla privacy CCPA | IT - Criteo","isPartOf":{"@id":"https:\/\/www.criteo.com\/it\/#website"},"datePublished":"2025-12-12T12:56:36+00:00","dateModified":"2026-04-08T15:40:34+00:00","breadcrumb":{"@id":"https:\/\/www.criteo.com\/it\/privacy\/ccpa-privacy-policy\/#breadcrumb"},"inLanguage":"it-IT","potentialAction":[{"@type":"ReadAction","target":["https:\/\/www.criteo.com\/it\/privacy\/ccpa-privacy-policy\/"]}]},{"@type":"BreadcrumbList","@id":"https:\/\/www.criteo.com\/it\/privacy\/ccpa-privacy-policy\/#breadcrumb","itemListElement":[{"@type":"ListItem","position":1,"name":"Home","item":"https:\/\/www.criteo.com\/it\/"},{"@type":"ListItem","position":2,"name":"Politica sulla privacy","item":"https:\/\/www.criteo.com\/it\/privacy\/"},{"@type":"ListItem","position":3,"name":"Politica sulla privacy CCPA"}]},{"@type":"WebSite","@id":"https:\/\/www.criteo.com\/it\/#website","url":"https:\/\/www.criteo.com\/it\/","name":"IT - Criteo","description":"","publisher":{"@id":"https:\/\/www.criteo.com\/it\/#organization"},"potentialAction":[{"@type":"SearchAction","target":{"@type":"EntryPoint","urlTemplate":"https:\/\/www.criteo.com\/it\/?s={search_term_string}"},"query-input":{"@type":"PropertyValueSpecification","valueRequired":true,"valueName":"search_term_string"}}],"inLanguage":"it-IT"},{"@type":"Organization","@id":"https:\/\/www.criteo.com\/it\/#organization","name":"Criteo","alternateName":"Criteo corp","url":"https:\/\/www.criteo.com\/it\/","logo":{"@type":"ImageObject","inLanguage":"it-IT","@id":"https:\/\/www.criteo.com\/it\/#\/schema\/logo\/image\/","url":"https:\/\/www.criteo.com\/it\/wp-content\/uploads\/sites\/9\/2024\/02\/Criteo-Logo.svg","contentUrl":"https:\/\/www.criteo.com\/it\/wp-content\/uploads\/sites\/9\/2024\/02\/Criteo-Logo.svg","width":118,"height":24,"caption":"Criteo"},"image":{"@id":"https:\/\/www.criteo.com\/it\/#\/schema\/logo\/image\/"}}]}},"_links":{"self":[{"href":"https:\/\/www.criteo.com\/it\/wp-json\/wp\/v2\/pages\/10721","targetHints":{"allow":["GET"]}}],"collection":[{"href":"https:\/\/www.criteo.com\/it\/wp-json\/wp\/v2\/pages"}],"about":[{"href":"https:\/\/www.criteo.com\/it\/wp-json\/wp\/v2\/types\/page"}],"author":[{"embeddable":true,"href":"https:\/\/www.criteo.com\/it\/wp-json\/wp\/v2\/users\/55"}],"replies":[{"embeddable":true,"href":"https:\/\/www.criteo.com\/it\/wp-json\/wp\/v2\/comments?post=10721"}],"version-history":[{"count":11,"href":"https:\/\/www.criteo.com\/it\/wp-json\/wp\/v2\/pages\/10721\/revisions"}],"predecessor-version":[{"id":19735,"href":"https:\/\/www.criteo.com\/it\/wp-json\/wp\/v2\/pages\/10721\/revisions\/19735"}],"up":[{"embeddable":true,"href":"https:\/\/www.criteo.com\/it\/wp-json\/wp\/v2\/pages\/10688"}],"wp:attachment":[{"href":"https:\/\/www.criteo.com\/it\/wp-json\/wp\/v2\/media?parent=10721"}],"wp:term":[{"taxonomy":"author","embeddable":true,"href":"https:\/\/www.criteo.com\/it\/wp-json\/wp\/v2\/coauthors?post=10721"}],"curies":[{"name":"wp","href":"https:\/\/api.w.org\/{rel}","templated":true}]}}