{"id":17249,"date":"2022-10-16T02:31:27","date_gmt":"2022-10-16T02:31:27","guid":{"rendered":"https:\/\/www.criteo.com\/it\/?page_id=17249"},"modified":"2023-02-13T11:04:54","modified_gmt":"2023-02-13T11:04:54","slug":"product-ethics","status":"publish","type":"page","link":"https:\/\/www.criteo.com\/it\/product-ethics\/","title":{"rendered":"L\u2019etica del prodotto"},"content":{"rendered":"","protected":false},"excerpt":{"rendered":"","protected":false},"author":55,"featured_media":0,"parent":0,"menu_order":0,"comment_status":"closed","ping_status":"closed","template":"page-templates\/pageModular2020.php","meta":{"_acf_changed":false,"footnotes":""},"coauthors":[],"class_list":["post-17249","page","type-page","status-publish"],"acf":{"track_page_in_segment":false,"segment_page_name":"","remove_header":false,"add_password_protected_layout":false,"layouts":[{"acf_fc_layout":"anchor_menu","anchor_menu":{"section_customization":{"anchor_id":"","background_type":"image","background_color":{"color":"Sunrise"},"background_gradient":"","background_image":"https:\/\/www.criteo.com\/it\/wp-content\/uploads\/sites\/9\/2022\/06\/Connected-TV-Header-BG.svg","background_image_position":"center-bottom","background_overlay":"none","use_custom_paddings":false,"custom_padding":{"desktop_top":"","desktop_bottom":"","mobile_top":"","mobile_bottom":""},"use_custom_margins":false,"custom_margins":{"desktop_top_margin":"","desktop_bottom_margin":"","mobile_top_margin":"","mobile_bottom_margin":""}},"intro":{"intro":{"show_intro_block":true,"image_as_caption":false,"image":false,"caption":"L\u2019etica del prodotto","caption_is_page_title":true,"title":"Alla guida delle nostre pratiche pubblicitarie","title_size":"h2","description":"<p>Il Comitato di Criteo per l&#8217;etica del prodotto funge da organo centrale e interfunzionale per promuovere una cultura della pubblicit\u00e0 AI-driven etica, responsabile e affidabile in tutte le attivit\u00e0 di Criteo.<\/p>\n","description_font_size":"larger"}},"wider_intro":true,"mobile_left_align":false,"menu":false}},{"acf_fc_layout":"product_details","product_details":{"section_customization":{"anchor_id":"","background_type":"none","background_color":{"color":"Sunrise"},"background_gradient":"","background_image":false,"background_image_position":"center-center","background_overlay":"none","use_custom_paddings":true,"custom_padding":{"desktop_top":"80","desktop_bottom":"80","mobile_top":"","mobile_bottom":""},"use_custom_margins":false,"custom_margins":{"desktop_top_margin":"","desktop_bottom_margin":"","mobile_top_margin":"","mobile_bottom_margin":""}},"intro":{"intro":{"show_intro_block":false,"image_as_caption":false,"image":false,"caption":"","caption_is_page_title":false,"title":"Our approach to Product Ethics","title_size":"h4","description":"<p>As a global commerce media company that enables marketers and media owners to drive better commerce outcomes, Criteo aims to embed an ethical approach at each stage of its product development and supply chain.<\/p>\n","description_font_size":"default"}},"row_nums":"multiple","intro_inside_a_column":false,"switch_columns":false,"use_wider_layout":false,"use_wider_intro":false,"add_additional_boxes_below":false,"add_three_stats_above":false,"top_align_columns":true,"uo_list_style_discs":false,"":null,"stats":false,"media_type":"image","image":false,"background_wave":false,"video_iframe_url":"","icon":false,"subtitle":"","description":"","link_list":false,"stack_links":false,"block_links":false,"cta_button":{"type":"internal","text":"","link_internal":null,"link_media":false,"link_external":"","link_embed":"","link_email":"","email_subject":"","page_element_id":"","variant":"default","ai_variant":"gradient-border","icon":"none","ai_icon":"none","new_window":[],"track_button":false,"button_location":false,"event_type":false,"button_classes":"","button_message":""},"product_detail_rows":[{"media_type":"image","image":{"ID":17250,"id":17250,"title":"Ethics-Webpage-Image-01","filename":"Ethics-Webpage-Image-01.svg","filesize":554675,"url":"https:\/\/www.criteo.com\/it\/wp-content\/uploads\/sites\/9\/2022\/10\/Ethics-Webpage-Image-01.svg","link":"https:\/\/www.criteo.com\/it\/product-ethics\/ethics-webpage-image-01\/","alt":"","author":"55","description":"","caption":"","name":"ethics-webpage-image-01","status":"inherit","uploaded_to":17249,"date":"2022-10-14 14:55:13","modified":"2022-10-14 14:55:13","menu_order":0,"mime_type":"image\/svg+xml","type":"image","subtype":"svg+xml","icon":"https:\/\/www.criteo.com\/it\/wp-includes\/images\/media\/default.png","width":432,"height":397,"sizes":{"thumbnail":"https:\/\/www.criteo.com\/it\/wp-content\/uploads\/sites\/9\/2022\/10\/Ethics-Webpage-Image-01.svg","thumbnail-width":432,"thumbnail-height":397,"medium":"https:\/\/www.criteo.com\/it\/wp-content\/uploads\/sites\/9\/2022\/10\/Ethics-Webpage-Image-01.svg","medium-width":432,"medium-height":397,"medium_large":"https:\/\/www.criteo.com\/it\/wp-content\/uploads\/sites\/9\/2022\/10\/Ethics-Webpage-Image-01.svg","medium_large-width":432,"medium_large-height":397,"large":"https:\/\/www.criteo.com\/it\/wp-content\/uploads\/sites\/9\/2022\/10\/Ethics-Webpage-Image-01.svg","large-width":432,"large-height":397,"1536x1536":"https:\/\/www.criteo.com\/it\/wp-content\/uploads\/sites\/9\/2022\/10\/Ethics-Webpage-Image-01.svg","1536x1536-width":432,"1536x1536-height":397,"2048x2048":"https:\/\/www.criteo.com\/it\/wp-content\/uploads\/sites\/9\/2022\/10\/Ethics-Webpage-Image-01.svg","2048x2048-width":432,"2048x2048-height":397,"success-story":"https:\/\/www.criteo.com\/it\/wp-content\/uploads\/sites\/9\/2022\/10\/Ethics-Webpage-Image-01.svg","success-story-width":432,"success-story-height":397,"profile_24":"https:\/\/www.criteo.com\/it\/wp-content\/uploads\/sites\/9\/2022\/10\/Ethics-Webpage-Image-01.svg","profile_24-width":432,"profile_24-height":397,"profile_48":"https:\/\/www.criteo.com\/it\/wp-content\/uploads\/sites\/9\/2022\/10\/Ethics-Webpage-Image-01.svg","profile_48-width":432,"profile_48-height":397,"profile_96":"https:\/\/www.criteo.com\/it\/wp-content\/uploads\/sites\/9\/2022\/10\/Ethics-Webpage-Image-01.svg","profile_96-width":432,"profile_96-height":397,"profile_150":"https:\/\/www.criteo.com\/it\/wp-content\/uploads\/sites\/9\/2022\/10\/Ethics-Webpage-Image-01.svg","profile_150-width":432,"profile_150-height":397,"profile_300":"https:\/\/www.criteo.com\/it\/wp-content\/uploads\/sites\/9\/2022\/10\/Ethics-Webpage-Image-01.svg","profile_300-width":432,"profile_300-height":397}},"background_wave":false,"video_iframe_url":"","icon":false,"subtitle":"","description":"<h4>Il nostro approccio all\u2019etica dei prodotti<\/h4>\n<p>In qualit\u00e0 di azienda di commerce media che consente a marketer e media owner di generare risultati migliori per il commerce, Criteo punta a integrare un approccio etico in ciascuna fase dello sviluppo del prodotto e della supply chain.<\/p>\n<h4>Il nostro Comitato per l\u2019etica del prodotto<\/h4>\n<p>Il Comitato di Criteo per l&#8217;etica del prodotto funge da organo centrale e interfunzionale per promuovere una cultura della pubblicit\u00e0 AI-driven etica, responsabile e affidabile in tutte le attivit\u00e0 di Criteo. Attraverso il lavoro del Comitato per l&#8217;etica del prodotto ci impegniamo ad affrontare la disinformazione, oltre che a comprendere attentamente il potenziale impatto dei bias dei nostri algoritmi e a integrare i nostri valori in tutte le campagne pubblicitarie. Il Comitato per l\u2019etica del prodotto guida i nostri standard etici e garantisce che la pubblcit\u00e0 che forniamo ai nostri clienti e partner sia affidabile. Il Comitato, che comprende i rappresentanti senior di tutti i dipartimenti di Criteo, si riunisce con cadenza trimestrale.<\/p>\n","link_list":false,"stack_links":false,"block_links":false,"cta_button":{"type":"internal","text":"","link_internal":"","link_media":false,"link_external":"","link_embed":"","link_email":"","email_subject":"","page_element_id":"","variant":"default","ai_variant":"gradient-border","icon":"none","ai_icon":"none","new_window":[],"track_button":false,"button_location":false,"event_type":false,"button_classes":"","button_message":""}}],"additional_boxes_subtitle":"","left_align_subtitle":false,"use_learn_more_button":false,"boxes":false}},{"acf_fc_layout":"product_details_2","product_details_2":{"section_customization":{"anchor_id":"","background_type":"solid-color","background_color":{"color":"Light_Smoke"},"background_gradient":"","background_image":false,"background_image_position":"center-center","background_overlay":"none","use_custom_paddings":true,"custom_padding":{"desktop_top":"80","desktop_bottom":"120","mobile_top":"","mobile_bottom":"300"},"use_custom_margins":false,"custom_margins":{"desktop_top_margin":"","desktop_bottom_margin":"","mobile_top_margin":"","mobile_bottom_margin":""}},"intro":{"intro":{"show_intro_block":true,"image_as_caption":false,"image":false,"caption":"","caption_is_page_title":false,"title":"I nostri quattro principi guida","title_size":"h3","description":"<p>Il Comitato per l\u2019etica del prodotto segue i quattro principi chiave che sono alla base del nostro approccio etico sulla pubblicit\u00e0, in linea con le raccomandazioni espresse dalla <a href=\"https:\/\/wfanet.org\/leadership\/data-ethics\">World Federation of Advertisers<\/a>:<\/p>\n","description_font_size":"default"}},"description_boxes_layout":"sidebar-two-columns","":null,"boxes":[{"icon":"https:\/\/www.criteo.com\/it\/wp-content\/uploads\/sites\/9\/2022\/10\/Transparency-Icon.svg","title":"Trasparenza\t\t ","description":"<p>Garantiamo di utilizzare i dati in modo trasparente, facile da comprendere e accessibile a tutti. Questo include i potenziali impatti sociali, etici e societari di tale uso.<\/p>\n"},{"icon":"https:\/\/www.criteo.com\/it\/wp-content\/uploads\/sites\/9\/2022\/10\/Respect-Icon.svg","title":"Rispetto","description":"<p>Comprendiamo e rispettiamo gli interessi di tutte le parti e proteggiamo i diritti umani ampiamente condivisi (privacy, dignit\u00e0, diversit\u00e0, equit\u00e0, uguaglianza, autonomia e libert\u00e0).<\/p>\n"},{"icon":"https:\/\/www.criteo.com\/it\/wp-content\/uploads\/sites\/9\/2022\/10\/Fairness-Icon.svg","title":"Equit\u00e0 ","description":"<p>Monitoriamo continuamente l\u2019equit\u00e0 nelle pratiche pubblicitarie evitando di diffondere bias, discriminazione o esclusione.<\/p>\n"},{"icon":"https:\/\/www.criteo.com\/it\/wp-content\/uploads\/sites\/9\/2022\/10\/Accountability-Icon.svg","title":"Responsabilit\u00e0 ","description":"<p>Riteniamo Criteo e i nostri partner e clienti responsabili dell\u2019uso dei dati.<\/p>\n"}]}},{"acf_fc_layout":"cta_block","cta_block":{"section_customization":{"anchor_id":"","background_type":"solid-color","background_color":{"color":"Sunrise"},"background_gradient":"","background_image":false,"background_image_position":"center-center","background_overlay":"none","use_custom_paddings":true,"custom_padding":{"desktop_top":"54","desktop_bottom":"54","mobile_top":"54","mobile_bottom":"54"},"use_custom_margins":true,"custom_margins":{"desktop_top_margin":"-120","desktop_bottom_margin":"120","mobile_top_margin":"-200","mobile_bottom_margin":""}},"full_wide_block":false,"title":"<h4>Il nostro impegno per un impatto positivo che vada oltre il nostro settore.<\/h4>\n<p>Il nostro programma di Responsabilit\u00e0 sociale aziendale \u00e8 molto di pi\u00f9 che semplici parole sulla carta. \u00c8 un insieme di azioni reali che supportano la protezione dei nostri dipendenti, il progresso della nostra societ\u00e0, iniziative per l\u2019ambiente e il rispetto dei nostri valori.<\/p>\n","content_on_the_right":"button","cta_button":{"type":"external","text":"Continua a leggere","link_internal":null,"link_media":false,"link_external":"https:\/\/criteo.investorroom.com\/Corporate-Social-Responsibility?item=287","link_embed":"","link_email":"","email_subject":"","page_element_id":"","variant":"default","ai_variant":"gradient-border","icon":"thin-arrow-right","ai_icon":"none","new_window":[],"track_button":false,"button_location":false,"event_type":false,"button_classes":"","button_message":""},"form":""}}],"additional_code":"","bevel":"peach-grapes","bevel_reversed":false,"side_text":""},"yoast_head":"<!-- This site is optimized with the Yoast SEO plugin v26.4 - https:\/\/yoast.com\/wordpress\/plugins\/seo\/ -->\n<title>Product Ethics Committee<\/title>\n<meta name=\"description\" content=\"Il Comitato per l&#039;etica dei prodotti Criteo funge da organismo centrale e interfunzionale per promuovere una cultura della pubblicit\u00e0 basata sull&#039;intelligenza artificiale etica, responsabile e affidabile in tutte le attivit\u00e0 di Criteo.\" \/>\n<meta name=\"robots\" content=\"index, follow, max-snippet:-1, max-image-preview:large, max-video-preview:-1\" \/>\n<link rel=\"canonical\" href=\"https:\/\/www.criteo.com\/it\/product-ethics\/\" \/>\n<meta property=\"og:locale\" content=\"it_IT\" \/>\n<meta property=\"og:type\" content=\"article\" \/>\n<meta property=\"og:title\" content=\"Product Ethics Committee\" \/>\n<meta property=\"og:description\" content=\"Il Comitato per l&#039;etica dei prodotti Criteo funge da organismo centrale e interfunzionale per promuovere una cultura della pubblicit\u00e0 basata sull&#039;intelligenza artificiale etica, responsabile e affidabile in tutte le attivit\u00e0 di Criteo.\" \/>\n<meta property=\"og:url\" content=\"https:\/\/www.criteo.com\/it\/product-ethics\/\" \/>\n<meta property=\"og:site_name\" content=\"IT - Criteo\" \/>\n<meta property=\"article:modified_time\" content=\"2023-02-13T11:04:54+00:00\" \/>\n<meta name=\"twitter:card\" content=\"summary_large_image\" \/>\n<script type=\"application\/ld+json\" class=\"yoast-schema-graph\">{\n\t    \"@context\": \"https:\/\/schema.org\",\n\t    \"@graph\": [\n\t        {\n\t            \"@type\": \"WebPage\",\n\t            \"@id\": \"https:\/\/www.criteo.com\/it\/product-ethics\/\",\n\t            \"url\": \"https:\/\/www.criteo.com\/it\/product-ethics\/\",\n\t            \"name\": \"Product Ethics Committee\",\n\t            \"isPartOf\": {\n\t                \"@id\": \"https:\/\/www.criteo.com\/it\/#website\"\n\t            },\n\t            \"datePublished\": \"2022-10-16T02:31:27+00:00\",\n\t            \"dateModified\": \"2023-02-13T11:04:54+00:00\",\n\t            \"description\": \"Il Comitato per l'etica dei prodotti Criteo funge da organismo centrale e interfunzionale per promuovere una cultura della pubblicit\u00e0 basata sull'intelligenza artificiale etica, responsabile e affidabile in tutte le attivit\u00e0 di Criteo.\",\n\t            \"breadcrumb\": {\n\t                \"@id\": \"https:\/\/www.criteo.com\/it\/product-ethics\/#breadcrumb\"\n\t            },\n\t            \"inLanguage\": \"it-IT\",\n\t            \"potentialAction\": [\n\t                {\n\t                    \"@type\": \"ReadAction\",\n\t                    \"target\": [\n\t                        \"https:\/\/www.criteo.com\/it\/product-ethics\/\"\n\t                    ]\n\t                }\n\t            ]\n\t        },\n\t        {\n\t            \"@type\": \"BreadcrumbList\",\n\t            \"@id\": \"https:\/\/www.criteo.com\/it\/product-ethics\/#breadcrumb\",\n\t            \"itemListElement\": [\n\t                {\n\t                    \"@type\": \"ListItem\",\n\t                    \"position\": 1,\n\t                    \"name\": \"Home\",\n\t                    \"item\": \"https:\/\/www.criteo.com\/it\/\"\n\t                },\n\t                {\n\t                    \"@type\": \"ListItem\",\n\t                    \"position\": 2,\n\t                    \"name\": \"L\u2019etica del prodotto\"\n\t                }\n\t            ]\n\t        },\n\t        {\n\t            \"@type\": \"WebSite\",\n\t            \"@id\": \"https:\/\/www.criteo.com\/it\/#website\",\n\t            \"url\": \"https:\/\/www.criteo.com\/it\/\",\n\t            \"name\": \"IT - Criteo\",\n\t            \"description\": \"\",\n\t            \"publisher\": {\n\t                \"@id\": \"https:\/\/www.criteo.com\/it\/#organization\"\n\t            },\n\t            \"potentialAction\": [\n\t                {\n\t                    \"@type\": \"SearchAction\",\n\t                    \"target\": {\n\t                        \"@type\": \"EntryPoint\",\n\t                        \"urlTemplate\": \"https:\/\/www.criteo.com\/it\/?s={search_term_string}\"\n\t                    },\n\t                    \"query-input\": {\n\t                        \"@type\": \"PropertyValueSpecification\",\n\t                        \"valueRequired\": true,\n\t                        \"valueName\": \"search_term_string\"\n\t                    }\n\t                }\n\t            ],\n\t            \"inLanguage\": \"it-IT\"\n\t        },\n\t        {\n\t            \"@type\": \"Organization\",\n\t            \"@id\": \"https:\/\/www.criteo.com\/it\/#organization\",\n\t            \"name\": \"Criteo\",\n\t            \"alternateName\": \"Criteo corp\",\n\t            \"url\": \"https:\/\/www.criteo.com\/it\/\",\n\t            \"logo\": {\n\t                \"@type\": \"ImageObject\",\n\t                \"inLanguage\": \"it-IT\",\n\t                \"@id\": \"https:\/\/www.criteo.com\/it\/#\/schema\/logo\/image\/\",\n\t                \"url\": \"https:\/\/www.criteo.com\/it\/wp-content\/uploads\/sites\/9\/2024\/02\/Criteo-Logo.svg\",\n\t                \"contentUrl\": \"https:\/\/www.criteo.com\/it\/wp-content\/uploads\/sites\/9\/2024\/02\/Criteo-Logo.svg\",\n\t                \"width\": 118,\n\t                \"height\": 24,\n\t                \"caption\": \"Criteo\"\n\t            },\n\t            \"image\": {\n\t                \"@id\": \"https:\/\/www.criteo.com\/it\/#\/schema\/logo\/image\/\"\n\t            }\n\t        }\n\t    ]\n\t}<\/script>\n<!-- \/ Yoast SEO plugin. -->","yoast_head_json":{"title":"Product Ethics Committee","description":"Il Comitato per l'etica dei prodotti Criteo funge da organismo centrale e interfunzionale per promuovere una cultura della pubblicit\u00e0 basata sull'intelligenza artificiale etica, responsabile e affidabile in tutte le attivit\u00e0 di Criteo.","robots":{"index":"index","follow":"follow","max-snippet":"max-snippet:-1","max-image-preview":"max-image-preview:large","max-video-preview":"max-video-preview:-1"},"canonical":"https:\/\/www.criteo.com\/it\/product-ethics\/","og_locale":"it_IT","og_type":"article","og_title":"Product Ethics Committee","og_description":"Il Comitato per l'etica dei prodotti Criteo funge da organismo centrale e interfunzionale per promuovere una cultura della pubblicit\u00e0 basata sull'intelligenza artificiale etica, responsabile e affidabile in tutte le attivit\u00e0 di Criteo.","og_url":"https:\/\/www.criteo.com\/it\/product-ethics\/","og_site_name":"IT - Criteo","article_modified_time":"2023-02-13T11:04:54+00:00","twitter_card":"summary_large_image","schema":{"@context":"https:\/\/schema.org","@graph":[{"@type":"WebPage","@id":"https:\/\/www.criteo.com\/it\/product-ethics\/","url":"https:\/\/www.criteo.com\/it\/product-ethics\/","name":"Product Ethics Committee","isPartOf":{"@id":"https:\/\/www.criteo.com\/it\/#website"},"datePublished":"2022-10-16T02:31:27+00:00","dateModified":"2023-02-13T11:04:54+00:00","description":"Il Comitato per l'etica dei prodotti Criteo funge da organismo centrale e interfunzionale per promuovere una cultura della pubblicit\u00e0 basata sull'intelligenza artificiale etica, responsabile e affidabile in tutte le attivit\u00e0 di Criteo.","breadcrumb":{"@id":"https:\/\/www.criteo.com\/it\/product-ethics\/#breadcrumb"},"inLanguage":"it-IT","potentialAction":[{"@type":"ReadAction","target":["https:\/\/www.criteo.com\/it\/product-ethics\/"]}]},{"@type":"BreadcrumbList","@id":"https:\/\/www.criteo.com\/it\/product-ethics\/#breadcrumb","itemListElement":[{"@type":"ListItem","position":1,"name":"Home","item":"https:\/\/www.criteo.com\/it\/"},{"@type":"ListItem","position":2,"name":"L\u2019etica del prodotto"}]},{"@type":"WebSite","@id":"https:\/\/www.criteo.com\/it\/#website","url":"https:\/\/www.criteo.com\/it\/","name":"IT - Criteo","description":"","publisher":{"@id":"https:\/\/www.criteo.com\/it\/#organization"},"potentialAction":[{"@type":"SearchAction","target":{"@type":"EntryPoint","urlTemplate":"https:\/\/www.criteo.com\/it\/?s={search_term_string}"},"query-input":{"@type":"PropertyValueSpecification","valueRequired":true,"valueName":"search_term_string"}}],"inLanguage":"it-IT"},{"@type":"Organization","@id":"https:\/\/www.criteo.com\/it\/#organization","name":"Criteo","alternateName":"Criteo corp","url":"https:\/\/www.criteo.com\/it\/","logo":{"@type":"ImageObject","inLanguage":"it-IT","@id":"https:\/\/www.criteo.com\/it\/#\/schema\/logo\/image\/","url":"https:\/\/www.criteo.com\/it\/wp-content\/uploads\/sites\/9\/2024\/02\/Criteo-Logo.svg","contentUrl":"https:\/\/www.criteo.com\/it\/wp-content\/uploads\/sites\/9\/2024\/02\/Criteo-Logo.svg","width":118,"height":24,"caption":"Criteo"},"image":{"@id":"https:\/\/www.criteo.com\/it\/#\/schema\/logo\/image\/"}}]}},"_links":{"self":[{"href":"https:\/\/www.criteo.com\/it\/wp-json\/wp\/v2\/pages\/17249","targetHints":{"allow":["GET"]}}],"collection":[{"href":"https:\/\/www.criteo.com\/it\/wp-json\/wp\/v2\/pages"}],"about":[{"href":"https:\/\/www.criteo.com\/it\/wp-json\/wp\/v2\/types\/page"}],"author":[{"embeddable":true,"href":"https:\/\/www.criteo.com\/it\/wp-json\/wp\/v2\/users\/55"}],"replies":[{"embeddable":true,"href":"https:\/\/www.criteo.com\/it\/wp-json\/wp\/v2\/comments?post=17249"}],"version-history":[{"count":5,"href":"https:\/\/www.criteo.com\/it\/wp-json\/wp\/v2\/pages\/17249\/revisions"}],"predecessor-version":[{"id":17299,"href":"https:\/\/www.criteo.com\/it\/wp-json\/wp\/v2\/pages\/17249\/revisions\/17299"}],"wp:attachment":[{"href":"https:\/\/www.criteo.com\/it\/wp-json\/wp\/v2\/media?parent=17249"}],"wp:term":[{"taxonomy":"author","embeddable":true,"href":"https:\/\/www.criteo.com\/it\/wp-json\/wp\/v2\/coauthors?post=17249"}],"curies":[{"name":"wp","href":"https:\/\/api.w.org\/{rel}","templated":true}]}}