{"id":18433,"date":"2024-06-04T17:27:18","date_gmt":"2024-06-04T17:27:18","guid":{"rendered":"https:\/\/www.criteo.com\/it\/?page_id=18433"},"modified":"2025-11-05T09:13:54","modified_gmt":"2025-11-05T09:13:54","slug":"help-center","status":"publish","type":"page","link":"https:\/\/www.criteo.com\/it\/help-center\/","title":{"rendered":"Help Center"},"content":{"rendered":"","protected":false},"excerpt":{"rendered":"","protected":false},"author":159,"featured_media":0,"parent":0,"menu_order":0,"comment_status":"closed","ping_status":"closed","template":"page-templates\/pageModular2020.php","meta":{"_acf_changed":false,"footnotes":""},"coauthors":[461],"class_list":["post-18433","page","type-page","status-publish"],"acf":{"track_page_in_segment":false,"segment_page_name":"","remove_header":false,"remove_footer":false,"add_password_protected_layout":false,"use_transparent_header":false,"use_transparent_header_dark_menus":false,"use_transparent_header_normal":true,"layouts":[{"acf_fc_layout":"hero_2023","hero_2023":{"section_customization":{"anchor_id":"","background_type":"none","background_color":{"color":"Sunrise"},"background_gradient":"","background_image":false,"background_image_position":"center-center","background_overlay":"none","use_custom_paddings":true,"custom_padding":{"desktop_top":"-74","desktop_bottom":"74","mobile_top":"-74","mobile_bottom":"74"},"use_custom_margins":true,"custom_margins":{"desktop_top_margin":"-74","desktop_bottom_margin":"","mobile_top_margin":"-74","mobile_bottom_margin":""}},"intro":{"intro":{"show_intro_block":true,"image_as_caption":false,"image":false,"caption":"Centro assistenza","caption_is_page_title":false,"title":"Sfrutta il potenziale,<br \/>\r\nlibera la conoscenza","title_size":"h4","description":"<p>Benvenuti nella pagina di riferimento di Criteo per l&#8217;assistenza. Scopri gli ultimi aggiornamenti di tutte le nostre soluzioni, esplora le guide e trova consigli per massimizzare il tuo successo insieme a noi.<\/p>\n","description_font_size":"default"}},"button":{"type":"internal","text":"","link_internal":"","link_media":false,"link_external":"","link_embed":"","link_email":"","email_subject":"","page_element_id":"","variant":"default","ai_variant":"gradient-border","icon":"none","ai_icon":"none","new_window":[],"track_button":false,"button_location":false,"event_type":false,"button_classes":"","button_message":""},"add_image":false,"image":false}},{"acf_fc_layout":"product_details","product_details":{"section_customization":{"anchor_id":"","background_type":"solid-color","background_color":{"color":"Charcoal"},"background_gradient":"","background_image":false,"background_image_position":"center-center","background_overlay":"none","use_custom_paddings":true,"custom_padding":{"desktop_top":"0","desktop_bottom":"0","mobile_top":"0","mobile_bottom":"0"},"use_custom_margins":true,"custom_margins":{"desktop_top_margin":"-40","desktop_bottom_margin":"","mobile_top_margin":"-40","mobile_bottom_margin":"40"}},"intro":{"intro":{"show_intro_block":false,"image_as_caption":false,"image":false,"caption":"","caption_is_page_title":false,"title":"","title_size":"h4","description":"","description_font_size":"default"}},"row_nums":"single","intro_inside_a_column":false,"switch_columns":true,"use_wider_layout":false,"use_wider_intro":false,"add_additional_boxes_below":true,"add_three_stats_above":false,"top_align_columns":false,"uo_list_style_discs":false,"":null,"stats":false,"media_type":"none","image":false,"background_wave":false,"video_iframe_url":"","icon":false,"subtitle":"","description":"","link_list":false,"stack_links":false,"block_links":false,"cta_button":{"type":"internal","text":"","link_internal":"","link_media":false,"link_external":"","link_embed":"","link_email":"","email_subject":"","page_element_id":"","variant":"default","ai_variant":"gradient-border","icon":"none","ai_icon":"none","new_window":[],"track_button":false,"button_location":false,"event_type":false,"button_classes":"","button_message":""},"product_detail_rows":false,"additional_boxes_subtitle":"Visita i nostri centri assistenza","left_align_subtitle":true,"use_learn_more_button":true,"boxes":[{"icon":false,"title":"Commerce Growth","description":"Raggiungi i tuoi obiettivi di customer acquisition e retention con il potere della pubblicit\u00e0 automatica.","url":"https:\/\/help.criteo.com\/kb\/it","custom_link_text":"Visita il centro assistenza","open_in_new_tab":true},{"icon":false,"title":"Commerce Max","description":"Scopri la potenza del retail media grazie a una piattaforma intuitiva che mette in collegamento retailer, brand e agenzie.","url":"https:\/\/help.retailmedia.criteo.com\/kb\/en","custom_link_text":"Visita il centro assistenza [inglese]","open_in_new_tab":true},{"icon":false,"title":"Commerce Grid","description":"Usa il commerce per massimizzare i profitti degli editori, incrementa i risultati degli inserzionisti e aiuta i retailer a sfruttare il vero valore dei dati dei loro acquirenti.","url":"https:\/\/docs.commercegrid.criteo.com\/kb\/en\/","custom_link_text":"Visita il centro assistenza [inglese]","open_in_new_tab":true},{"icon":false,"title":"Commerce Yield","description":"Libera il vero potenziale delle inserzioni a pagamento con una soluzione di media management a 360 gradi.","url":"https:\/\/help.cyield.criteo.com\/kb\/en\/","custom_link_text":"Visita il centro assistenza [inglese]","open_in_new_tab":true}]}},{"acf_fc_layout":"solutions_slider_2023","solutions_slider_2023":{"intro":{"intro":{"show_intro_block":true,"image_as_caption":false,"image":false,"caption":"Guide in evidenza","caption_is_page_title":false,"title":"Altre risorse utili","title_size":"h4","description":"<p>Informazioni generali utili da sapere, indipendentemente dalla soluzione di Criteo adottata.<\/p>\n","description_font_size":"default"}},"white_intro_text":true,"solutions":[{"icon":false,"label":"GUIDA","title":"Criteo in breve","description":"La tua guida completa a Criteo, esperti nel capire il comportamento del consumatore e nel rivoluzionare il digital advertising grazie alla pi\u00f9 recente tecnologia AI.","link":{"title":"Inizia","url":"https:\/\/help.criteo.com\/kb\/it\/criteo-in-a-nutshell-327088","target":"_blank"}},{"icon":false,"label":"GUIDA","title":"Glossario della pubblicit\u00e0","description":"Comprendi il linguaggio della pubblicit\u00e0 con la nostra guida-glossario completa, pensata per far luce sui termini del settore e fornirti le conoscenze giuste.","link":{"title":"Per saperne di pi\u00f9","url":"https:\/\/help.criteo.com\/kb\/guide\/it\/glossary-of-advertising-yuS31DBK7l\/Steps\/2331986","target":"_blank"}},{"icon":false,"label":"GUIDA","title":"Addressability","description":"Il mondo della pubblicit\u00e0 online sta cambiando. In questo cambiamento Criteo \u00e8 in prima linea. Scopri di pi\u00f9 sui nostri test della Privacy Sandbox di Google.","link":{"title":"Per saperne di pi\u00f9","url":"https:\/\/help.criteo.com\/kb\/guide\/it\/google-privacy-sandbox-tests-BLy9M6OqK8\/Steps\/2934160","target":"_blank"}},{"icon":false,"label":"GUIDA","title":"Che cos'\u00e8 un KPI?","description":"Orientarsi nel mondo del marketing pu\u00f2 essere complicato, soprattutto quando si tratta di valutare l'efficacia delle tue campagne. Approfondisci, per scoprire come prendere decisioni orientate ai dati che potenziano le tue strategie di campagna.","link":{"title":"Per saperne di pi\u00f9","url":"https:\/\/help.criteo.com\/kb\/guide\/it\/what-is-a-kpi-how-to-determine-the-right-goal-for-your-business-QTwbp9DhX0\/Steps\/775720","target":"_blank"}},{"icon":false,"label":"GUIDA","title":"Dove appariranno i tuoi annunci","description":"Grazie a Criteo, scopri un impareggiabile accesso a 2 miliardi di acquirenti ed esplora la nostra ampia rete che comprende oltre 19.000 editori. Scopri di pi\u00f9 su come servire al meglio i tuoi clienti.","link":{"title":"Per saperne di pi\u00f9","url":"https:\/\/help.criteo.com\/kb\/it\/privacy-and-security-105042","target":"_blank"}}],"customer_story":{"logo":false,"stat_number":"","stat_description":"","button":{"type":"internal","text":"","link_internal":"","link_media":false,"link_external":"","link_embed":"","link_email":"","email_subject":"","page_element_id":"","variant":"default","ai_variant":"gradient-border","icon":"none","ai_icon":"none","new_window":[],"track_button":false,"button_location":false,"event_type":false,"button_classes":"","button_message":""},"quote":"","quote_author":"","quote_author_title":""}}},{"acf_fc_layout":"criteo_academy","criteo_academy":{"image_left":"https:\/\/www.criteo.com\/it\/wp-content\/uploads\/sites\/9\/2024\/06\/Patch-Media-ss-hero.jpg","label":"Certificazioni","description":"<h4>Commerce Academy<\/h4>\n<p>Migliora le tue competenze conseguendo certificazioni con corsi riconosciuti in programmatic advertising, media retail e altri ambiti del settore della pubblicit\u00e0, e rimani al passo con un settore, quello del commerce, in continua evoluzione.<\/p>\n","link":{"title":"Inizia [inglese]","url":"https:\/\/academy.criteo.com\/","target":"_blank"}}}],"additional_code":"","bevel":"peach-grapes","bevel_reversed":false,"side_text":"","remove_from_internal_search":false,"strip_the_header":false,"override_buttons":false,"background_color_modular":"white"},"yoast_head":"<!-- This site is optimized with the Yoast SEO plugin v26.4 - https:\/\/yoast.com\/wordpress\/plugins\/seo\/ -->\n<title>Help Center | IT - Criteo<\/title>\n<meta name=\"description\" content=\"Welcome to Criteo\u2019s one-stop destination for help. Discover the latest updates across our solutions, explore guides, and find tips to maximize your success with us.\" \/>\n<meta name=\"robots\" content=\"index, follow, max-snippet:-1, max-image-preview:large, max-video-preview:-1\" \/>\n<link rel=\"canonical\" href=\"https:\/\/www.criteo.com\/it\/help-center\/\" \/>\n<meta property=\"og:locale\" content=\"it_IT\" \/>\n<meta property=\"og:type\" content=\"article\" \/>\n<meta property=\"og:title\" content=\"Help Center | IT - Criteo\" \/>\n<meta property=\"og:description\" content=\"Welcome to Criteo\u2019s one-stop destination for help. Discover the latest updates across our solutions, explore guides, and find tips to maximize your success with us.\" \/>\n<meta property=\"og:url\" content=\"https:\/\/www.criteo.com\/it\/help-center\/\" \/>\n<meta property=\"og:site_name\" content=\"IT - Criteo\" \/>\n<meta property=\"article:modified_time\" content=\"2025-11-05T09:13:54+00:00\" \/>\n<meta name=\"twitter:card\" content=\"summary_large_image\" \/>\n<script type=\"application\/ld+json\" class=\"yoast-schema-graph\">{\n\t    \"@context\": \"https:\/\/schema.org\",\n\t    \"@graph\": [\n\t        {\n\t            \"@type\": \"WebPage\",\n\t            \"@id\": \"https:\/\/www.criteo.com\/it\/help-center\/\",\n\t            \"url\": \"https:\/\/www.criteo.com\/it\/help-center\/\",\n\t            \"name\": \"Help Center | IT - Criteo\",\n\t            \"isPartOf\": {\n\t                \"@id\": \"https:\/\/www.criteo.com\/it\/#website\"\n\t            },\n\t            \"datePublished\": \"2024-06-04T17:27:18+00:00\",\n\t            \"dateModified\": \"2025-11-05T09:13:54+00:00\",\n\t            \"description\": \"Welcome to Criteo\u2019s one-stop destination for help. Discover the latest updates across our solutions, explore guides, and find tips to maximize your success with us.\",\n\t            \"breadcrumb\": {\n\t                \"@id\": \"https:\/\/www.criteo.com\/it\/help-center\/#breadcrumb\"\n\t            },\n\t            \"inLanguage\": \"it-IT\",\n\t            \"potentialAction\": [\n\t                {\n\t                    \"@type\": \"ReadAction\",\n\t                    \"target\": [\n\t                        \"https:\/\/www.criteo.com\/it\/help-center\/\"\n\t                    ]\n\t                }\n\t            ]\n\t        },\n\t        {\n\t            \"@type\": \"BreadcrumbList\",\n\t            \"@id\": \"https:\/\/www.criteo.com\/it\/help-center\/#breadcrumb\",\n\t            \"itemListElement\": [\n\t                {\n\t                    \"@type\": \"ListItem\",\n\t                    \"position\": 1,\n\t                    \"name\": \"Home\",\n\t                    \"item\": \"https:\/\/www.criteo.com\/it\/\"\n\t                },\n\t                {\n\t                    \"@type\": \"ListItem\",\n\t                    \"position\": 2,\n\t                    \"name\": \"Help Center\"\n\t                }\n\t            ]\n\t        },\n\t        {\n\t            \"@type\": \"WebSite\",\n\t            \"@id\": \"https:\/\/www.criteo.com\/it\/#website\",\n\t            \"url\": \"https:\/\/www.criteo.com\/it\/\",\n\t            \"name\": \"IT - Criteo\",\n\t            \"description\": \"\",\n\t            \"publisher\": {\n\t                \"@id\": \"https:\/\/www.criteo.com\/it\/#organization\"\n\t            },\n\t            \"potentialAction\": [\n\t                {\n\t                    \"@type\": \"SearchAction\",\n\t                    \"target\": {\n\t                        \"@type\": \"EntryPoint\",\n\t                        \"urlTemplate\": \"https:\/\/www.criteo.com\/it\/?s={search_term_string}\"\n\t                    },\n\t                    \"query-input\": {\n\t                        \"@type\": \"PropertyValueSpecification\",\n\t                        \"valueRequired\": true,\n\t                        \"valueName\": \"search_term_string\"\n\t                    }\n\t                }\n\t            ],\n\t            \"inLanguage\": \"it-IT\"\n\t        },\n\t        {\n\t            \"@type\": \"Organization\",\n\t            \"@id\": \"https:\/\/www.criteo.com\/it\/#organization\",\n\t            \"name\": \"Criteo\",\n\t            \"alternateName\": \"Criteo corp\",\n\t            \"url\": \"https:\/\/www.criteo.com\/it\/\",\n\t            \"logo\": {\n\t                \"@type\": \"ImageObject\",\n\t                \"inLanguage\": \"it-IT\",\n\t                \"@id\": \"https:\/\/www.criteo.com\/it\/#\/schema\/logo\/image\/\",\n\t                \"url\": \"https:\/\/www.criteo.com\/it\/wp-content\/uploads\/sites\/9\/2024\/02\/Criteo-Logo.svg\",\n\t                \"contentUrl\": \"https:\/\/www.criteo.com\/it\/wp-content\/uploads\/sites\/9\/2024\/02\/Criteo-Logo.svg\",\n\t                \"width\": 118,\n\t                \"height\": 24,\n\t                \"caption\": \"Criteo\"\n\t            },\n\t            \"image\": {\n\t                \"@id\": \"https:\/\/www.criteo.com\/it\/#\/schema\/logo\/image\/\"\n\t            }\n\t        }\n\t    ]\n\t}<\/script>\n<!-- \/ Yoast SEO plugin. -->","yoast_head_json":{"title":"Help Center | IT - Criteo","description":"Welcome to Criteo\u2019s one-stop destination for help. Discover the latest updates across our solutions, explore guides, and find tips to maximize your success with us.","robots":{"index":"index","follow":"follow","max-snippet":"max-snippet:-1","max-image-preview":"max-image-preview:large","max-video-preview":"max-video-preview:-1"},"canonical":"https:\/\/www.criteo.com\/it\/help-center\/","og_locale":"it_IT","og_type":"article","og_title":"Help Center | IT - Criteo","og_description":"Welcome to Criteo\u2019s one-stop destination for help. Discover the latest updates across our solutions, explore guides, and find tips to maximize your success with us.","og_url":"https:\/\/www.criteo.com\/it\/help-center\/","og_site_name":"IT - Criteo","article_modified_time":"2025-11-05T09:13:54+00:00","twitter_card":"summary_large_image","schema":{"@context":"https:\/\/schema.org","@graph":[{"@type":"WebPage","@id":"https:\/\/www.criteo.com\/it\/help-center\/","url":"https:\/\/www.criteo.com\/it\/help-center\/","name":"Help Center | IT - Criteo","isPartOf":{"@id":"https:\/\/www.criteo.com\/it\/#website"},"datePublished":"2024-06-04T17:27:18+00:00","dateModified":"2025-11-05T09:13:54+00:00","description":"Welcome to Criteo\u2019s one-stop destination for help. Discover the latest updates across our solutions, explore guides, and find tips to maximize your success with us.","breadcrumb":{"@id":"https:\/\/www.criteo.com\/it\/help-center\/#breadcrumb"},"inLanguage":"it-IT","potentialAction":[{"@type":"ReadAction","target":["https:\/\/www.criteo.com\/it\/help-center\/"]}]},{"@type":"BreadcrumbList","@id":"https:\/\/www.criteo.com\/it\/help-center\/#breadcrumb","itemListElement":[{"@type":"ListItem","position":1,"name":"Home","item":"https:\/\/www.criteo.com\/it\/"},{"@type":"ListItem","position":2,"name":"Help Center"}]},{"@type":"WebSite","@id":"https:\/\/www.criteo.com\/it\/#website","url":"https:\/\/www.criteo.com\/it\/","name":"IT - Criteo","description":"","publisher":{"@id":"https:\/\/www.criteo.com\/it\/#organization"},"potentialAction":[{"@type":"SearchAction","target":{"@type":"EntryPoint","urlTemplate":"https:\/\/www.criteo.com\/it\/?s={search_term_string}"},"query-input":{"@type":"PropertyValueSpecification","valueRequired":true,"valueName":"search_term_string"}}],"inLanguage":"it-IT"},{"@type":"Organization","@id":"https:\/\/www.criteo.com\/it\/#organization","name":"Criteo","alternateName":"Criteo corp","url":"https:\/\/www.criteo.com\/it\/","logo":{"@type":"ImageObject","inLanguage":"it-IT","@id":"https:\/\/www.criteo.com\/it\/#\/schema\/logo\/image\/","url":"https:\/\/www.criteo.com\/it\/wp-content\/uploads\/sites\/9\/2024\/02\/Criteo-Logo.svg","contentUrl":"https:\/\/www.criteo.com\/it\/wp-content\/uploads\/sites\/9\/2024\/02\/Criteo-Logo.svg","width":118,"height":24,"caption":"Criteo"},"image":{"@id":"https:\/\/www.criteo.com\/it\/#\/schema\/logo\/image\/"}}]}},"_links":{"self":[{"href":"https:\/\/www.criteo.com\/it\/wp-json\/wp\/v2\/pages\/18433","targetHints":{"allow":["GET"]}}],"collection":[{"href":"https:\/\/www.criteo.com\/it\/wp-json\/wp\/v2\/pages"}],"about":[{"href":"https:\/\/www.criteo.com\/it\/wp-json\/wp\/v2\/types\/page"}],"author":[{"embeddable":true,"href":"https:\/\/www.criteo.com\/it\/wp-json\/wp\/v2\/users\/159"}],"replies":[{"embeddable":true,"href":"https:\/\/www.criteo.com\/it\/wp-json\/wp\/v2\/comments?post=18433"}],"version-history":[{"count":12,"href":"https:\/\/www.criteo.com\/it\/wp-json\/wp\/v2\/pages\/18433\/revisions"}],"predecessor-version":[{"id":19416,"href":"https:\/\/www.criteo.com\/it\/wp-json\/wp\/v2\/pages\/18433\/revisions\/19416"}],"wp:attachment":[{"href":"https:\/\/www.criteo.com\/it\/wp-json\/wp\/v2\/media?parent=18433"}],"wp:term":[{"taxonomy":"author","embeddable":true,"href":"https:\/\/www.criteo.com\/it\/wp-json\/wp\/v2\/coauthors?post=18433"}],"curies":[{"name":"wp","href":"https:\/\/api.w.org\/{rel}","templated":true}]}}