{"id":19706,"date":"2025-12-12T11:23:20","date_gmt":"2025-12-12T16:23:20","guid":{"rendered":"https:\/\/www.criteo.com\/?page_id=415892"},"modified":"2026-05-08T21:58:01","modified_gmt":"2026-05-08T19:58:01","slug":"trust-center","status":"publish","type":"page","link":"https:\/\/www.criteo.com\/it\/trust-center\/","title":{"rendered":"Trust Center"},"content":{"rendered":"","protected":false},"excerpt":{"rendered":"","protected":false},"author":167,"featured_media":0,"parent":0,"menu_order":0,"comment_status":"closed","ping_status":"closed","template":"page-templates\/pageModular2020.php","meta":{"_acf_changed":false,"footnotes":""},"coauthors":[504],"class_list":["post-19706","page","type-page","status-publish"],"acf":{"track_page_in_segment":false,"segment_page_name":"","additional_code":"","use_transparent_header":true,"use_transparent_header_dark_menus":false,"use_transparent_header_normal":false,"background_color_modular":"neutral gray","layouts":[{"acf_fc_layout":"customer_segments_hero_2025","customer_segments_hero_2025":{"caption":"TRUST CENTER","title_subtitle":"<h1>Potrai fidarti di ogni contatto<\/h1>\n<p>Scopri come creiamo affidabilit\u00e0 attraverso l\u2019onest\u00e0 e i pi\u00f9 alti standard etici, di privacy e sicurezza.<\/p>\n<p>&nbsp;<\/p>\n","logos_title":"","logos":false,"hero_right_image":{"ID":19707,"id":19707,"title":"Trust-Center_Hero_v4","filename":"Trust-Center_Hero_v4.png","filesize":214263,"url":"https:\/\/www.criteo.com\/it\/wp-content\/uploads\/sites\/9\/2026\/03\/Trust-Center_Hero_v4.png","link":"https:\/\/www.criteo.com\/it\/trust-center\/trust-center_hero_v4\/","alt":"","author":"195","description":"","caption":"","name":"trust-center_hero_v4","status":"inherit","uploaded_to":19706,"date":"2026-03-26 15:55:56","modified":"2026-03-26 16:05:10","menu_order":0,"mime_type":"image\/png","type":"image","subtype":"png","icon":"https:\/\/www.criteo.com\/it\/wp-includes\/images\/media\/default.png","width":1087,"height":759,"sizes":{"thumbnail":"https:\/\/www.criteo.com\/it\/wp-content\/uploads\/sites\/9\/2026\/03\/Trust-Center_Hero_v4-150x150.png","thumbnail-width":150,"thumbnail-height":150,"medium":"https:\/\/www.criteo.com\/it\/wp-content\/uploads\/sites\/9\/2026\/03\/Trust-Center_Hero_v4-300x209.png","medium-width":300,"medium-height":209,"medium_large":"https:\/\/www.criteo.com\/it\/wp-content\/uploads\/sites\/9\/2026\/03\/Trust-Center_Hero_v4-768x536.png","medium_large-width":640,"medium_large-height":447,"large":"https:\/\/www.criteo.com\/it\/wp-content\/uploads\/sites\/9\/2026\/03\/Trust-Center_Hero_v4-1024x715.png","large-width":640,"large-height":447,"1536x1536":"https:\/\/www.criteo.com\/it\/wp-content\/uploads\/sites\/9\/2026\/03\/Trust-Center_Hero_v4.png","1536x1536-width":1087,"1536x1536-height":759,"2048x2048":"https:\/\/www.criteo.com\/it\/wp-content\/uploads\/sites\/9\/2026\/03\/Trust-Center_Hero_v4.png","2048x2048-width":1087,"2048x2048-height":759,"success-story":"https:\/\/www.criteo.com\/it\/wp-content\/uploads\/sites\/9\/2026\/03\/Trust-Center_Hero_v4-630x440.png","success-story-width":630,"success-story-height":440,"profile_24":"https:\/\/www.criteo.com\/it\/wp-content\/uploads\/sites\/9\/2026\/03\/Trust-Center_Hero_v4-24x24.png","profile_24-width":24,"profile_24-height":24,"profile_48":"https:\/\/www.criteo.com\/it\/wp-content\/uploads\/sites\/9\/2026\/03\/Trust-Center_Hero_v4-48x48.png","profile_48-width":48,"profile_48-height":48,"profile_96":"https:\/\/www.criteo.com\/it\/wp-content\/uploads\/sites\/9\/2026\/03\/Trust-Center_Hero_v4-96x96.png","profile_96-width":96,"profile_96-height":96,"profile_150":"https:\/\/www.criteo.com\/it\/wp-content\/uploads\/sites\/9\/2026\/03\/Trust-Center_Hero_v4-150x150.png","profile_150-width":150,"profile_150-height":150,"profile_300":"https:\/\/www.criteo.com\/it\/wp-content\/uploads\/sites\/9\/2026\/03\/Trust-Center_Hero_v4-300x300.png","profile_300-width":300,"profile_300-height":300}},"background_gradient":"C-growth","cta_button":{"type":"internal","text":"","link_internal":"","link_media":false,"link_external":"","link_embed":"","link_email":"","email_subject":"","page_element_id":"","variant":"default","ai_variant":"gradient-border","icon":"none","ai_icon":"none","new_window":[],"track_button":false,"button_location":false,"event_type":false,"button_classes":"","button_message":""},"additional_buttons":false}},{"acf_fc_layout":"awards_2025","awards_2025":{"title":"Un ecosistema pubblicitario affidabile","subtitle":"Ci impegniamo per proteggere utenti, partner e dati allo scopo di rendere la pubblicit\u00e0 online trasparente e responsabile per tutti.","awards":false,"text_blocks":[{"text_block":"<h5 class=\"info-boxes-2025-card-title\">Una solida garanzia di sicurezza<\/h5>\n<p>Con rigorosi sistemi di salvaguardia di brand, clienti e media owner, la nostra IA avanzata e partnership internazionali consolidate forniamo un ecosistema pubblicitario affidabile. Proteggiamo gli interessi dei clienti e creiamo le condizioni per un engagement ampio e sicuro.<\/p>\n","bulletts":false,"stats":false,"cta_button":{"type":"internal","text":"Scopri di pi\u00f9","link_internal":"https:\/\/www.criteo.com\/it\/trust-center\/ad-trust-and-safety\/","link_media":false,"link_external":"","link_embed":"","link_email":"","email_subject":"","page_element_id":"","variant":"light_purple_stroke","ai_variant":"gradient-border","icon":"arrow-right","ai_icon":"none","new_window":[],"track_button":false,"button_location":false,"event_type":false,"button_classes":"","button_message":""}},{"text_block":"<h5>Privacy<\/h5>\n<p>Dare priorit\u00e0 alla privacy \u00e8 costruttivo e vantaggioso per tutti: clienti, partner e utenti. Oltre alla conformit\u00e0 a leggi e regolamenti in vigore nei Paesi in cui operiamo, compresi GDPR e CCPA (California Consumer Privacy Act ), garantiamo i migliori standard del settore per proteggere la riservatezza degli utenti.<\/p>\n","bulletts":false,"stats":false,"cta_button":{"type":"internal","text":"Scopri di pi\u00f9","link_internal":"https:\/\/www.criteo.com\/it\/trust-center\/privacy-commitment\/","link_media":false,"link_external":"https:\/\/www.criteo.com\/it\/privacy-commitment\/","link_embed":"","link_email":"","email_subject":"","page_element_id":"","variant":"light_purple_stroke","ai_variant":"gradient-border","icon":"thin-arrow-right","ai_icon":"none","new_window":[],"track_button":false,"button_location":false,"event_type":false,"button_classes":"","button_message":""}},{"text_block":"<h5>Sicurezza<\/h5>\n<p>Usiamo tecnologie all\u2019avanguardia per proteggere i dati degli utenti da accesso non autorizzato, abuso ed evitarne la perdita. Il nostro team di sicurezza verifica e potenzia costantemente le misure attive per constrastare nuove minacce, garantire la sicurezza di clienti, partner e dati e rendere resilienti i nostri sistemi.<br \/>\n&amp;nbsp<br \/>\n<img loading=\"lazy\" decoding=\"async\" class=\"alignnone wp-image-417526\" src=\"https:\/\/www.criteo.com\/wp-content\/uploads\/2026\/02\/soc-2-certification.png\" alt=\"\" width=\"150\" height=\"150\" \/><\/p>\n","bulletts":false,"stats":false,"cta_button":{"type":"internal","text":"Scopri di pi\u00f9","link_internal":"https:\/\/www.criteo.com\/it\/trust-center\/security\/","link_media":false,"link_external":"","link_embed":"","link_email":"","email_subject":"","page_element_id":"","variant":"light_purple_stroke","ai_variant":"gradient-border","icon":"none","ai_icon":"none","new_window":[],"track_button":false,"button_location":false,"event_type":false,"button_classes":"","button_message":""}},{"text_block":"<h5>Etica commerciale<\/h5>\n<p>La correttezza \u00e8 alla base del nostro modo di fare business. Ci impegniamo a lavorare in modo etico, trasparente, in linea con normative e leggi in vigore. Agendo in modo responsabile e onesto consolidiamo la fiducia riposta in noi da clienti, partner e dipendenti.<\/p>\n","bulletts":false,"stats":false,"cta_button":{"type":"internal","text":"Scopri di pi\u00f9","link_internal":"https:\/\/www.criteo.com\/it\/trust-center\/business-integrity\/","link_media":false,"link_external":"https:\/\/www.criteo.com\/it\/business-integrity\/","link_embed":"","link_email":"","email_subject":"","page_element_id":"","variant":"light_purple_stroke","ai_variant":"gradient-border","icon":"none","ai_icon":"none","new_window":["Open in a new tab"],"track_button":false,"button_location":false,"event_type":false,"button_classes":"","button_message":""}}]}},{"acf_fc_layout":"cta_block_2025","cta_block_2025":{"style":"v5","color_scheme":"dark_blue","color_scheme_2":"light_blue","subtitle":"<h4 style=\"text-align: center;\">Comitato per l\u2019etica del prodotto<\/h4>\n<p style=\"text-align: center;\">Il nostro comitato per l\u2019etica del prodotto garantisce correttezza, trasparenza e affidabilit\u00e0 nelle nostre soluzioni pubblicitarie basate sull\u2019IA. Formato da esperti di prodotto, ricerca e sviluppo, legali e commerciali, ci aiuta a mantenere standard elevati nel design e nell\u2019innovazione.<\/p>\n","link":{"title":"Learn more","url":"https:\/\/www.criteo.com\/it\/trust-center\/product-ethics\/","target":""}}},{"acf_fc_layout":"three_boxes_2025","three_boxes_2025":{"intro":{"intro":{"show_intro_block":true,"image_as_caption":false,"image":false,"caption":"ALTRE RISORSE","caption_is_page_title":false,"title":"Tutta la documentazione","title_size":"h4","description":"<p>I nostri documenti di governance, le certificazioni e molto altro: li trovi qui sotto.<\/p>\n","description_font_size":"default"}},"button_on_hover":false,"boxes":[{"type":"AGGIORNAMENTI","title":"Certificazioni TAG","description":"Criteo ottiene nuove certificazioni TAG per una pubblicit\u00e0 digitale sicura","link":{"title":"Read more","url":"https:\/\/www.criteo.com\/blog\/criteo-expands-its-tag-certifications\/","target":""}},{"type":"RISORSE","title":"Linee guida per la pubblicit\u00e0 di Criteo","description":"Per garantire un ecosistema pubblicitario affidabile, Criteo chiede a tutti i partner inserzionisti dimantenere standard etici elevati.","link":{"title":"Learn more","url":"https:\/\/www.criteo.com\/it\/advertising-guidelines\/","target":""}},{"type":"GOVERNANCE","title":"Il nostro Codice di Condotta","description":"Tutte le politiche e le linee guida seguite dal Consiglio e dalla nostra azienda.","link":{"title":"Download","url":"https:\/\/criteo.investorroom.com\/download\/Criteo+Code+of+Business+Conduct+and+Ethics_Branding+version+29+July+2022.pdf","target":"_blank"}}],"additional_note":"","additional_link":""}},{"acf_fc_layout":"faq_2025","faq_2025":{"caption":"Domande frequenti","title":"Hai domande? Ti diamo le risposte.","faqs":[{"faq_title":"Criteo come garantisce la privacy dei dati?","faq_content":"<p>Criteo si basa su principi di Privacy by Design, pseudonimizza i dati e garantisce controllo ai consumatori grazie a opzioni di rinuncia al consenso e misure di trasparenza.<\/p>\n"},{"faq_title":"Quali sono le politiche di privacy fondamentali per Criteo?","faq_content":"<p>Criteo non rileva informazioni personali identificabili, utilizza identificatori codificati, propone opzioni di opt-out ed \u00e8 conforme alle normative di protezione dei dati come GDPR e CCPA.<\/p>\n"},{"faq_title":"Criteo rispetta le leggi internazionali di protezioni dei dati?","faq_content":"<p>Naturalmente. Criteo \u00e8 conforme alla legislazione del GDPR (UE), al CCPA (California) e ad altre leggi locali di protezione dei dati. Lavoriamo con team legali ed enti normativi per essere sempre aggiornati.<\/p>\n"},{"faq_title":"Quali opzioni offre Criteo agli utenti per il controllo dei dati?","faq_content":"<p>Gli utenti possono ritirare il consenso alla pubblicit\u00e0 di Criteo, accedere alle impostazioni di privacy e sapere come sono impiegati i loro dati attraverso i portali di trasparenza dedicati ai consumatori.<\/p>\n"},{"faq_title":"In che modo Criteo sostiene la trasparenza?","faq_content":"<p>Criteo fornisce una documentazione chiara e ricca di risorse per i consumatori, e dispone di punti di contatto diretti per garantire che utenti e partner siano consapevoli delle pratiche relative ai dati.<\/p>\n"}]}}],"remove_header":false,"remove_footer":false,"add_password_protected_layout":false,"remove_from_internal_search":false,"strip_the_header":false,"override_buttons":false,"enable_slide-in":false},"yoast_head":"<!-- This site is optimized with the Yoast SEO plugin v26.4 - https:\/\/yoast.com\/wordpress\/plugins\/seo\/ -->\n<title>Trust Center | IT - Criteo<\/title>\n<meta name=\"description\" content=\"Etica, privacy, sicurezza e lealt\u00e0 nel business\" \/>\n<meta name=\"robots\" content=\"index, follow, max-snippet:-1, max-image-preview:large, max-video-preview:-1\" \/>\n<link rel=\"canonical\" href=\"https:\/\/www.criteo.com\/it\/trust-center\/\" \/>\n<meta property=\"og:locale\" content=\"it_IT\" \/>\n<meta property=\"og:type\" content=\"article\" \/>\n<meta property=\"og:title\" content=\"Trust Center | IT - Criteo\" \/>\n<meta property=\"og:description\" content=\"Etica, privacy, sicurezza e lealt\u00e0 nel business\" \/>\n<meta property=\"og:url\" content=\"https:\/\/www.criteo.com\/it\/trust-center\/\" \/>\n<meta property=\"og:site_name\" content=\"IT - Criteo\" \/>\n<meta property=\"article:modified_time\" content=\"2026-05-08T19:58:01+00:00\" \/>\n<meta name=\"twitter:card\" content=\"summary_large_image\" \/>\n<script type=\"application\/ld+json\" class=\"yoast-schema-graph\">{\n\t    \"@context\": \"https:\/\/schema.org\",\n\t    \"@graph\": [\n\t        {\n\t            \"@type\": \"WebPage\",\n\t            \"@id\": \"https:\/\/www.criteo.com\/it\/trust-center\/\",\n\t            \"url\": \"https:\/\/www.criteo.com\/it\/trust-center\/\",\n\t            \"name\": \"Trust Center | IT - Criteo\",\n\t            \"isPartOf\": {\n\t                \"@id\": \"https:\/\/www.criteo.com\/it\/#website\"\n\t            },\n\t            \"datePublished\": \"2025-12-12T16:23:20+00:00\",\n\t            \"dateModified\": \"2026-05-08T19:58:01+00:00\",\n\t            \"description\": \"Etica, privacy, sicurezza e lealt\u00e0 nel business\",\n\t            \"breadcrumb\": {\n\t                \"@id\": \"https:\/\/www.criteo.com\/it\/trust-center\/#breadcrumb\"\n\t            },\n\t            \"inLanguage\": \"it-IT\",\n\t            \"potentialAction\": [\n\t                {\n\t                    \"@type\": \"ReadAction\",\n\t                    \"target\": [\n\t                        \"https:\/\/www.criteo.com\/it\/trust-center\/\"\n\t                    ]\n\t                }\n\t            ]\n\t        },\n\t        {\n\t            \"@type\": \"BreadcrumbList\",\n\t            \"@id\": \"https:\/\/www.criteo.com\/it\/trust-center\/#breadcrumb\",\n\t            \"itemListElement\": [\n\t                {\n\t                    \"@type\": \"ListItem\",\n\t                    \"position\": 1,\n\t                    \"name\": \"Home\",\n\t                    \"item\": \"https:\/\/www.criteo.com\/it\/\"\n\t                },\n\t                {\n\t                    \"@type\": \"ListItem\",\n\t                    \"position\": 2,\n\t                    \"name\": \"Trust Center\"\n\t                }\n\t            ]\n\t        },\n\t        {\n\t            \"@type\": \"WebSite\",\n\t            \"@id\": \"https:\/\/www.criteo.com\/it\/#website\",\n\t            \"url\": \"https:\/\/www.criteo.com\/it\/\",\n\t            \"name\": \"IT - Criteo\",\n\t            \"description\": \"\",\n\t            \"publisher\": {\n\t                \"@id\": \"https:\/\/www.criteo.com\/it\/#organization\"\n\t            },\n\t            \"potentialAction\": [\n\t                {\n\t                    \"@type\": \"SearchAction\",\n\t                    \"target\": {\n\t                        \"@type\": \"EntryPoint\",\n\t                        \"urlTemplate\": \"https:\/\/www.criteo.com\/it\/?s={search_term_string}\"\n\t                    },\n\t                    \"query-input\": {\n\t                        \"@type\": \"PropertyValueSpecification\",\n\t                        \"valueRequired\": true,\n\t                        \"valueName\": \"search_term_string\"\n\t                    }\n\t                }\n\t            ],\n\t            \"inLanguage\": \"it-IT\"\n\t        },\n\t        {\n\t            \"@type\": \"Organization\",\n\t            \"@id\": \"https:\/\/www.criteo.com\/it\/#organization\",\n\t            \"name\": \"Criteo\",\n\t            \"alternateName\": \"Criteo corp\",\n\t            \"url\": \"https:\/\/www.criteo.com\/it\/\",\n\t            \"logo\": {\n\t                \"@type\": \"ImageObject\",\n\t                \"inLanguage\": \"it-IT\",\n\t                \"@id\": \"https:\/\/www.criteo.com\/it\/#\/schema\/logo\/image\/\",\n\t                \"url\": \"https:\/\/www.criteo.com\/it\/wp-content\/uploads\/sites\/9\/2024\/02\/Criteo-Logo.svg\",\n\t                \"contentUrl\": \"https:\/\/www.criteo.com\/it\/wp-content\/uploads\/sites\/9\/2024\/02\/Criteo-Logo.svg\",\n\t                \"width\": 118,\n\t                \"height\": 24,\n\t                \"caption\": \"Criteo\"\n\t            },\n\t            \"image\": {\n\t                \"@id\": \"https:\/\/www.criteo.com\/it\/#\/schema\/logo\/image\/\"\n\t            }\n\t        }\n\t    ]\n\t}<\/script>\n<!-- \/ Yoast SEO plugin. -->","yoast_head_json":{"title":"Trust Center | IT - Criteo","description":"Etica, privacy, sicurezza e lealt\u00e0 nel business","robots":{"index":"index","follow":"follow","max-snippet":"max-snippet:-1","max-image-preview":"max-image-preview:large","max-video-preview":"max-video-preview:-1"},"canonical":"https:\/\/www.criteo.com\/it\/trust-center\/","og_locale":"it_IT","og_type":"article","og_title":"Trust Center | IT - Criteo","og_description":"Etica, privacy, sicurezza e lealt\u00e0 nel business","og_url":"https:\/\/www.criteo.com\/it\/trust-center\/","og_site_name":"IT - Criteo","article_modified_time":"2026-05-08T19:58:01+00:00","twitter_card":"summary_large_image","schema":{"@context":"https:\/\/schema.org","@graph":[{"@type":"WebPage","@id":"https:\/\/www.criteo.com\/it\/trust-center\/","url":"https:\/\/www.criteo.com\/it\/trust-center\/","name":"Trust Center | IT - Criteo","isPartOf":{"@id":"https:\/\/www.criteo.com\/it\/#website"},"datePublished":"2025-12-12T16:23:20+00:00","dateModified":"2026-05-08T19:58:01+00:00","description":"Etica, privacy, sicurezza e lealt\u00e0 nel business","breadcrumb":{"@id":"https:\/\/www.criteo.com\/it\/trust-center\/#breadcrumb"},"inLanguage":"it-IT","potentialAction":[{"@type":"ReadAction","target":["https:\/\/www.criteo.com\/it\/trust-center\/"]}]},{"@type":"BreadcrumbList","@id":"https:\/\/www.criteo.com\/it\/trust-center\/#breadcrumb","itemListElement":[{"@type":"ListItem","position":1,"name":"Home","item":"https:\/\/www.criteo.com\/it\/"},{"@type":"ListItem","position":2,"name":"Trust Center"}]},{"@type":"WebSite","@id":"https:\/\/www.criteo.com\/it\/#website","url":"https:\/\/www.criteo.com\/it\/","name":"IT - Criteo","description":"","publisher":{"@id":"https:\/\/www.criteo.com\/it\/#organization"},"potentialAction":[{"@type":"SearchAction","target":{"@type":"EntryPoint","urlTemplate":"https:\/\/www.criteo.com\/it\/?s={search_term_string}"},"query-input":{"@type":"PropertyValueSpecification","valueRequired":true,"valueName":"search_term_string"}}],"inLanguage":"it-IT"},{"@type":"Organization","@id":"https:\/\/www.criteo.com\/it\/#organization","name":"Criteo","alternateName":"Criteo corp","url":"https:\/\/www.criteo.com\/it\/","logo":{"@type":"ImageObject","inLanguage":"it-IT","@id":"https:\/\/www.criteo.com\/it\/#\/schema\/logo\/image\/","url":"https:\/\/www.criteo.com\/it\/wp-content\/uploads\/sites\/9\/2024\/02\/Criteo-Logo.svg","contentUrl":"https:\/\/www.criteo.com\/it\/wp-content\/uploads\/sites\/9\/2024\/02\/Criteo-Logo.svg","width":118,"height":24,"caption":"Criteo"},"image":{"@id":"https:\/\/www.criteo.com\/it\/#\/schema\/logo\/image\/"}}]}},"_links":{"self":[{"href":"https:\/\/www.criteo.com\/it\/wp-json\/wp\/v2\/pages\/19706","targetHints":{"allow":["GET"]}}],"collection":[{"href":"https:\/\/www.criteo.com\/it\/wp-json\/wp\/v2\/pages"}],"about":[{"href":"https:\/\/www.criteo.com\/it\/wp-json\/wp\/v2\/types\/page"}],"author":[{"embeddable":true,"href":"https:\/\/www.criteo.com\/it\/wp-json\/wp\/v2\/users\/167"}],"replies":[{"embeddable":true,"href":"https:\/\/www.criteo.com\/it\/wp-json\/wp\/v2\/comments?post=19706"}],"version-history":[{"count":8,"href":"https:\/\/www.criteo.com\/it\/wp-json\/wp\/v2\/pages\/19706\/revisions"}],"predecessor-version":[{"id":19849,"href":"https:\/\/www.criteo.com\/it\/wp-json\/wp\/v2\/pages\/19706\/revisions\/19849"}],"wp:attachment":[{"href":"https:\/\/www.criteo.com\/it\/wp-json\/wp\/v2\/media?parent=19706"}],"wp:term":[{"taxonomy":"author","embeddable":true,"href":"https:\/\/www.criteo.com\/it\/wp-json\/wp\/v2\/coauthors?post=19706"}],"curies":[{"name":"wp","href":"https:\/\/api.w.org\/{rel}","templated":true}]}}