{"id":19719,"date":"2023-07-03T15:26:51","date_gmt":"2023-07-03T19:26:51","guid":{"rendered":"https:\/\/www.criteo.com\/?page_id=383892"},"modified":"2026-05-09T16:29:38","modified_gmt":"2026-05-09T14:29:38","slug":"phishing-campaigns-examples","status":"publish","type":"page","link":"https:\/\/www.criteo.com\/it\/trust-center\/security\/phishing-campaigns-examples\/","title":{"rendered":"Esempi di campagne di phishing e truffe"},"content":{"rendered":"<p>I truffatori cercano di ottenere le credenziali di Criteo dei nostri clienti o di sottrarre denaro fingendosi noi. Fai attenzione a potenziali pericoli e proteggiti.<\/p>\n<p><a href=\"mailto:security@criteo.com\"><button class=\"button pt-st-5 pb-st-5 pl-st-6 pr-st-6 button__default\">Segnala un tentativo di phishing<\/button><\/a><\/p>\n<h2>Campagne di phishing e truffe attualmente ricorrenti<\/h2>\n<p>I tentativi di phishing e truffa in cui dei malintenzionati potrebbero fingere di rappresentare Criteo possono colpire chiunque. Per proteggerti, qui sotto troverai un elenco che riporta alcuni recenti esempi. Se hai dubbi sull\u2019autenticit\u00e0 di una comunicazione da parte di Criteo, consultalo.<\/p>\n<h3>NOVEMBRE 2025<\/h3>\n<p><strong>Pagine di accesso false<\/strong><\/p>\n<p>Abbiamo scoperto una campagna di phishing che utilizzava siti web replica del portale ufficiale di accesso di Criteo. Sono stati rilevati i domini criteoppc[.]com e criteotop[.]com. Questi siti sono studiati per sembrare a tutti gli effetti interfacce di accesso all\u2019account di Criteo e invitare gli utenti a inserire le proprie credenziali.<\/p>\n<p class=\"P68B1DB1-Normal1\"><strong>Ricorda<\/strong>:<\/p>\n<div class=\"x_elementToProof\">\n<p>\u2002\u2002\u2002\u2002\u2002\u2002- Criteo non ti chieder\u00e0 mai di accedere tramite URL esterne o che non conosci.<\/p>\n<\/div>\n<div class=\"x_elementToProof\">\n<p>\u2002\u2002\u2002\u2002\u2002\u2002- Le uniche pagine di accesso ufficiali sono accessibili da account.criteo.com o login.criteo.com.<\/p>\n<\/div>\n<div class=\"x_elementToProof\">\n<p>\u2002\u2002\u2002\u2002\u2002\u2002- Verifica sempre l\u2019indirizzo completo del sito nel tuo browser prima di inserire qualsiasi credenziale.<\/p>\n<\/div>\n<div class=\"x_elementToProof\">\n<p>\u2002\u2002\u2002\u2002\u2002\u2002- Se riscontri URL sospetti o sconosciuti stranamente simili a quelle di Criteo, segnalali al nostro Team responsabile della sicurezza all\u2019indirizzo <a href=\"mailto:security@criteo.com\">security@criteo.com<\/a><\/p>\n<\/div>\n<div><\/div>\n<div><img loading=\"lazy\" decoding=\"async\" class=\" wp-image-416265 aligncenter\" src=\"https:\/\/www.criteo.com\/wp-content\/uploads\/2025\/11\/campaign_example.jpg\" alt=\"\" width=\"372\" height=\"302\" \/><\/div>\n<h3>NOVEMBRE 2025<\/h3>\n<p><strong>Piattaforme di assegnazione di lavoro fraudolente<\/strong><\/p>\n<p>Abbiamo rilevato un\u2019altra truffa che sfrutta in modo disonesto il nome della nostra azienda per promuovere false opportunit\u00e0 di lavoro. Le vittime vengono indotte a completare semplici incarichi online e sono poi costrette a versare ingenti somme di denaro con la promessa di pagamenti futuri.<\/p>\n<p><strong>Ricorda:<\/strong> non siamo affiliati a tali piattaforme. Non chiediamo mai di pagare o investire denaro per svolgere lavori.<\/p>\n<p>Se noti attivit\u00e0 sospette che utilizzano il nostro nome, segnalacele immediatamente.<\/p>\n<p>Se hai subito una truffa simile, ti invitiamo vivamente a segnalarlo alle autorit\u00e0 locali competenti.<\/p>\n<p>I siti attualmente utilizzati per questa truffa sono criteoer[.]com e criteork[.]com.<\/p>\n<p><img loading=\"lazy\" decoding=\"async\" class=\"wp-image-415981 aligncenter\" src=\"https:\/\/www.criteo.com\/wp-content\/uploads\/2025\/11\/criteoer1_clean.png\" alt=\"\" width=\"344\" height=\"577\" \/><\/p>\n<p><img loading=\"lazy\" decoding=\"async\" class=\"wp-image-415983 aligncenter\" src=\"https:\/\/www.criteo.com\/wp-content\/uploads\/2025\/11\/criteoer2_clean.png\" alt=\"\" width=\"340\" height=\"570\" \/><\/p>\n<h3>OTTOBRE 2025<\/h3>\n<p><strong>Campagna pubblicitaria falsa<\/strong><\/p>\n<p>Alcuni hacker stanno utilizzando una campagna pubblicitaria falsa, promossa tramite canali come WhatsApp, che reindirizza verso siti web fraudolenti (come svcriteo[.]com, secriteo[.]com, criteoseapp[.]com, plcriteo[.]pages[.]dev e svcriteo[.]pages[.]dev). Tali siti inducono le vittime a effettuare versamenti attraverso questi siti. Negli allegati troverai delle catture dello schermo che ti mostreranno come sono fatte queste pagine.<\/p>\n<p><strong>Ricorda:<\/strong> Criteo non utilizza mai Teams, Telegram, Signal o qualsiasi altra piattaforma di messaggistica per comunicare. Le email non vengono inviate da servizi di posta elettronica pubblici quali Outlook, Gmail, ecc.<\/p>\n<p><img loading=\"lazy\" decoding=\"async\" class=\"wp-image-415710 aligncenter\" src=\"https:\/\/www.criteo.com\/wp-content\/uploads\/2025\/10\/IMG_5667.png\" alt=\"\" width=\"308\" height=\"527\" \/><\/p>\n<p style=\"text-align: center;\"><img loading=\"lazy\" decoding=\"async\" class=\"wp-image-415707 aligncenter\" src=\"https:\/\/www.criteo.com\/wp-content\/uploads\/2025\/10\/Screenshot_20251026_151722_Samsung-Internet84-scaled.jpg\" alt=\"\" width=\"313\" height=\"695\" \/><\/p>\n<h3>FEBBRAIO 2024<\/h3>\n<p><strong>Campagna di selezione del personale falsa (Teams \/ Outlook \/ Gmail)<\/strong><\/p>\n<p>Alcuni hacker utilizzano i portali di ricerca di lavoro per contattare i candidati via email (Outlook, Gmail, ecc.) e li invitano a proseguire la selezione tramite Teams. Potrebbero dire che hanno bisogno delle tue informazioni personali per inviarti un assegno destinato all\u2019acquisto dell\u2019attrezzatura informatica necessaria per lavorare.<\/p>\n<p><strong>Ricorda:<\/strong> Criteo non utilizza mai Teams, Telegram, Signal o qualsiasi altra piattaforma di messaggistica per comunicare. Le email non vengono inviate da servizi di posta elettronica pubblici quali Outlook, Gmail, ecc.<\/p>\n<p>Siamo presenti solo su Facebook, Instagram, YouTube, X e LinkedIn. Se vuoi lavorare per noi, visita la nostra pagina ufficiale dedicata alle opportunit\u00e0 di lavoro.<\/p>\n<p><img loading=\"lazy\" decoding=\"async\" class=\"aligncenter wp-image-395707 size-full\" src=\"https:\/\/www.criteo.com\/wp-content\/uploads\/2024\/02\/fake-email-example-min.png\" alt=\"\" width=\"1200\" height=\"725\" \/><\/p>\n<p>&nbsp;<\/p>\n<h3>AGOSTO 2023<\/h3>\n<p><strong>Falsa campagna di selezione del personale<\/strong><\/p>\n<p>Alcuni hacker si spacciano per noi dando vita a una falsa campagna di selezione. Richiedono dati personali, ma non esiste alcuna offerta di lavoro reale.<\/p>\n<p><strong>Ricorda:<\/strong> Criteo non comunica attraverso Telegram, Signal n\u00e9 altre piattaforme di messaggistica. Qualsiasi account che si spaccia per noi su questi canali \u00e8 falso. Siamo presenti solo su Facebook, Instagram, YouTube, X e LinkedIn. Se vuoi lavorare per noi, visita la nostra pagina ufficiale dedicata alle opportunit\u00e0 di lavoro.<\/p>\n<p><img loading=\"lazy\" decoding=\"async\" class=\"alignnone size-full wp-image-387329 aligncenter\" src=\"https:\/\/www.criteo.com\/wp-content\/uploads\/2023\/09\/fake_recruitment_campaign.png\" alt=\"\" width=\"596\" height=\"515\" \/><\/p>\n<p>&nbsp;<\/p>\n<p><strong>Alcuni truffatori si spacciano per Criteo, proponendo piccoli incarichi<\/strong><\/p>\n<p>Alcuni truffatori si spacciano per noi, cercando di indurre le persone a svolgere determinate attivit\u00e0 a pagamento (per esempio valutare siti web, ecc.). Utilizzano piattaforme social come Telegram e TikTok.<\/p>\n<p>Di solito richiedono un portafoglio crypto (Binance, Moonpay, \u2026) o le relative password con il pretesto di erogare uno \u201cstipendio\u201d.<\/p>\n<p><strong>Ricorda:<\/strong> Criteo non lavora secondo questa modalit\u00e0 e non ti chieder\u00e0 mai di portare a termine delle attivit\u00e0 a pagamento. Non acconsentire all\u2019apertura di un portafoglio se ti viene richiesto e non condividere mai le tue password con nessuno. Segnala la truffa tramite la tua applicazione di messaggistica.<\/p>\n<p><img loading=\"lazy\" decoding=\"async\" class=\"aligncenter wp-image-386216\" src=\"https:\/\/www.criteo.com\/wp-content\/uploads\/2023\/08\/english_daily_commissions-scaled.jpg\" alt=\"\" width=\"300\" height=\"633\" \/><\/p>\n<p><img loading=\"lazy\" decoding=\"async\" class=\"aligncenter wp-image-386217\" src=\"https:\/\/www.criteo.com\/wp-content\/uploads\/2023\/08\/italian_tasks_system-461x1024.jpg\" alt=\"\" width=\"300\" height=\"667\" \/><\/p>\n<p>&nbsp;<\/p>\n<h3>GENNAIO 2023<\/h3>\n<p><strong>Investimenti in marketing pubblicitario con Criteo<\/strong><\/p>\n<p>Alcuni truffatori cercano di sottrarre denaro attraverso una finta azienda denominata \u201cCriteo Advertx Trading\u201d. WhatsApp \u00e8 uno dei canali che usano per contattarti.<\/p>\n<p>Propongono diverse formule di investimento. Per poter investire, il denaro deve prima essere depositato su un conto bancario. Viene promessa la restituzione del denaro con un\u2018elevata percentuale di bonus.<\/p>\n<p><strong>Ricorda: <\/strong>Criteo non ti chieder\u00e0 mai di depositare denaro per ricevere una commissione. Non \u00e8 cos\u00ec che lavora la nostra azienda.<\/p>\n<p><img loading=\"lazy\" decoding=\"async\" class=\"aligncenter wp-image-383337 size-full\" src=\"https:\/\/www.criteo.com\/wp-content\/uploads\/2023\/07\/OPC-e1687881317417.jpg\" alt=\"\" width=\"300\" height=\"425\" \/><img loading=\"lazy\" decoding=\"async\" class=\"aligncenter wp-image-383335 size-full\" src=\"https:\/\/www.criteo.com\/wp-content\/uploads\/2023\/07\/OPC-1-e1687881337167.jpg\" alt=\"\" width=\"300\" height=\"425\" \/><\/p>\n<p>&nbsp;<\/p>\n<p>&nbsp;<\/p>\n<h3>AGOSTO 2022<\/h3>\n<p><strong>Tentativi di frode finanziaria<\/strong><\/p>\n<p>I truffatori utilizzano nomi di dominio contraffatti, molto simili ai nostri, per spacciarsi per Criteo.<\/p>\n<p>Prendono cos\u00ec di mira i nostri clienti e cercano di convincerli a modificare le impostazioni di pagamento del loro account Criteo per avere accesso al loro conto bancario.<\/p>\n<p>Esempi di questi nomi di dominio fasulli:<\/p>\n<p>cri<strong>i<\/strong>teo.com<\/p>\n<p>crite<strong>e<\/strong>o.com<\/p>\n<p>criteo<strong>group<\/strong>.com<\/p>\n<p><strong>it-<\/strong>criteo.com<\/p>\n<p>I clienti ricevono un\u2019email da quello che sembra un dipendente reale di Criteo, il cui indirizzo email sembra quello ufficiale ma in realt\u00e0 non lo \u00e8 (ad esempio, viene utilizzato xxx@criiteo.com anzich\u00e9 xxx@criteo.com). Questo falso dipendente potrebbe richiedere la modifica di un metodo di pagamento, dell\u2019email o l\u2019accesso a informazioni sensibili.<\/p>\n<p>La differenza tra un nome di dominio fasullo e il nostro a volte \u00e8 davvero minima. Consigliamo di prestare la massima attenzione ai nomi di dominio e ai link presenti in tutte le email.<\/p>\n<p><img loading=\"lazy\" decoding=\"async\" class=\"aligncenter wp-image-383331 size-full\" src=\"https:\/\/www.criteo.com\/wp-content\/uploads\/2023\/07\/FFA-e1687881443625.png\" alt=\"\" width=\"300\" height=\"225\" \/><\/p>\n<p>&nbsp;<\/p>\n<h3>MAGGIO 2022<\/h3>\n<p><strong>Pagine di accesso fasulle<\/strong><\/p>\n<p>Alcuni truffatori hanno registrato diversi nomi di dominio per spacciarsi per Criteo. Hanno utilizzato questi domini per ospitare pagine di accesso false, dal design simile al nostro e talvolta con contenuti identici. Il loro scopo \u00e8 quello di sottrarre le credenziali di clienti, che ignari del tutto tenteranno di accedere ai loro account di Criteo.<\/p>\n<p>Gli unici URL ufficiali per accedere al tuo account sono: account.criteo.com e login.criteo.com<\/p>\n<p>&nbsp;<\/p>\n<p><img loading=\"lazy\" decoding=\"async\" class=\"aligncenter wp-image-383330 size-full\" src=\"https:\/\/www.criteo.com\/wp-content\/uploads\/2023\/07\/FLP-e1687881458502.png\" alt=\"\" width=\"300\" height=\"503\" \/><\/p>\n<p>&nbsp;<\/p>\n<h3>GENNAIO 2022<\/h3>\n<p><strong>Falsa campagna di selezione del personale<\/strong><\/p>\n<p>Sono stati registrati domini fraudolenti che ricordano il nostro dominio ufficiale Criteo e sono stati utilizzati in una campagna di selezione del personale fasulla.<\/p>\n<p>Questi truffatori ingannano le vittime facendo loro credere che guadagneranno denaro tramite commissioni ottenute come agenti di Criteo.<\/p>\n<p>I truffatori richiedono loro di effettuare diversi versamenti nel corso della procedura per \u201cattivare una procedura di creazione di dati\u201d e completare l\u2019operazione. Si tratta di una truffa: Criteo non chieder\u00e0 mai di versare denaro per ottenere delle commissioni.<\/p>\n<p>&nbsp;<\/p>\n<p>&nbsp;<\/p>\n<p><img loading=\"lazy\" decoding=\"async\" class=\"aligncenter wp-image-383327 size-full\" src=\"https:\/\/www.criteo.com\/wp-content\/uploads\/2023\/07\/FRC-e1687881480417.png\" alt=\"\" width=\"300\" height=\"537\" \/><\/p>\n<p><strong>Segnala un tentativo di phishing<\/strong><\/p>\n<p class=\"P68B1DB1-Normal2\">Per segnalare un tentativo di phishing (via email, WhatsApp, SMS\u2026) inviaci il contenuto sospetto a security@criteo.com. Puoi farlo inoltrandolo come allegato oppure trascinandolo nel messaggio di posta.<\/p>\n<p><strong>Perch\u00e9 dovrei segnalare un tentativo di phishing?<\/strong><\/p>\n<ul>\n<li>Ci aiuti a combattere le truffe che prendono di mira i clienti di Criteo<\/li>\n<li>Ottieni aiuto a tua volta, perch\u00e9 denunciando contribuirai a ridurre il numero di messaggi fraudolenti che potresti ricevere in futuro<\/li>\n<\/ul>\n<p><strong>Cosa succede dopo la tua segnalazione?<\/strong><\/p>\n<ul>\n<li>Il nostro team della sicurezza verificher\u00e0 la tua segnalazione<\/li>\n<li>Se necessario, adotteremo delle contromisure per fermare la campagna di phishing (notifiche di rimozione, blocco degli spammer)<\/li>\n<\/ul>\n","protected":false},"excerpt":{"rendered":"<p>I truffatori cercano di ottenere le credenziali di Criteo dei nostri clienti o di sottrarre denaro fingendosi noi. Fai attenzione a potenziali pericoli e proteggiti. Segnala un tentativo di phishing Campagne di phishing e truffe attualmente ricorrenti I tentativi di phishing e truffa in cui dei malintenzionati potrebbero fingere di rappresentare Criteo possono colpire chiunque. [&hellip;]<\/p>\n","protected":false},"author":159,"featured_media":0,"parent":19709,"menu_order":0,"comment_status":"closed","ping_status":"closed","template":"page-templates\/basic.php","meta":{"_acf_changed":false,"footnotes":""},"coauthors":[461],"class_list":["post-19719","page","type-page","status-publish"],"acf":{"layout_mode":"security-2023","toc_order":"2","has_more_content":false,"storetail_optout":false,"track_page_in_segment":false,"segment_page_name":"","additional_code":"","enable_slide-in":false},"yoast_head":"<!-- This site is optimized with the Yoast SEO plugin v26.4 - https:\/\/yoast.com\/wordpress\/plugins\/seo\/ -->\n<title>Esempi di campagne di phishing e truffe | IT - Criteo<\/title>\n<meta name=\"robots\" content=\"index, follow, max-snippet:-1, max-image-preview:large, max-video-preview:-1\" \/>\n<link rel=\"canonical\" href=\"https:\/\/www.criteo.com\/it\/trust-center\/security\/phishing-campaigns-examples\/\" \/>\n<meta property=\"og:locale\" content=\"it_IT\" \/>\n<meta property=\"og:type\" content=\"article\" \/>\n<meta property=\"og:title\" content=\"Esempi di campagne di phishing e truffe | IT - Criteo\" \/>\n<meta property=\"og:description\" content=\"I truffatori cercano di ottenere le credenziali di Criteo dei nostri clienti o di sottrarre denaro fingendosi noi. Fai attenzione a potenziali pericoli e proteggiti. Segnala un tentativo di phishing Campagne di phishing e truffe attualmente ricorrenti I tentativi di phishing e truffa in cui dei malintenzionati potrebbero fingere di rappresentare Criteo possono colpire chiunque. [&hellip;]\" \/>\n<meta property=\"og:url\" content=\"https:\/\/www.criteo.com\/it\/trust-center\/security\/phishing-campaigns-examples\/\" \/>\n<meta property=\"og:site_name\" content=\"IT - Criteo\" \/>\n<meta property=\"article:modified_time\" content=\"2026-05-09T14:29:38+00:00\" \/>\n<meta property=\"og:image\" content=\"https:\/\/www.criteo.com\/wp-content\/uploads\/2025\/11\/campaign_example.jpg\" \/>\n<meta name=\"twitter:card\" content=\"summary_large_image\" \/>\n<meta name=\"twitter:label1\" content=\"Est. reading time\" \/>\n\t<meta name=\"twitter:data1\" content=\"10 minutes\" \/>\n<script type=\"application\/ld+json\" class=\"yoast-schema-graph\">{\n\t    \"@context\": \"https:\/\/schema.org\",\n\t    \"@graph\": [\n\t        {\n\t            \"@type\": \"WebPage\",\n\t            \"@id\": \"https:\/\/www.criteo.com\/it\/trust-center\/security\/phishing-campaigns-examples\/\",\n\t            \"url\": \"https:\/\/www.criteo.com\/it\/trust-center\/security\/phishing-campaigns-examples\/\",\n\t            \"name\": \"Esempi di campagne di phishing e truffe | IT - Criteo\",\n\t            \"isPartOf\": {\n\t                \"@id\": \"https:\/\/www.criteo.com\/it\/#website\"\n\t            },\n\t            \"primaryImageOfPage\": {\n\t                \"@id\": \"https:\/\/www.criteo.com\/it\/trust-center\/security\/phishing-campaigns-examples\/#primaryimage\"\n\t            },\n\t            \"image\": {\n\t                \"@id\": \"https:\/\/www.criteo.com\/it\/trust-center\/security\/phishing-campaigns-examples\/#primaryimage\"\n\t            },\n\t            \"thumbnailUrl\": \"https:\/\/www.criteo.com\/wp-content\/uploads\/2025\/11\/campaign_example.jpg\",\n\t            \"datePublished\": \"2023-07-03T19:26:51+00:00\",\n\t            \"dateModified\": \"2026-05-09T14:29:38+00:00\",\n\t            \"breadcrumb\": {\n\t                \"@id\": \"https:\/\/www.criteo.com\/it\/trust-center\/security\/phishing-campaigns-examples\/#breadcrumb\"\n\t            },\n\t            \"inLanguage\": \"it-IT\",\n\t            \"potentialAction\": [\n\t                {\n\t                    \"@type\": \"ReadAction\",\n\t                    \"target\": [\n\t                        \"https:\/\/www.criteo.com\/it\/trust-center\/security\/phishing-campaigns-examples\/\"\n\t                    ]\n\t                }\n\t            ]\n\t        },\n\t        {\n\t            \"@type\": \"ImageObject\",\n\t            \"inLanguage\": \"it-IT\",\n\t            \"@id\": \"https:\/\/www.criteo.com\/it\/trust-center\/security\/phishing-campaigns-examples\/#primaryimage\",\n\t            \"url\": \"https:\/\/www.criteo.com\/wp-content\/uploads\/2025\/11\/campaign_example.jpg\",\n\t            \"contentUrl\": \"https:\/\/www.criteo.com\/wp-content\/uploads\/2025\/11\/campaign_example.jpg\"\n\t        },\n\t        {\n\t            \"@type\": \"BreadcrumbList\",\n\t            \"@id\": \"https:\/\/www.criteo.com\/it\/trust-center\/security\/phishing-campaigns-examples\/#breadcrumb\",\n\t            \"itemListElement\": [\n\t                {\n\t                    \"@type\": \"ListItem\",\n\t                    \"position\": 1,\n\t                    \"name\": \"Home\",\n\t                    \"item\": \"https:\/\/www.criteo.com\/it\/\"\n\t                },\n\t                {\n\t                    \"@type\": \"ListItem\",\n\t                    \"position\": 2,\n\t                    \"name\": \"Trust Center\",\n\t                    \"item\": \"https:\/\/www.criteo.com\/it\/trust-center\/\"\n\t                },\n\t                {\n\t                    \"@type\": \"ListItem\",\n\t                    \"position\": 3,\n\t                    \"name\": \"Sicurezza\",\n\t                    \"item\": \"https:\/\/www.criteo.com\/it\/trust-center\/security\/\"\n\t                },\n\t                {\n\t                    \"@type\": \"ListItem\",\n\t                    \"position\": 4,\n\t                    \"name\": \"Esempi di campagne di phishing e truffe\"\n\t                }\n\t            ]\n\t        },\n\t        {\n\t            \"@type\": \"WebSite\",\n\t            \"@id\": \"https:\/\/www.criteo.com\/it\/#website\",\n\t            \"url\": \"https:\/\/www.criteo.com\/it\/\",\n\t            \"name\": \"IT - Criteo\",\n\t            \"description\": \"\",\n\t            \"publisher\": {\n\t                \"@id\": \"https:\/\/www.criteo.com\/it\/#organization\"\n\t            },\n\t            \"potentialAction\": [\n\t                {\n\t                    \"@type\": \"SearchAction\",\n\t                    \"target\": {\n\t                        \"@type\": \"EntryPoint\",\n\t                        \"urlTemplate\": \"https:\/\/www.criteo.com\/it\/?s={search_term_string}\"\n\t                    },\n\t                    \"query-input\": {\n\t                        \"@type\": \"PropertyValueSpecification\",\n\t                        \"valueRequired\": true,\n\t                        \"valueName\": \"search_term_string\"\n\t                    }\n\t                }\n\t            ],\n\t            \"inLanguage\": \"it-IT\"\n\t        },\n\t        {\n\t            \"@type\": \"Organization\",\n\t            \"@id\": \"https:\/\/www.criteo.com\/it\/#organization\",\n\t            \"name\": \"Criteo\",\n\t            \"alternateName\": \"Criteo corp\",\n\t            \"url\": \"https:\/\/www.criteo.com\/it\/\",\n\t            \"logo\": {\n\t                \"@type\": \"ImageObject\",\n\t                \"inLanguage\": \"it-IT\",\n\t                \"@id\": \"https:\/\/www.criteo.com\/it\/#\/schema\/logo\/image\/\",\n\t                \"url\": \"https:\/\/www.criteo.com\/it\/wp-content\/uploads\/sites\/9\/2024\/02\/Criteo-Logo.svg\",\n\t                \"contentUrl\": \"https:\/\/www.criteo.com\/it\/wp-content\/uploads\/sites\/9\/2024\/02\/Criteo-Logo.svg\",\n\t                \"width\": 118,\n\t                \"height\": 24,\n\t                \"caption\": \"Criteo\"\n\t            },\n\t            \"image\": {\n\t                \"@id\": \"https:\/\/www.criteo.com\/it\/#\/schema\/logo\/image\/\"\n\t            }\n\t        }\n\t    ]\n\t}<\/script>\n<!-- \/ Yoast SEO plugin. -->","yoast_head_json":{"title":"Esempi di campagne di phishing e truffe | IT - Criteo","robots":{"index":"index","follow":"follow","max-snippet":"max-snippet:-1","max-image-preview":"max-image-preview:large","max-video-preview":"max-video-preview:-1"},"canonical":"https:\/\/www.criteo.com\/it\/trust-center\/security\/phishing-campaigns-examples\/","og_locale":"it_IT","og_type":"article","og_title":"Esempi di campagne di phishing e truffe | IT - Criteo","og_description":"I truffatori cercano di ottenere le credenziali di Criteo dei nostri clienti o di sottrarre denaro fingendosi noi. Fai attenzione a potenziali pericoli e proteggiti. Segnala un tentativo di phishing Campagne di phishing e truffe attualmente ricorrenti I tentativi di phishing e truffa in cui dei malintenzionati potrebbero fingere di rappresentare Criteo possono colpire chiunque. [&hellip;]","og_url":"https:\/\/www.criteo.com\/it\/trust-center\/security\/phishing-campaigns-examples\/","og_site_name":"IT - Criteo","article_modified_time":"2026-05-09T14:29:38+00:00","og_image":[{"url":"https:\/\/www.criteo.com\/wp-content\/uploads\/2025\/11\/campaign_example.jpg","type":"","width":"","height":""}],"twitter_card":"summary_large_image","twitter_misc":{"Est. reading time":"10 minutes"},"schema":{"@context":"https:\/\/schema.org","@graph":[{"@type":"WebPage","@id":"https:\/\/www.criteo.com\/it\/trust-center\/security\/phishing-campaigns-examples\/","url":"https:\/\/www.criteo.com\/it\/trust-center\/security\/phishing-campaigns-examples\/","name":"Esempi di campagne di phishing e truffe | IT - Criteo","isPartOf":{"@id":"https:\/\/www.criteo.com\/it\/#website"},"primaryImageOfPage":{"@id":"https:\/\/www.criteo.com\/it\/trust-center\/security\/phishing-campaigns-examples\/#primaryimage"},"image":{"@id":"https:\/\/www.criteo.com\/it\/trust-center\/security\/phishing-campaigns-examples\/#primaryimage"},"thumbnailUrl":"https:\/\/www.criteo.com\/wp-content\/uploads\/2025\/11\/campaign_example.jpg","datePublished":"2023-07-03T19:26:51+00:00","dateModified":"2026-05-09T14:29:38+00:00","breadcrumb":{"@id":"https:\/\/www.criteo.com\/it\/trust-center\/security\/phishing-campaigns-examples\/#breadcrumb"},"inLanguage":"it-IT","potentialAction":[{"@type":"ReadAction","target":["https:\/\/www.criteo.com\/it\/trust-center\/security\/phishing-campaigns-examples\/"]}]},{"@type":"ImageObject","inLanguage":"it-IT","@id":"https:\/\/www.criteo.com\/it\/trust-center\/security\/phishing-campaigns-examples\/#primaryimage","url":"https:\/\/www.criteo.com\/wp-content\/uploads\/2025\/11\/campaign_example.jpg","contentUrl":"https:\/\/www.criteo.com\/wp-content\/uploads\/2025\/11\/campaign_example.jpg"},{"@type":"BreadcrumbList","@id":"https:\/\/www.criteo.com\/it\/trust-center\/security\/phishing-campaigns-examples\/#breadcrumb","itemListElement":[{"@type":"ListItem","position":1,"name":"Home","item":"https:\/\/www.criteo.com\/it\/"},{"@type":"ListItem","position":2,"name":"Trust Center","item":"https:\/\/www.criteo.com\/it\/trust-center\/"},{"@type":"ListItem","position":3,"name":"Sicurezza","item":"https:\/\/www.criteo.com\/it\/trust-center\/security\/"},{"@type":"ListItem","position":4,"name":"Esempi di campagne di phishing e truffe"}]},{"@type":"WebSite","@id":"https:\/\/www.criteo.com\/it\/#website","url":"https:\/\/www.criteo.com\/it\/","name":"IT - Criteo","description":"","publisher":{"@id":"https:\/\/www.criteo.com\/it\/#organization"},"potentialAction":[{"@type":"SearchAction","target":{"@type":"EntryPoint","urlTemplate":"https:\/\/www.criteo.com\/it\/?s={search_term_string}"},"query-input":{"@type":"PropertyValueSpecification","valueRequired":true,"valueName":"search_term_string"}}],"inLanguage":"it-IT"},{"@type":"Organization","@id":"https:\/\/www.criteo.com\/it\/#organization","name":"Criteo","alternateName":"Criteo corp","url":"https:\/\/www.criteo.com\/it\/","logo":{"@type":"ImageObject","inLanguage":"it-IT","@id":"https:\/\/www.criteo.com\/it\/#\/schema\/logo\/image\/","url":"https:\/\/www.criteo.com\/it\/wp-content\/uploads\/sites\/9\/2024\/02\/Criteo-Logo.svg","contentUrl":"https:\/\/www.criteo.com\/it\/wp-content\/uploads\/sites\/9\/2024\/02\/Criteo-Logo.svg","width":118,"height":24,"caption":"Criteo"},"image":{"@id":"https:\/\/www.criteo.com\/it\/#\/schema\/logo\/image\/"}}]}},"_links":{"self":[{"href":"https:\/\/www.criteo.com\/it\/wp-json\/wp\/v2\/pages\/19719","targetHints":{"allow":["GET"]}}],"collection":[{"href":"https:\/\/www.criteo.com\/it\/wp-json\/wp\/v2\/pages"}],"about":[{"href":"https:\/\/www.criteo.com\/it\/wp-json\/wp\/v2\/types\/page"}],"author":[{"embeddable":true,"href":"https:\/\/www.criteo.com\/it\/wp-json\/wp\/v2\/users\/159"}],"replies":[{"embeddable":true,"href":"https:\/\/www.criteo.com\/it\/wp-json\/wp\/v2\/comments?post=19719"}],"version-history":[{"count":6,"href":"https:\/\/www.criteo.com\/it\/wp-json\/wp\/v2\/pages\/19719\/revisions"}],"predecessor-version":[{"id":19860,"href":"https:\/\/www.criteo.com\/it\/wp-json\/wp\/v2\/pages\/19719\/revisions\/19860"}],"up":[{"embeddable":true,"href":"https:\/\/www.criteo.com\/it\/wp-json\/wp\/v2\/pages\/19709"}],"wp:attachment":[{"href":"https:\/\/www.criteo.com\/it\/wp-json\/wp\/v2\/media?parent=19719"}],"wp:term":[{"taxonomy":"author","embeddable":true,"href":"https:\/\/www.criteo.com\/it\/wp-json\/wp\/v2\/coauthors?post=19719"}],"curies":[{"name":"wp","href":"https:\/\/api.w.org\/{rel}","templated":true}]}}