{"id":19775,"date":"2024-12-23T16:40:56","date_gmt":"2024-12-23T21:40:56","guid":{"rendered":"https:\/\/www.criteo.com\/?page_id=410772"},"modified":"2026-05-08T21:32:52","modified_gmt":"2026-05-08T19:32:52","slug":"privacy-commitment","status":"publish","type":"page","link":"https:\/\/www.criteo.com\/it\/trust-center\/privacy-commitment\/","title":{"rendered":"Privacy Commitment"},"content":{"rendered":"","protected":false},"excerpt":{"rendered":"","protected":false},"author":55,"featured_media":0,"parent":19706,"menu_order":0,"comment_status":"closed","ping_status":"closed","template":"page-templates\/pageModular2020.php","meta":{"_acf_changed":false,"footnotes":""},"coauthors":[458],"class_list":["post-19775","page","type-page","status-publish"],"acf":{"stae_popup_enable":false,"track_page_in_segment":false,"segment_page_name":"","layouts":[{"acf_fc_layout":"hero_2023","hero_2023":{"section_customization":{"anchor_id":"","background_type":"solid-color","background_color":{"color":"snowy-mint"},"background_gradient":"","background_image":false,"background_image_position":"center-center","background_overlay":"none","use_custom_paddings":false,"custom_padding":{"desktop_top":"","desktop_bottom":"","mobile_top":"","mobile_bottom":""},"use_custom_margins":false,"custom_margins":{"desktop_top_margin":"","desktop_bottom_margin":"","mobile_top_margin":"","mobile_bottom_margin":""}},"intro":{"intro":{"show_intro_block":true,"image_as_caption":false,"image":false,"caption":"PRIVACY","caption_is_page_title":false,"title":"Servizi pubblicitari che danno priorit\u00e0 alla privacy","title_size":"h4","description":"<p>Ogni singolo progetto che sviluppiamo segue principi di Privacy by Design per garantire la massima confidenzialit\u00e0, disponibilit\u00e0 e sicurezza agli utenti.<\/p>\n","description_font_size":"default"}},"button":{"type":"internal","text":"","link_internal":"","link_media":false,"link_external":"https:\/\/www.criteo.com\/talk-to-an-expert\/","link_embed":"","link_email":"","email_subject":"","page_element_id":"","variant":"default","ai_variant":"gradient-border","icon":"none","ai_icon":"none","new_window":[],"track_button":false,"button_location":false,"event_type":false,"button_classes":"","button_message":""},"add_image":false,"image":false}},{"acf_fc_layout":"product_details","product_details":{"section_customization":{"anchor_id":"","background_type":"solid-color","background_color":{"color":"natural-smoke"},"background_gradient":"","background_image":false,"background_image_position":"center-center","background_overlay":"none","use_custom_paddings":false,"custom_padding":{"desktop_top":"100","desktop_bottom":"75","mobile_top":"25","mobile_bottom":"25"},"use_custom_margins":false,"custom_margins":{"desktop_top_margin":"","desktop_bottom_margin":"","mobile_top_margin":"","mobile_bottom_margin":""}},"intro":{"intro":{"show_intro_block":true,"image_as_caption":false,"image":false,"caption":"","caption_is_page_title":false,"title":"Il nostro impegno per la privacy","title_size":"h4","description":"<p>Il lavoro di Criteo, azienda internazionale con sede a Parigi, in Francia, \u00e8 in linea con normative sulla privacy, standard del settore e pratiche migliori.<\/p>\n<p>Creiamo i nostri servizi mantenendo il massimo rispetto per la privacy degli utenti, utilizzando la pseudonimizzazione e acquisendo solo dati strettamente necessari.<\/p>\n<p>Per mantenere costante la nostra attenzione in tal senso, abbiamo istituito un ufficio per la privacy e nominato un responsabile della salvaguardia dei dati (DPO), che collabora con i team di Ricerca e Sviluppo e Prodotto.<\/p>\n","description_font_size":"default"}},"row_nums":"single","intro_inside_a_column":true,"switch_columns":false,"use_wider_layout":true,"use_wider_intro":true,"add_additional_boxes_below":false,"add_three_stats_above":false,"top_align_columns":false,"uo_list_style_discs":false,"":null,"stats":false,"media_type":"image","image":{"ID":19781,"id":19781,"title":"Cyber security, personal data protection, and business privacy concept. Shield and lock icon in the air while woman scanned by her finger for access identification while using laptop computer.","filename":"Privacy-scaled-1.jpeg","filesize":84656,"url":"https:\/\/www.criteo.com\/it\/wp-content\/uploads\/sites\/9\/2026\/05\/Privacy-scaled-1.jpeg","link":"https:\/\/www.criteo.com\/it\/trust-center\/privacy-commitment\/cyber-security-personal-data-protection-and-business-privacy-concept-shield-and-lock-icon-in-the-air-while-woman-scanned-by-her-finger-for-access-identification-while-using-laptop-computer\/","alt":"","author":"195","description":"","caption":"Cyber security, personal data protection, and business privacy concept. Shield and lock icon in the air while woman scanned by her finger for access identification while using laptop computer.","name":"cyber-security-personal-data-protection-and-business-privacy-concept-shield-and-lock-icon-in-the-air-while-woman-scanned-by-her-finger-for-access-identification-while-using-laptop-computer","status":"inherit","uploaded_to":19775,"date":"2026-05-07 12:55:38","modified":"2026-05-07 13:35:12","menu_order":0,"mime_type":"image\/jpeg","type":"image","subtype":"jpeg","icon":"https:\/\/www.criteo.com\/it\/wp-includes\/images\/media\/default.png","width":2048,"height":1536,"sizes":{"thumbnail":"https:\/\/www.criteo.com\/it\/wp-content\/uploads\/sites\/9\/2026\/05\/Privacy-scaled-1-150x150.jpeg","thumbnail-width":150,"thumbnail-height":150,"medium":"https:\/\/www.criteo.com\/it\/wp-content\/uploads\/sites\/9\/2026\/05\/Privacy-scaled-1-300x225.jpeg","medium-width":300,"medium-height":225,"medium_large":"https:\/\/www.criteo.com\/it\/wp-content\/uploads\/sites\/9\/2026\/05\/Privacy-scaled-1-768x576.jpeg","medium_large-width":640,"medium_large-height":480,"large":"https:\/\/www.criteo.com\/it\/wp-content\/uploads\/sites\/9\/2026\/05\/Privacy-scaled-1-1024x768.jpeg","large-width":640,"large-height":480,"1536x1536":"https:\/\/www.criteo.com\/it\/wp-content\/uploads\/sites\/9\/2026\/05\/Privacy-scaled-1-1536x1152.jpeg","1536x1536-width":1536,"1536x1536-height":1152,"2048x2048":"https:\/\/www.criteo.com\/it\/wp-content\/uploads\/sites\/9\/2026\/05\/Privacy-scaled-1.jpeg","2048x2048-width":2048,"2048x2048-height":1536,"success-story":"https:\/\/www.criteo.com\/it\/wp-content\/uploads\/sites\/9\/2026\/05\/Privacy-scaled-1-630x473.jpeg","success-story-width":630,"success-story-height":473,"profile_24":"https:\/\/www.criteo.com\/it\/wp-content\/uploads\/sites\/9\/2026\/05\/Privacy-scaled-1-24x24.jpeg","profile_24-width":24,"profile_24-height":24,"profile_48":"https:\/\/www.criteo.com\/it\/wp-content\/uploads\/sites\/9\/2026\/05\/Privacy-scaled-1-48x48.jpeg","profile_48-width":48,"profile_48-height":48,"profile_96":"https:\/\/www.criteo.com\/it\/wp-content\/uploads\/sites\/9\/2026\/05\/Privacy-scaled-1-96x96.jpeg","profile_96-width":96,"profile_96-height":96,"profile_150":"https:\/\/www.criteo.com\/it\/wp-content\/uploads\/sites\/9\/2026\/05\/Privacy-scaled-1-150x150.jpeg","profile_150-width":150,"profile_150-height":150,"profile_300":"https:\/\/www.criteo.com\/it\/wp-content\/uploads\/sites\/9\/2026\/05\/Privacy-scaled-1-300x300.jpeg","profile_300-width":300,"profile_300-height":300}},"background_wave":false,"video_iframe_url":"","icon":false,"subtitle":"","description":"","link_list":false,"stack_links":false,"block_links":false,"cta_button":{"type":"internal","text":"","link_internal":"","link_media":false,"link_external":"","link_embed":"","link_email":"","email_subject":"","page_element_id":"","variant":"default","ai_variant":"gradient-border","icon":"none","ai_icon":"none","new_window":[],"track_button":false,"button_location":false,"event_type":false,"button_classes":"","button_message":""},"product_detail_rows":false,"additional_boxes_subtitle":"","left_align_subtitle":false,"use_learn_more_button":false,"boxes":false}},{"acf_fc_layout":"text_only","text_only":{"section_customization":{"anchor_id":"","background_type":"none","background_color":{"color":"Sunrise"},"background_gradient":"","background_image":false,"background_image_position":"center-center","background_overlay":"none","use_custom_paddings":false,"custom_padding":{"desktop_top":"180","desktop_bottom":"170","mobile_top":"25","mobile_bottom":"25"},"use_custom_margins":false,"custom_margins":{"desktop_top_margin":"","desktop_bottom_margin":"","mobile_top_margin":"","mobile_bottom_margin":""}},"intro":{"intro":{"show_intro_block":true,"image_as_caption":false,"image":false,"caption":"","caption_is_page_title":false,"title":"Le basi del nostro concetto di privacy","title_size":"h4","description":"<p>Queste sono le regole che seguiamo per proteggere utenti, clienti e partner.<\/p>\n<p>&nbsp;<\/p>\n","description_font_size":"default"}},"text_in_two_columns":false,"text":"\n<table id=\"tablepress-4\" class=\"tablepress tablepress-id-4 tablepress-responsive\">\n<tbody class=\"row-striping row-hover\">\n<tr class=\"row-1\">\n\t<td class=\"column-1\"><h5>1. Garantiamo la privacy attraverso la pseudonimizzazione e l\u2019acquisizione di dati strettamente necessari<\/h5><br \/>\nNon utilizziamo dati identitari direttamente identificabili (PII), come nomi, email o numeri di telefono, per fornire i nostri servizi. Le nostre tecnologie si basano su identificatori pseudonimizzati che non ci permettono di identificare direttamente gli utenti (ad es., identificatori UID di Criteo, ID pubblicitari di dispositivi o email codificate) e su dati limitati, come specifiche tecniche del dispositivo di un utente ed eventi di navigazione, quali visualizzazione dei prodotti e loro acquisto. Non acquisiamo n\u00e9 utilizziamo informazioni sensibili quali origine razziale o etnica, opinioni politiche, credenze religiose, dati genetici o biometrici, dati relativi alla salute e qualsiasi informazione riguardante la vita sessuale o l\u2019orientamento sessuale delle persone. Per ulteriori informazioni, consulta la nostra  <a href=\"https:\/\/www.criteo.com\/es\/privacy\/how-we-use-your-data\/\" target=\"_blank\">Pol\u00edtica de privacidad<\/a>.<\/td>\n<\/tr>\n<tr class=\"row-2\">\n\t<td class=\"column-1\"><h5>2. Limitiamo la conservazione dei dati ai periodi strettamente necessari<\/h5><br \/>\nConserviamo i dati degli utenti per un massimo di 13 mesi dalla data di acquisizione. Cos\u00ec facendo, rispettiamo le normative sulla privacy garantendo al contempo valore per clienti e partner: abilitiamo diverse funzionalit\u00e0 essenziali, tra cui limitazione della frequenza, misurazione e comprensione delle intenzioni di acquisto. Dopo questo periodo di 13 mesi conserviamo solo dati aggregati (ad esempio, il numero totale di vendite effettuate da un partner).<\/td>\n<\/tr>\n<tr class=\"row-3\">\n\t<td class=\"column-1\"><h5>3. Garantiamo che l\u2019ubicazione dei dati personali sia quanto pi\u00f9 possibile vicina alla residenza di clienti e partner<\/h5><br \/>\nCi impegniamo a elaborare i dati che ci affidano clienti e partner attraverso il data center pi\u00f9 vicino, a seconda dell\u2019ubicazione di utenti, clienti o partner. I dati acquisiti dai nostri partner e clienti europei sono elaborati e conservati nei data center di Criteo in Francia e Paesi Bassi. Per clienti e partner che si trovano in America o nella zona APAC, i dati sono acquisiti ed elaborati entro le rispettive regioni; l\u2019analisi dei dati viene elaborata dalle nostre piattaforme in Europa all\u2019interno delle nostre applicazioni SaaS nel nostro cloud privato.<\/td>\n<\/tr>\n<tr class=\"row-4\">\n\t<td class=\"column-1\"><h5>4. Semplifichiamo la facolt\u00e0 di avvalersi dei propri diritti per i nostri utenti<\/h5><br \/>\nDiamo priorit\u00e0 alla trasparenza e al consentire agli utenti di esercitare i propri diritti secondo leggi e regolamenti in vigore, in particolare per il GDPR e il CCPA. Abbiamo implementato procedure chiare e semplici per garantire agli utenti questa possibilit\u00e0, nonch\u00e9 quella di accedere ai nostri strumenti, cancellarsi e rinunciarvi. Il nostro team specializzato in privacy \u00e8 sempre disponibile a prestare assistenza e rispondere a qualsiasi domanda legata ai dati: ci impegniamo a far fronte in modo veloce ed efficace a tutte le richieste. Per ulteriori informazioni, leggi la nostra  <a href=\"https:\/\/www.criteo.com\/privacy\/your-rights\/\" target=\"_blank\">Politica sulla privacy<\/a>.<\/td>\n<\/tr>\n<tr class=\"row-5\">\n\t<td class=\"column-1\"><h5>5. Imponiamo requisiti stringenti a clienti e partner<\/h5><br \/>\nPer poter mantenere un ecosistema pubblicitario affidabile, chiediamo a clienti e partner di aderire a severi standard di etica e di rispettare leggi e regolamenti in vigore sulla privacy. Per contratto chiediamo di visualizzare avvisi e politiche sulla privacy in modo idoneo su siti web e app, di ottenere il consenso degli utenti prima di utilizzare i cookie e i tag di Criteo sui loro dispositivi e browser e di garantire un modo semplice per disattivare i servizi di Criteo. Per ulteriori informazioni, leggi le  <a href=\"https:\/\/www.criteo.com\/criteo-privacy-guidelines-for-clients-and-publisher-partners\/\" target=\"_blank\">Linee guida sulla privacy per clienti ed editori partner di Criteo<\/a>.<\/td>\n<\/tr>\n<\/tbody>\n<\/table>\n<!-- #tablepress-4 from cache -->\n","text_second_column":""}},{"acf_fc_layout":"info_boxes_2025","info_boxes_2025":{"title":"Crediamo che la pubblicit\u00e0 personalizzata possa essere trasparente","subtitle":"Partecipiamo alle pi\u00f9 grandi iniziative del settore volte a promuovere pi\u00f9 trasparenza e controllo degli utenti sulla pubblicit\u00e0 personalizzata.","add_labels":false,"info_boxes":[{"label":"","title":"Digital Advertising Alliance","description":"Criteo rispetta i principi di autoregolamentazione della  <a href=\"https:\/\/digitaladvertisingalliance.org\/principles\" target=\"_blank\" rel=\"noopener noreferrer\">Digital Advertising Alliance (DAA) per la pubblicit\u00e0 comportamentale online<\/a> e si integra con la <a href=\"http:\/\/optout.aboutads.info\/?c=2&amp;lang=EN\" target=\"_blank\" rel=\"noopener noreferrer\">piattaforma \u201cYourAdChoices\u201d della DAA per l\u2019annullamento dell\u2019iscrizione<\/a>, che offre l\u2019opportunit\u00e0 di esprimere le proprie scelte sulla pubblicit\u00e0 online a tutti i partecipanti, incluso il desiderio di disattivarne i servizi.<br> <br> <div><a href=\"https:\/\/digitaladvertisingalliance.org\/principles\" target=\"_blank\"><img style=\"border: none\" src=\"https:\/\/www.criteo.com\/wp-content\/uploads\/2025\/01\/daa.png\" alt=\"Digital Advertising Alliance\"\/><\/a><\/div>","optional_link":""},{"label":"","title":"European Digital Advertising Alliance","description":"Criteo rispetta i principi di <a href=\"https:\/\/www.edaa.eu\/european-principles\/\" target=\"_blank\" rel=\"noopener noreferrer\">autoregolamentazione della European Digital Advertising Alliance (EDAA)<\/a>. Il servizio di retargeting dinamico di Criteo \u00e8 stato certificato in modo indipendente dalla EDAA per la protezione dei dati. <br> <br>   <div><a href=\"\/\/privacy.trustarc.com\/privacy-seal\/validation?rid=3056b801-7e42-43ba-b4db-565816acda64\" target=\"_blank\"><img style=\"border: none\" src=\"\/\/hostedseal.trustarc.com\/privacy-seal\/seal?rid=3056b801-7e42-43ba-b4db-565816acda64\" alt=\"TRUSTe\"\/><\/a><\/div>","optional_link":""},{"label":"","title":"IAB Europe","description":"Criteo partecipa allo <a href=\"https:\/\/iabeurope.eu\/transparency-consent-framework\/\" target=\"_blank\" rel=\"noopener noreferrer\">IAB Europe Transparency & Consent Framework<\/a> e si attiene alle sue specifiche e politiche. Il numero di identificazione di Criteo nel framework \u00e8 il 91.<br> <br> <div><a href=\"https:\/\/iabeurope.eu\/\" target=\"_blank\"><img style=\"border: none\" src=\"https:\/\/www.criteo.com\/wp-content\/uploads\/2026\/02\/IAB-logo-1.png\" alt=\"IAB Europe\"\/><\/a><\/div>","optional_link":""},{"label":"","title":"Network Advertising Initiative","description":"Criteo aderisce al <a href=\"https:\/\/thenai.org\/self-regulatory-framework\/\" target=\"_blank\" rel=\"noopener noreferrer\">NAI Self-Regulatory Framework<\/a>, che offre l\u2019opportunit\u00e0 di esprimere la propria scelta riguardo la pubblicit\u00e0 online a chiunque ne sia coinvolto, in particolare la volont\u00e0 di disattivarne i servizi.<br> <br>  <a href=\"https:\/\/thenai.org\/verify\/nai_q5zni5u7oe5u\" target=\"_blank\" rel=\"noopener\">  <img src=\"https:\/\/thenai.org\/wp-json\/nai-badge\/v1\/badge\/nai_q5zni5u7oe5u\/png?theme=d ark\"  alt=\"NAI Member Badge - Criteo\"  width=\"200\"  style=\"border: 0; height: auto;\"> <\/a>","optional_link":""}]}}],"additional_code":"","remove_header":false,"add_password_protected_layout":false,"use_transparent_header":false,"remove_footer":false,"use_transparent_header_dark_menus":true,"use_transparent_header_normal":false,"remove_from_internal_search":false,"background_color_modular":"white","strip_the_header":false,"override_buttons":false,"enable_slide-in":false},"yoast_head":"<!-- This site is optimized with the Yoast SEO plugin v26.4 - https:\/\/yoast.com\/wordpress\/plugins\/seo\/ -->\n<title>Privacy Commitment | IT - Criteo<\/title>\n<meta name=\"description\" content=\"I servizi di Criteo sono progettati e sviluppati con il massimo rispetto per la privacy degli utenti.\" \/>\n<meta name=\"robots\" content=\"index, follow, max-snippet:-1, max-image-preview:large, max-video-preview:-1\" \/>\n<link rel=\"canonical\" href=\"https:\/\/www.criteo.com\/it\/trust-center\/privacy-commitment\/\" \/>\n<meta property=\"og:locale\" content=\"it_IT\" \/>\n<meta property=\"og:type\" content=\"article\" \/>\n<meta property=\"og:title\" content=\"Privacy Commitment | IT - Criteo\" \/>\n<meta property=\"og:description\" content=\"I servizi di Criteo sono progettati e sviluppati con il massimo rispetto per la privacy degli utenti.\" \/>\n<meta property=\"og:url\" content=\"https:\/\/www.criteo.com\/it\/trust-center\/privacy-commitment\/\" \/>\n<meta property=\"og:site_name\" content=\"IT - Criteo\" \/>\n<meta property=\"article:modified_time\" content=\"2026-05-08T19:32:52+00:00\" \/>\n<meta name=\"twitter:card\" content=\"summary_large_image\" \/>\n<script type=\"application\/ld+json\" class=\"yoast-schema-graph\">{\n\t    \"@context\": \"https:\/\/schema.org\",\n\t    \"@graph\": [\n\t        {\n\t            \"@type\": \"WebPage\",\n\t            \"@id\": \"https:\/\/www.criteo.com\/it\/trust-center\/privacy-commitment\/\",\n\t            \"url\": \"https:\/\/www.criteo.com\/it\/trust-center\/privacy-commitment\/\",\n\t            \"name\": \"Privacy Commitment | IT - Criteo\",\n\t            \"isPartOf\": {\n\t                \"@id\": \"https:\/\/www.criteo.com\/it\/#website\"\n\t            },\n\t            \"datePublished\": \"2024-12-23T21:40:56+00:00\",\n\t            \"dateModified\": \"2026-05-08T19:32:52+00:00\",\n\t            \"description\": \"I servizi di Criteo sono progettati e sviluppati con il massimo rispetto per la privacy degli utenti.\",\n\t            \"breadcrumb\": {\n\t                \"@id\": \"https:\/\/www.criteo.com\/it\/trust-center\/privacy-commitment\/#breadcrumb\"\n\t            },\n\t            \"inLanguage\": \"it-IT\",\n\t            \"potentialAction\": [\n\t                {\n\t                    \"@type\": \"ReadAction\",\n\t                    \"target\": [\n\t                        \"https:\/\/www.criteo.com\/it\/trust-center\/privacy-commitment\/\"\n\t                    ]\n\t                }\n\t            ]\n\t        },\n\t        {\n\t            \"@type\": \"BreadcrumbList\",\n\t            \"@id\": \"https:\/\/www.criteo.com\/it\/trust-center\/privacy-commitment\/#breadcrumb\",\n\t            \"itemListElement\": [\n\t                {\n\t                    \"@type\": \"ListItem\",\n\t                    \"position\": 1,\n\t                    \"name\": \"Home\",\n\t                    \"item\": \"https:\/\/www.criteo.com\/it\/\"\n\t                },\n\t                {\n\t                    \"@type\": \"ListItem\",\n\t                    \"position\": 2,\n\t                    \"name\": \"Trust Center\",\n\t                    \"item\": \"https:\/\/www.criteo.com\/it\/trust-center\/\"\n\t                },\n\t                {\n\t                    \"@type\": \"ListItem\",\n\t                    \"position\": 3,\n\t                    \"name\": \"Privacy Commitment\"\n\t                }\n\t            ]\n\t        },\n\t        {\n\t            \"@type\": \"WebSite\",\n\t            \"@id\": \"https:\/\/www.criteo.com\/it\/#website\",\n\t            \"url\": \"https:\/\/www.criteo.com\/it\/\",\n\t            \"name\": \"IT - Criteo\",\n\t            \"description\": \"\",\n\t            \"publisher\": {\n\t                \"@id\": \"https:\/\/www.criteo.com\/it\/#organization\"\n\t            },\n\t            \"potentialAction\": [\n\t                {\n\t                    \"@type\": \"SearchAction\",\n\t                    \"target\": {\n\t                        \"@type\": \"EntryPoint\",\n\t                        \"urlTemplate\": \"https:\/\/www.criteo.com\/it\/?s={search_term_string}\"\n\t                    },\n\t                    \"query-input\": {\n\t                        \"@type\": \"PropertyValueSpecification\",\n\t                        \"valueRequired\": true,\n\t                        \"valueName\": \"search_term_string\"\n\t                    }\n\t                }\n\t            ],\n\t            \"inLanguage\": \"it-IT\"\n\t        },\n\t        {\n\t            \"@type\": \"Organization\",\n\t            \"@id\": \"https:\/\/www.criteo.com\/it\/#organization\",\n\t            \"name\": \"Criteo\",\n\t            \"alternateName\": \"Criteo corp\",\n\t            \"url\": \"https:\/\/www.criteo.com\/it\/\",\n\t            \"logo\": {\n\t                \"@type\": \"ImageObject\",\n\t                \"inLanguage\": \"it-IT\",\n\t                \"@id\": \"https:\/\/www.criteo.com\/it\/#\/schema\/logo\/image\/\",\n\t                \"url\": \"https:\/\/www.criteo.com\/it\/wp-content\/uploads\/sites\/9\/2024\/02\/Criteo-Logo.svg\",\n\t                \"contentUrl\": \"https:\/\/www.criteo.com\/it\/wp-content\/uploads\/sites\/9\/2024\/02\/Criteo-Logo.svg\",\n\t                \"width\": 118,\n\t                \"height\": 24,\n\t                \"caption\": \"Criteo\"\n\t            },\n\t            \"image\": {\n\t                \"@id\": \"https:\/\/www.criteo.com\/it\/#\/schema\/logo\/image\/\"\n\t            }\n\t        }\n\t    ]\n\t}<\/script>\n<!-- \/ Yoast SEO plugin. -->","yoast_head_json":{"title":"Privacy Commitment | IT - Criteo","description":"I servizi di Criteo sono progettati e sviluppati con il massimo rispetto per la privacy degli utenti.","robots":{"index":"index","follow":"follow","max-snippet":"max-snippet:-1","max-image-preview":"max-image-preview:large","max-video-preview":"max-video-preview:-1"},"canonical":"https:\/\/www.criteo.com\/it\/trust-center\/privacy-commitment\/","og_locale":"it_IT","og_type":"article","og_title":"Privacy Commitment | IT - Criteo","og_description":"I servizi di Criteo sono progettati e sviluppati con il massimo rispetto per la privacy degli utenti.","og_url":"https:\/\/www.criteo.com\/it\/trust-center\/privacy-commitment\/","og_site_name":"IT - Criteo","article_modified_time":"2026-05-08T19:32:52+00:00","twitter_card":"summary_large_image","schema":{"@context":"https:\/\/schema.org","@graph":[{"@type":"WebPage","@id":"https:\/\/www.criteo.com\/it\/trust-center\/privacy-commitment\/","url":"https:\/\/www.criteo.com\/it\/trust-center\/privacy-commitment\/","name":"Privacy Commitment | IT - Criteo","isPartOf":{"@id":"https:\/\/www.criteo.com\/it\/#website"},"datePublished":"2024-12-23T21:40:56+00:00","dateModified":"2026-05-08T19:32:52+00:00","description":"I servizi di Criteo sono progettati e sviluppati con il massimo rispetto per la privacy degli utenti.","breadcrumb":{"@id":"https:\/\/www.criteo.com\/it\/trust-center\/privacy-commitment\/#breadcrumb"},"inLanguage":"it-IT","potentialAction":[{"@type":"ReadAction","target":["https:\/\/www.criteo.com\/it\/trust-center\/privacy-commitment\/"]}]},{"@type":"BreadcrumbList","@id":"https:\/\/www.criteo.com\/it\/trust-center\/privacy-commitment\/#breadcrumb","itemListElement":[{"@type":"ListItem","position":1,"name":"Home","item":"https:\/\/www.criteo.com\/it\/"},{"@type":"ListItem","position":2,"name":"Trust Center","item":"https:\/\/www.criteo.com\/it\/trust-center\/"},{"@type":"ListItem","position":3,"name":"Privacy Commitment"}]},{"@type":"WebSite","@id":"https:\/\/www.criteo.com\/it\/#website","url":"https:\/\/www.criteo.com\/it\/","name":"IT - Criteo","description":"","publisher":{"@id":"https:\/\/www.criteo.com\/it\/#organization"},"potentialAction":[{"@type":"SearchAction","target":{"@type":"EntryPoint","urlTemplate":"https:\/\/www.criteo.com\/it\/?s={search_term_string}"},"query-input":{"@type":"PropertyValueSpecification","valueRequired":true,"valueName":"search_term_string"}}],"inLanguage":"it-IT"},{"@type":"Organization","@id":"https:\/\/www.criteo.com\/it\/#organization","name":"Criteo","alternateName":"Criteo corp","url":"https:\/\/www.criteo.com\/it\/","logo":{"@type":"ImageObject","inLanguage":"it-IT","@id":"https:\/\/www.criteo.com\/it\/#\/schema\/logo\/image\/","url":"https:\/\/www.criteo.com\/it\/wp-content\/uploads\/sites\/9\/2024\/02\/Criteo-Logo.svg","contentUrl":"https:\/\/www.criteo.com\/it\/wp-content\/uploads\/sites\/9\/2024\/02\/Criteo-Logo.svg","width":118,"height":24,"caption":"Criteo"},"image":{"@id":"https:\/\/www.criteo.com\/it\/#\/schema\/logo\/image\/"}}]}},"_links":{"self":[{"href":"https:\/\/www.criteo.com\/it\/wp-json\/wp\/v2\/pages\/19775","targetHints":{"allow":["GET"]}}],"collection":[{"href":"https:\/\/www.criteo.com\/it\/wp-json\/wp\/v2\/pages"}],"about":[{"href":"https:\/\/www.criteo.com\/it\/wp-json\/wp\/v2\/types\/page"}],"author":[{"embeddable":true,"href":"https:\/\/www.criteo.com\/it\/wp-json\/wp\/v2\/users\/55"}],"replies":[{"embeddable":true,"href":"https:\/\/www.criteo.com\/it\/wp-json\/wp\/v2\/comments?post=19775"}],"version-history":[{"count":5,"href":"https:\/\/www.criteo.com\/it\/wp-json\/wp\/v2\/pages\/19775\/revisions"}],"predecessor-version":[{"id":19826,"href":"https:\/\/www.criteo.com\/it\/wp-json\/wp\/v2\/pages\/19775\/revisions\/19826"}],"up":[{"embeddable":true,"href":"https:\/\/www.criteo.com\/it\/wp-json\/wp\/v2\/pages\/19706"}],"wp:attachment":[{"href":"https:\/\/www.criteo.com\/it\/wp-json\/wp\/v2\/media?parent=19775"}],"wp:term":[{"taxonomy":"author","embeddable":true,"href":"https:\/\/www.criteo.com\/it\/wp-json\/wp\/v2\/coauthors?post=19775"}],"curies":[{"name":"wp","href":"https:\/\/api.w.org\/{rel}","templated":true}]}}