{"id":6589,"date":"2017-12-05T16:51:11","date_gmt":"2017-12-05T16:51:11","guid":{"rendered":"http:\/\/www.criteo.com\/it\/advertising-guidelines\/"},"modified":"2024-12-19T16:40:13","modified_gmt":"2024-12-19T16:40:13","slug":"advertising-guidelines","status":"publish","type":"page","link":"https:\/\/www.criteo.com\/it\/advertising-guidelines\/","title":{"rendered":"Linee guida per la pubblicit\u00e0 di Criteo"},"content":{"rendered":"<p><strong>Se stai cercando le Linee guida per i fornitori di Criteo, clicca <a href=\"https:\/\/www.criteo.com\/it\/supply-partner-guidelines\/\">qui<\/a>.<\/strong><\/p>\n<hr \/>\n<p>Criteo e le sue piattaforme affiliate, tra cui BidSwitch, operano attraverso una retedi altissima qualit\u00e0. Per questo motivo, i partner pubblicitari di Criteo devono aderire e attenersi in ogni momento a queste linee guida.<\/p>\n<p>Per garantire un ecosistema pubblicitario affidabile, Criteo chiede a tutti i suoi partner pubblicitari di mantenere standard etici elevati. Ogni partner pubblicitario di Criteo \u00e8 tenuto a garantire che i suoi contenuti, prodotti, o servizi siano conformi alle leggi e ai regolamenti in vigore, compresi quelli applicabili in materia di protezione dei dati e di tutela della privacy.<\/p>\n<p>La pubblicit\u00e0 non deve compromettere la sicurezza della Piattaforma Criteo, delle piattaforme affiliate o dei suoi utenti, o fare una chiamata a un servizio che comprometta la sicurezza della Piattaforma Criteo, delle piattaforme affiliate o dei suoi utenti.<\/p>\n<p>Criteo si riserva il diritto di rifiutare o di rimuovere un partner dal suo network, o di sospenderne l&#8217;accesso alle piattaforme Criteo in modo temporaneo o permanente, a sua unica discrezione.<\/p>\n<h2 id=\"contenuti-vietati\">1. Contenuti vietati<\/h2>\n<p>Criteo non mostra contenuti, prodotti o servizi che rientrano nelle seguenti categorie vietate:<\/p>\n<p><strong>1.1. Molestie o incitamento all&#8217;odio<\/strong><\/p>\n<p>Pubblicit\u00e0 o immagini che insultano, diffamano o minacciano un individuo o gruppi di individui in base a razza, origine etnica o nazionale, sesso, appartenenza religiosa, disabilit\u00e0, et\u00e0 oppure orientamento sessuale\/identit\u00e0 di genere.<\/p>\n<p><strong>1.2. Contenuti per adulti<\/strong><\/p>\n<p>Pubblicit\u00e0 o immagini altamente allusive o pornografiche, che includono, a solo titolo di esempio, nudit\u00e0, sex toy e video e\/o immagini di persone in posizioni sessualmente allusive o provocatorie.<\/p>\n<p><strong>1.3. Prodotti\/Servizi ingannevoli, falsi o fuorvianti<\/strong><\/p>\n<p>Dichiarazioni ingannevoli, fuorvianti, intenzionalmente ambigue o fraudolente, immagini, offerte o pratiche commerciali tra cui, a solo titolo di esempio, annunci o contenuti che inducono un utente a cliccare su un annuncio in modo fraudolento o ingannevole.<\/p>\n<p><strong>1.4. Attivit\u00e0 illegali o legalmente discutibili e contenuti o attivit\u00e0 con caratteristiche di disonest\u00e0 e aggressivit\u00e0<\/strong><\/p>\n<p>Pubblicit\u00e0 per prodotti, servizi o attivit\u00e0 che costituiscono, facilitano o promuovono prodotti, servizi, o attivit\u00e0 illegali (o che comunque favoriscono comportamenti disonesti), tra cui, a solo titolo esemplificativo, droghe illegali, articoli connessi a droghe e documenti falsi.<\/p>\n<p><strong>1.5. Violazione della propriet\u00e0 intellettuale, pirateria o contraffazione di prodotti<\/strong><\/p>\n<p>\u00c8 vietata la violazione dei diritti di propriet\u00e0 intellettuale di terzi. La pubblicit\u00e0 non deve includere o contenere contenuti che violino i diritti di propriet\u00e0 intellettuale di terzi. A solo titolo di esempio, si possono elencare l&#8217;appropriazione indebita di un marchio\/logo, la distribuzione di materiale protetto da copyright senza l&#8217;autorizzazione esplicita del proprietario, le merci contraffatte, i contenuti piratati e gli annunci che includono l&#8217;immagine o il ritratto di un individuo senza il suo permesso.<\/p>\n<p><strong>1.6. Contenuti scioccanti\/offensivi<\/strong><\/p>\n<p>\u00c8 vietata la pubblicit\u00e0 che contiene violenza gratuita, contenuti sessualmente espliciti, pornografici, oppure osceni, o altri contenuti offensivi, scioccanti, sgradevoli, violenti, rischiosi, offensivi, minacciosi, pericolosi, sensazionalistici, irrispettosi o inquietanti.<\/p>\n<p><strong>1.7. Armi da fuoco e da taglio<\/strong><\/p>\n<p>A titolo di esempio: pubblicit\u00e0 per munizioni, armi da fuoco o articoli collegati (compresi gli accessori), pistole per il paintball, pistole, pistole ad aria compressa, pistole taser, esplosivi, bombe, coltelli o armi di qualsiasi tipo e fuochi d&#8217;artificio.<\/p>\n<p><strong>1.8. Droghe<\/strong><\/p>\n<p>\u00c8 vietata la pubblicit\u00e0 per droghe illegali o articoli correlati. Sono proibite le droghe sia illegali che ricreative, indicate come sostanze che alterano lo stato mentale o provocano lo \u201csballo\u201d, oltre che gli annunci o servizi che hanno come scopo la promozione del consumo di droga. <strong>Tra gli esempi citiamo <\/strong>cocaina, eroina, altri oppioidi illegali e sostanze che potrebbero essere utilizzate per creare \u201csballi legali\u201d come la marijuana medica.<\/p>\n<p><strong>1.9. Siti per bambini<\/strong><\/p>\n<p>\u00c8 vietata la pubblicit\u00e0 in qualsiasi sito Web (o parte di esso) o app mobile che si rivolga specificamente a persone di et\u00e0 inferiore a 16 anni.<\/p>\n<div class=\"lightbulb\">\n        <div class=\"content p-3 \"><strong>Nota Bene: I BidSwitch Demand Partner possono accedere al COPPA=3D1 Trading.<\/strong><\/div>\n    <\/div>\n<p><strong>1.10. Incontri<\/strong><\/p>\n<p>\u00c8 vietata la pubblicit\u00e0 per qualsiasi sito di incontri che promuova relazioni o infedelt\u00e0, servizi di escort o prostituzione oppure cataloghi di spose.<\/p>\n<p><strong>1.11. Contenuti pericolosi<\/strong><\/p>\n<p>\u00c8 vietata la pubblicit\u00e0 per prodotti quali adware, spyware, applicazioni P2P, malware, virus, worm, cavalli di Troia. \u00c8 vietata qualsiasi pubblicit\u00e0 contenente un codice informatico dannoso che interferisca con, o comprometta l\u2019integrit\u00e0 o l\u2019esecuzione del servizio Criteo, e ci\u00f2 comprende, a titolo esemplificativo, un codice che:<\/p>\n<ul>\n<li>Modifichi le preferenze dell\u2019utente o le impostazioni del browser.<\/li>\n<li>Avvii i download senza un esplicito consenso dell\u2019utente.<\/li>\n<li>Distribuisca adware, spyware, malware, virus, worm, cavalli di Troia o reindirizzi gli utenti verso siti Web indesiderati, tra cui i malware.<\/li>\n<li>Avvii pop-up o pop-under che interferiscono con la navigazione del sito.<\/li>\n<li>Gonfi le impression pubblicitarie di arbitraggio, incluse la sovrapposizione di pubblicit\u00e0 o la chiamata di altre unit\u00e0 pubblicitarie al momento dell\u2019esecuzione.<\/li>\n<\/ul>\n<h2 id=\"contenuti-soggetti\">2. Contenuti soggetti a restrizioni<\/h2>\n<p>La pubblicit\u00e0 di categorie\u00a0di prodotti e servizi <strong>soggetti a restrizioni<\/strong> (elencati di seguito) pu\u00f2 essere consentita solo in alcuni Paesi e a determinate condizioni, con l\u2019esplicita approvazione di Criteo.<\/p>\n<p><strong>2.1. Farmacie online<\/strong><\/p>\n<p>Pubblicit\u00e0 per le farmacie online, che vendono medicinali con prescrizione e siti Web informativi relativi ai farmaci.<\/p>\n<p><strong>2.2. Farmaci e prodotti sanitari<\/strong><\/p>\n<p>Ci\u00f2 include la pubblicit\u00e0 di farmaci soggetti a prescrizione, medicinali controllati o soggetti a restrizioni, stupefacenti, stimolatori erettili e sessuali, test di paternit\u00e0 e qualsiasi prodotto che dichiari di avere un effetto simile a sostanze illegali, oppure farmaci per perdere peso che promettono risultati irrealistici. In generale, prodotti che trattano problemi di salute.<\/p>\n<p><strong>2.3. Alcol<\/strong><\/p>\n<p>Pubblicit\u00e0 di superalcolici, acquaviti, vino, birra e altre bevande alcoliche.<\/p>\n<p><strong>2.4. Gioco d&#8217;azzardo<\/strong><\/p>\n<p>Pubblicit\u00e0 per il gioco d&#8217;azzardo online o offline. Ci\u00f2 include, a solo titolo di esempio, poker online e offline, bingo e altri tipi di gioco d&#8217;azzardo, lotterie, scommesse sulle corse, scommesse sportive, informazioni sul gioco d&#8217;azzardo online e giochi online non da casin\u00f2, allo scopo di vincere denaro o premi.<\/p>\n<ul>\n<li>Con &#8220;Gioco d&#8217;azzardo online&#8221; si intende la promozione del gioco d&#8217;azzardo online con denaro reale per lucro e\/o &#8216;valore monetario&#8217;, nonch\u00e9 la promozione di siti che contengono o rimandano a contenuti relativi al gioco d&#8217;azzardo online.<\/li>\n<li>Con &#8220;Gioco d&#8217;azzardo offline&#8221; si intende la promozione del gioco d&#8217;azzardo fisico con denaro reale e\/o &#8216;valore monetario&#8217;, attivit\u00e0 o organizzazioni.<\/li>\n<li>Con &#8220;Giochi online non da casin\u00f2&#8221; si intende qualsiasi gioco basato su Internet in cui si pagano o si scommettono denaro o altri oggetti di valore, in cambio della possibilit\u00e0 di vincere denaro reale o premi, in base al risultato dei giochi, come ad esempio sport di fantasia, tornei online o videogiochi giocati per denaro o premi.<\/li>\n<\/ul>\n<p><strong>2.5. Tabacco<\/strong><\/p>\n<p>Contenuto che incentiva o promuove l&#8217;uso di tabacco o prodotti connessi al tabacco, vaporizzatori o di articoli correlati (inclusi, a solo titolo di esempio, le sigarette elettroniche, vaporizzatori, dispositivi per la vaporizzazione, pipe, bong, sigarette, sigari, cartine per sigarette, tabacco senza fumo o qualsiasi altro prodotto correlato).<\/p>\n<ul>\n<li>La pubblicit\u00e0 che invita chiaramente a smettere di fumare \u00e8 consentita nei Paesi autorizzati e soggetta a restrizioni specifiche.<\/li>\n<li>Le sigarette elettroniche e il tabacco da masticare non possono essere pubblicizzati nemmeno quando sono commercializzati come mezzi per smettere di fumare.<\/li>\n<\/ul>\n<p><strong>2.6. Sensitivi, astrologi, indovini, ecc.<\/strong><\/p>\n<ul>\n<li>Pubblicit\u00e0 di prodotti o servizi paranormali, tra cui quelli di indovini, medium, astrologi, letture di tarocchi, stregoneria, ipnosi, attivit\u00e0 di culto\/occulte e prodotti o servizi simili.<\/li>\n<li>\u00c8 severamente vietata la pubblicit\u00e0 che garantisce risultati basati sull\u2019astrologia o servizi o prodotti paranormali, o che comunque ne vanta l\u2019accuratezza.<\/li>\n<\/ul>\n<p><strong>2.7. Siti di servizi di prodotti finanziari e assicurativi<\/strong><\/p>\n<ul>\n<li>La pubblicit\u00e0 di prodotti\/servizi finanziari comprende prodotti e servizi bancari\/di investimento\/gestione finanziaria, prestiti, opportunit\u00e0 commerciali, ecc.<\/li>\n<li>La pubblicit\u00e0 dei prodotti\/servizi assicurativi include l&#8217;assicurazione domestica, l&#8217;assicurazione personale, l&#8217;assicurazione sulla vita, l&#8217;assicurazione auto, l&#8217;assicurazione sanitaria, ecc.<\/li>\n<\/ul>\n<div class=\"lightbulb\">\n        <div class=\"content p-3 \"><strong>Categorie soggette a restrizioni relative a gioco d&#8217;azzardo, alcool e tabacco &#8211; Clienti di The MediaGrid e BidSwitch:<\/strong><\/p>\n<p class=\"P68B1DB1-Normal3\">Per le categorie soggette a restrizioni, quali gioco d&#8217;azzardo, alcool e tabacco, i clienti di The MediaGrid e BidSwitch, piattaforme affiliate a Criteo, devono dare il loro consenso per il trading in quelle categorie. Per dare il consenso alle Categorie soggette a restrizioni, contatta il tuo Account Manager. Al cliente potrebbe essere richiesto di accettare alcune condizioni aggiuntive relative alle categorie soggette a restrizioni.<\/p>\n<p><\/div>\n    <\/div>\n<h2 id=\"linee-guida\">3. Linee guida tecniche e sui formati degli annunci<\/h2>\n<p><strong>3.1. La pubblicit\u00e0 non deve contenere nessuno degli elementi che seguono:<\/strong><\/p>\n<ul>\n<li>contenuti di hacking\/cracking<\/li>\n<li>contenuti relativi alla vendita di farmaci soggetti a prescrizione<\/li>\n<li>elementi sonori a riproduzione automatica<\/li>\n<li>contenuti in pop-up o pop-under<\/li>\n<li>immagini tremolanti o sfocate<\/li>\n<li>pubblicit\u00e0 che non rientra nei parametri specificati per le dimensioni dell&#8217;annuncio<\/li>\n<li>pi\u00f9 unit\u00e0 pubblicitarie per slot pubblicitario<\/li>\n<li>unit\u00e0 pubblicitarie con auto-refresh.<\/li>\n<\/ul>\n<p><strong>3.2. L&#8217;inserzionista \u00e8 tenuto a:<\/strong><\/p>\n<ul>\n<li>non rivendere le unit\u00e0 pubblicitarie, se non con l&#8217;esplicita approvazione dell&#8217;editore<\/li>\n<li>fornire all&#8217;editore un&#8217;unit\u00e0 pubblicitaria con le linee guida tecniche e i requisiti corretti per tale unit\u00e0 pubblicitaria dell&#8217;editore, salvo esplicita approvazione dell&#8217;editore e dell&#8217;inserzionista<\/li>\n<li>rispettare le specifiche tecniche di Criteo relative all&#8217;uso della sua piattaforma e delle piattaforme dei suoi affiliati. Per fare riferimento alle specifiche tecniche richieste da BidSwitch, consultare <a href=\"http:\/\/docs.bidswitch.com\/\">http:\/\/docs.bidswitch.com<\/a>.<\/li>\n<\/ul>\n<p>Per ulteriori informazioni sulle linee guida relative ai requisiti tecnici e al formato, puoi consultare le nostre linee guida per i fornitori <u>qui<\/u>.<\/p>\n<h2 id=\"Privacy\">4. Privacy e caratteristiche protette degli utenti<\/h2>\n<p>\u00c8 vietata la promozione di contenuti, prodotti o servizi che si rivolgono a uno o pi\u00f9 degli attributi compresi nel seguente elenco non esaustivo di caratteristiche protette, salvo non espressamente approvato da Criteo nei paesi autorizzati:<\/p>\n<ul>\n<li>Razza<\/li>\n<li>Appartenenza etnica<\/li>\n<li>Affiliazione o credo religiosi<\/li>\n<li>Dati sanitari sensibili<\/li>\n<li>Orientamento sessuale<\/li>\n<li>Interessi e pratiche sessuali<\/li>\n<li>Informazioni Personalmente Identificabili<\/li>\n<li>Associazione\/opinione politica<\/li>\n<li>Iscrizione a un sindacato<\/li>\n<li>Informazioni biometriche o dati genetici<\/li>\n<li>Precedenti penali o carichi pendenti<\/li>\n<li>Religione o credo personale<\/li>\n<li>Genere<\/li>\n<li>Situazione finanziaria<\/li>\n<li>Et\u00e0 (fascia di et\u00e0 \u00e8 accettabile)<\/li>\n<\/ul>\n<p>Clicca <a href=\"http:\/\/www.criteo.com\/it\/privacy\/\">qui<\/a> per visualizzare la versione corrente della nostra Informativa sulla Privacy.<\/p>\n<p>Per saperne di pi\u00f9 sugli obblighi degli inserzionisti di Criteo in merito ai dati degli utenti e alla raccolta del consenso, clicca\u00a0<a href=\"https:\/\/www.criteo.com\/criteo-privacy-guidelines-for-clients-and-publisher-partners\/\">qui<\/a>.<\/p>\n<h2 id=\"Audience\">5. Audience<\/h2>\n<p>Criteo vieta la creazione o l\u2019estensione di audience o qualsiasi utilizzo delle funzioni della sua piattaforma quando lo scopo \u00e8 quello di introdurre un bias nel targeting di gruppi o popolazioni definiti da una o pi\u00f9 delle caratteristiche protette degli utenti elencate sopra e che risulti in un pregiudizio inappropriato a favore o contro tali gruppi\/popolazioni.<\/p>\n<hr \/>\n<p>Criteo si riserva il diritto di specificare nel dettaglio, di modificare o di aggiornare questa politica in qualsiasi momento. Criteo si impegna a pubblicare queste modifiche direttamente su questa pagina e a informare i propri partner inserzionisti di tali modifiche.<\/p>\n<p>Ultimo aggiornamento: Gennaio 2023<\/p>\n","protected":false},"excerpt":{"rendered":"<p>Se stai cercando le Linee guida per i fornitori di Criteo, clicca qui. Criteo e le sue piattaforme affiliate, tra cui BidSwitch, operano attraverso una retedi altissima qualit\u00e0. Per questo motivo, i partner pubblicitari di Criteo devono aderire e attenersi in ogni momento a queste linee guida. Per garantire un ecosistema pubblicitario affidabile, Criteo chiede [&hellip;]<\/p>\n","protected":false},"author":1,"featured_media":0,"parent":0,"menu_order":0,"comment_status":"closed","ping_status":"closed","template":"page-templates\/basic.php","meta":{"_acf_changed":false,"footnotes":""},"coauthors":[459],"class_list":["post-6589","page","type-page","status-publish"],"acf":{"layout_mode":"with-toc","bevel":"peach-grapes","bevel_reversed":false,"has_more_content":false,"side_text":"","additional_code":"","storetail_optout":false,"stae_popup_enable":false,"track_page_in_segment":false,"segment_page_name":""},"yoast_head":"<!-- This site is optimized with the Yoast SEO plugin v26.4 - https:\/\/yoast.com\/wordpress\/plugins\/seo\/ -->\n<title>Linee guida per la pubblicit\u00e0 di Criteo | IT - Criteo<\/title>\n<meta name=\"description\" content=\"Criteo detta le linee guida che i suoi partner sono tenuti a rispettare: contenuti proibiti per l\u2019argomento, o non accettati perch\u00e9 lesivi della privacy individuale.\" \/>\n<meta name=\"robots\" content=\"index, follow, max-snippet:-1, max-image-preview:large, max-video-preview:-1\" \/>\n<link rel=\"canonical\" href=\"https:\/\/www.criteo.com\/it\/advertising-guidelines\/\" \/>\n<meta property=\"og:locale\" content=\"it_IT\" \/>\n<meta property=\"og:type\" content=\"article\" \/>\n<meta property=\"og:title\" content=\"Linee guida per la pubblicit\u00e0 di Criteo | IT - Criteo\" \/>\n<meta property=\"og:description\" content=\"Criteo detta le linee guida che i suoi partner sono tenuti a rispettare: contenuti proibiti per l\u2019argomento, o non accettati perch\u00e9 lesivi della privacy individuale.\" \/>\n<meta property=\"og:url\" content=\"https:\/\/www.criteo.com\/it\/advertising-guidelines\/\" \/>\n<meta property=\"og:site_name\" content=\"IT - Criteo\" \/>\n<meta property=\"article:modified_time\" content=\"2024-12-19T16:40:13+00:00\" \/>\n<meta name=\"twitter:card\" content=\"summary_large_image\" \/>\n<meta name=\"twitter:label1\" content=\"Est. reading time\" \/>\n\t<meta name=\"twitter:data1\" content=\"10 minutes\" \/>\n<script type=\"application\/ld+json\" class=\"yoast-schema-graph\">{\n\t    \"@context\": \"https:\/\/schema.org\",\n\t    \"@graph\": [\n\t        {\n\t            \"@type\": \"WebPage\",\n\t            \"@id\": \"https:\/\/www.criteo.com\/it\/advertising-guidelines\/\",\n\t            \"url\": \"https:\/\/www.criteo.com\/it\/advertising-guidelines\/\",\n\t            \"name\": \"Linee guida per la pubblicit\u00e0 di Criteo | IT - Criteo\",\n\t            \"isPartOf\": {\n\t                \"@id\": \"https:\/\/www.criteo.com\/it\/#website\"\n\t            },\n\t            \"datePublished\": \"2017-12-05T16:51:11+00:00\",\n\t            \"dateModified\": \"2024-12-19T16:40:13+00:00\",\n\t            \"description\": \"Criteo detta le linee guida che i suoi partner sono tenuti a rispettare: contenuti proibiti per l\u2019argomento, o non accettati perch\u00e9 lesivi della privacy individuale.\",\n\t            \"breadcrumb\": {\n\t                \"@id\": \"https:\/\/www.criteo.com\/it\/advertising-guidelines\/#breadcrumb\"\n\t            },\n\t            \"inLanguage\": \"it-IT\",\n\t            \"potentialAction\": [\n\t                {\n\t                    \"@type\": \"ReadAction\",\n\t                    \"target\": [\n\t                        \"https:\/\/www.criteo.com\/it\/advertising-guidelines\/\"\n\t                    ]\n\t                }\n\t            ]\n\t        },\n\t        {\n\t            \"@type\": \"BreadcrumbList\",\n\t            \"@id\": \"https:\/\/www.criteo.com\/it\/advertising-guidelines\/#breadcrumb\",\n\t            \"itemListElement\": [\n\t                {\n\t                    \"@type\": \"ListItem\",\n\t                    \"position\": 1,\n\t                    \"name\": \"Home\",\n\t                    \"item\": \"https:\/\/www.criteo.com\/it\/\"\n\t                },\n\t                {\n\t                    \"@type\": \"ListItem\",\n\t                    \"position\": 2,\n\t                    \"name\": \"Linee guida per la pubblicit\u00e0 di Criteo\"\n\t                }\n\t            ]\n\t        },\n\t        {\n\t            \"@type\": \"WebSite\",\n\t            \"@id\": \"https:\/\/www.criteo.com\/it\/#website\",\n\t            \"url\": \"https:\/\/www.criteo.com\/it\/\",\n\t            \"name\": \"IT - Criteo\",\n\t            \"description\": \"\",\n\t            \"publisher\": {\n\t                \"@id\": \"https:\/\/www.criteo.com\/it\/#organization\"\n\t            },\n\t            \"potentialAction\": [\n\t                {\n\t                    \"@type\": \"SearchAction\",\n\t                    \"target\": {\n\t                        \"@type\": \"EntryPoint\",\n\t                        \"urlTemplate\": \"https:\/\/www.criteo.com\/it\/?s={search_term_string}\"\n\t                    },\n\t                    \"query-input\": {\n\t                        \"@type\": \"PropertyValueSpecification\",\n\t                        \"valueRequired\": true,\n\t                        \"valueName\": \"search_term_string\"\n\t                    }\n\t                }\n\t            ],\n\t            \"inLanguage\": \"it-IT\"\n\t        },\n\t        {\n\t            \"@type\": \"Organization\",\n\t            \"@id\": \"https:\/\/www.criteo.com\/it\/#organization\",\n\t            \"name\": \"Criteo\",\n\t            \"alternateName\": \"Criteo corp\",\n\t            \"url\": \"https:\/\/www.criteo.com\/it\/\",\n\t            \"logo\": {\n\t                \"@type\": \"ImageObject\",\n\t                \"inLanguage\": \"it-IT\",\n\t                \"@id\": \"https:\/\/www.criteo.com\/it\/#\/schema\/logo\/image\/\",\n\t                \"url\": \"https:\/\/www.criteo.com\/it\/wp-content\/uploads\/sites\/9\/2024\/02\/Criteo-Logo.svg\",\n\t                \"contentUrl\": \"https:\/\/www.criteo.com\/it\/wp-content\/uploads\/sites\/9\/2024\/02\/Criteo-Logo.svg\",\n\t                \"width\": 118,\n\t                \"height\": 24,\n\t                \"caption\": \"Criteo\"\n\t            },\n\t            \"image\": {\n\t                \"@id\": \"https:\/\/www.criteo.com\/it\/#\/schema\/logo\/image\/\"\n\t            }\n\t        }\n\t    ]\n\t}<\/script>\n<!-- \/ Yoast SEO plugin. -->","yoast_head_json":{"title":"Linee guida per la pubblicit\u00e0 di Criteo | IT - Criteo","description":"Criteo detta le linee guida che i suoi partner sono tenuti a rispettare: contenuti proibiti per l\u2019argomento, o non accettati perch\u00e9 lesivi della privacy individuale.","robots":{"index":"index","follow":"follow","max-snippet":"max-snippet:-1","max-image-preview":"max-image-preview:large","max-video-preview":"max-video-preview:-1"},"canonical":"https:\/\/www.criteo.com\/it\/advertising-guidelines\/","og_locale":"it_IT","og_type":"article","og_title":"Linee guida per la pubblicit\u00e0 di Criteo | IT - Criteo","og_description":"Criteo detta le linee guida che i suoi partner sono tenuti a rispettare: contenuti proibiti per l\u2019argomento, o non accettati perch\u00e9 lesivi della privacy individuale.","og_url":"https:\/\/www.criteo.com\/it\/advertising-guidelines\/","og_site_name":"IT - Criteo","article_modified_time":"2024-12-19T16:40:13+00:00","twitter_card":"summary_large_image","twitter_misc":{"Est. reading time":"10 minutes"},"schema":{"@context":"https:\/\/schema.org","@graph":[{"@type":"WebPage","@id":"https:\/\/www.criteo.com\/it\/advertising-guidelines\/","url":"https:\/\/www.criteo.com\/it\/advertising-guidelines\/","name":"Linee guida per la pubblicit\u00e0 di Criteo | IT - Criteo","isPartOf":{"@id":"https:\/\/www.criteo.com\/it\/#website"},"datePublished":"2017-12-05T16:51:11+00:00","dateModified":"2024-12-19T16:40:13+00:00","description":"Criteo detta le linee guida che i suoi partner sono tenuti a rispettare: contenuti proibiti per l\u2019argomento, o non accettati perch\u00e9 lesivi della privacy individuale.","breadcrumb":{"@id":"https:\/\/www.criteo.com\/it\/advertising-guidelines\/#breadcrumb"},"inLanguage":"it-IT","potentialAction":[{"@type":"ReadAction","target":["https:\/\/www.criteo.com\/it\/advertising-guidelines\/"]}]},{"@type":"BreadcrumbList","@id":"https:\/\/www.criteo.com\/it\/advertising-guidelines\/#breadcrumb","itemListElement":[{"@type":"ListItem","position":1,"name":"Home","item":"https:\/\/www.criteo.com\/it\/"},{"@type":"ListItem","position":2,"name":"Linee guida per la pubblicit\u00e0 di Criteo"}]},{"@type":"WebSite","@id":"https:\/\/www.criteo.com\/it\/#website","url":"https:\/\/www.criteo.com\/it\/","name":"IT - Criteo","description":"","publisher":{"@id":"https:\/\/www.criteo.com\/it\/#organization"},"potentialAction":[{"@type":"SearchAction","target":{"@type":"EntryPoint","urlTemplate":"https:\/\/www.criteo.com\/it\/?s={search_term_string}"},"query-input":{"@type":"PropertyValueSpecification","valueRequired":true,"valueName":"search_term_string"}}],"inLanguage":"it-IT"},{"@type":"Organization","@id":"https:\/\/www.criteo.com\/it\/#organization","name":"Criteo","alternateName":"Criteo corp","url":"https:\/\/www.criteo.com\/it\/","logo":{"@type":"ImageObject","inLanguage":"it-IT","@id":"https:\/\/www.criteo.com\/it\/#\/schema\/logo\/image\/","url":"https:\/\/www.criteo.com\/it\/wp-content\/uploads\/sites\/9\/2024\/02\/Criteo-Logo.svg","contentUrl":"https:\/\/www.criteo.com\/it\/wp-content\/uploads\/sites\/9\/2024\/02\/Criteo-Logo.svg","width":118,"height":24,"caption":"Criteo"},"image":{"@id":"https:\/\/www.criteo.com\/it\/#\/schema\/logo\/image\/"}}]}},"_links":{"self":[{"href":"https:\/\/www.criteo.com\/it\/wp-json\/wp\/v2\/pages\/6589","targetHints":{"allow":["GET"]}}],"collection":[{"href":"https:\/\/www.criteo.com\/it\/wp-json\/wp\/v2\/pages"}],"about":[{"href":"https:\/\/www.criteo.com\/it\/wp-json\/wp\/v2\/types\/page"}],"author":[{"embeddable":true,"href":"https:\/\/www.criteo.com\/it\/wp-json\/wp\/v2\/users\/1"}],"replies":[{"embeddable":true,"href":"https:\/\/www.criteo.com\/it\/wp-json\/wp\/v2\/comments?post=6589"}],"version-history":[{"count":28,"href":"https:\/\/www.criteo.com\/it\/wp-json\/wp\/v2\/pages\/6589\/revisions"}],"predecessor-version":[{"id":18714,"href":"https:\/\/www.criteo.com\/it\/wp-json\/wp\/v2\/pages\/6589\/revisions\/18714"}],"wp:attachment":[{"href":"https:\/\/www.criteo.com\/it\/wp-json\/wp\/v2\/media?parent=6589"}],"wp:term":[{"taxonomy":"author","embeddable":true,"href":"https:\/\/www.criteo.com\/it\/wp-json\/wp\/v2\/coauthors?post=6589"}],"curies":[{"name":"wp","href":"https:\/\/api.w.org\/{rel}","templated":true}]}}