{"id":8438,"date":"2019-03-27T20:57:22","date_gmt":"2019-03-27T20:57:22","guid":{"rendered":"http:\/\/www.criteo.com\/it\/criteo-privacy-guidelines-for-clients-and-publisher-partners\/"},"modified":"2022-01-11T15:08:29","modified_gmt":"2022-01-11T15:08:29","slug":"criteo-privacy-guidelines-for-clients-and-publisher-partners","status":"publish","type":"page","link":"https:\/\/www.criteo.com\/it\/criteo-privacy-guidelines-for-clients-and-publisher-partners\/","title":{"rendered":"Linee guida sulla privacy per clienti ed editori partner di Criteo"},"content":{"rendered":"<p>Come azienda globale con sede centrale in Europa, Criteo ha una solida base di conoscenza e rispetto di differenti best practice, norme e regolamenti del settore. Criteo \u00e8 convinta che coerenza e certezza riguardo alla privacy e alla tutela dei dati non possano che portare benefici alle aziende e ai consumatori. \u00c8 per questo motivo che Criteo si impegna a osservare le leggi e le norme in vigore in tutti i paesi in cui opera, in particolare il Regolamento generale sulla Protezione dei Dati (General Data Protection Regulation, GDPR), che armonizza le diverse leggi sulla riservatezza dei dati in tutti gli stati dell\u2019Unione Europea, il California Consumer Privacy Act (CCPA), e il Brazilian General Data Protection Law (LGPD).<\/p>\n<p>Criteo sostiene i suoi clienti inserzionisti (\u201cInserzionisti\u201d) ed editori partner, inclusi i retailer Retail Media (\u201cEditori\u201d) che devono conformarsi, condividendo linee guida e best practice su come assolvere agli obblighi legali:<\/p>\n<h3><\/h3>\n<h3>1. Requisiti informativi: Sei tenuto alla trasparenza nei confronti degli utenti che visitano le tue property (siti Web\/app)<\/h3>\n<p>Sulle tue property \u00e8 necessario fornire informazioni <strong>chiare<\/strong>,\u00a0<strong>facilmente accessibili<\/strong>\u00a0e\u00a0<strong>complete<\/strong>\u00a0riguardo alla raccolta dei dati dei tuoi utenti con tag e al loro uso.<\/p>\n<h4>Quali informazioni devono essere fornite agli utenti?<\/h4>\n<p>A seconda della normativa sulla protezione dei dati applicabile al tuo caso, le informazioni richieste possono essere leggermente diverse. Ad esempio, nei siti Web e nelle app che targettizzano il mercato europeo, le informazioni richieste comprendono:<\/p>\n<div class=\"accordion-wysiwyg \">\n    <div class=\"title p-3 pl-5\"><i class=\"arrow p-3 fas fa-chevron-right\"><\/i>La tua identity<\/div>\n    <div class=\"inner p-3\">\n    <div class=\"content pl-3\"><\/p>\n<p>Questo comprende il nome e l\u2019indirizzo della tua azienda.<\/p>\n<p><\/div>\n    <\/div>\n    <\/div>\n<div class=\"accordion-wysiwyg \">\n    <div class=\"title p-3 pl-5\"><i class=\"arrow p-3 fas fa-chevron-right\"><\/i>L\u2019identity dei titolari e dei contitolari del trattamento dati con cui condividi i dati personali<\/div>\n    <div class=\"inner p-3\">\n    <div class=\"content pl-3\"><\/p>\n<p>\u00c8 inclusa anche Criteo, che agisce come contitolare del trattamento.<\/p>\n<blockquote class=\"wp-embedded-content\" data-secret=\"TrIwtyIPVo\"><p><a href=\"https:\/\/www.criteo.com\/it\/privacy\/\">Politica sulla privacy<\/a><\/p><\/blockquote>\n<p><iframe loading=\"lazy\" class=\"wp-embedded-content\" sandbox=\"allow-scripts\" security=\"restricted\" style=\"position: absolute; visibility: hidden;\" title=\"&#8220;Politica sulla privacy&#8221; &#8212; IT - Criteo.com\" src=\"https:\/\/www.criteo.com\/it\/privacy\/embed\/#?secret=IkhxZmJPwM#?secret=TrIwtyIPVo\" data-secret=\"TrIwtyIPVo\" width=\"600\" height=\"338\" frameborder=\"0\" marginwidth=\"0\" marginheight=\"0\" scrolling=\"no\"><\/iframe><\/p>\n<p><\/div>\n    <\/div>\n    <\/div>\n<div class=\"accordion-wysiwyg \">\n    <div class=\"title p-3 pl-5\"><i class=\"arrow p-3 fas fa-chevron-right\"><\/i>Gli scopi del trattamento per cui i dati vengono raccolti sulle tue property<\/div>\n    <div class=\"inner p-3\">\n    <div class=\"content pl-3\"><\/p>\n<p>I dati raccolti da Criteo mediante i cookie e le tecnologie senza cookie vengono utilizzati allo scopo di fornire pubblicit\u00e0 targettizzata basata sul riconoscimento del dispositivo dell\u2019utente e sulla raccolta di informazioni sulla sua attivit\u00e0 di navigazione, per mostrare annunci su beni e servizi che presentano maggiori probabilit\u00e0 di interessare l\u2019utente.<\/p>\n<ul>\n<li style=\"list-style-type: none;\">\n<ul>\n<li>Se sei un inserzionista: il trattamento ti consente di mostrare agli utenti pubblicit\u00e0 dei tuoi prodotti e\/o servizi su siti Web e app third-party.<\/li>\n<\/ul>\n<\/li>\n<\/ul>\n<ul>\n<li style=\"list-style-type: none;\">\n<ul>\n<li>Se sei un editore: il trattamento consente a brand, a siti di eCommerce retailer e fornitori di servizi di mostrare le pubblicit\u00e0 dei loro prodotti e\/o servizi sul tuo sito Web.<\/li>\n<\/ul>\n<\/li>\n<\/ul>\n<ul>\n<li style=\"list-style-type: none;\">\n<ul>\n<li>Per inserzionisti ed editori che condividono dati con Criteo a scopi di collegamenti cross-device, come gli inserzionisti live sul Criteo Shopper Graph: puoi condividere i dati, come gli identificatori tecnici tratti dai dati di registrazione degli utenti sul tuo sito Web o sul tuo sistema CRM con i tuoi partner pubblicitari. Ci\u00f2 consente loro di collegare dispositivi o browser e di fornire agli utenti un\u2019esperienza continua e completa attraverso i diversi ambienti utilizzati realmente o che potrebbero utilizzare.<\/li>\n<\/ul>\n<\/li>\n<\/ul>\n<p><\/div>\n    <\/div>\n    <\/div>\n<div class=\"accordion-wysiwyg \">\n    <div class=\"title p-3 pl-5\"><i class=\"arrow p-3 fas fa-chevron-right\"><\/i>Come accettare o rifiutare i tag<\/div>\n    <div class=\"inner p-3\">\n    <div class=\"content pl-3\"><\/p>\n<p>Ad esempio, \u00e8 possibile farlo compiendo delle scelte nel proprio strumento di consenso ai cookie.<\/p>\n<p><\/div>\n    <\/div>\n    <\/div>\n<div class=\"accordion-wysiwyg \">\n    <div class=\"title p-3 pl-5\"><i class=\"arrow p-3 fas fa-chevron-right\"><\/i>Conseguenze se un utente accetta o rifiuta i tag<\/div>\n    <div class=\"inner p-3\">\n    <div class=\"content pl-3\"><\/p>\n<p>Se un utente accetta i tag di Criteo, approfitta della pubblicit\u00e0 personalizzata e gli identificatori tecnici dell\u2019utente possono essere utilizzati per collegare dispositivi o browser per fornirgli una esperienza continua e completa attraverso i diversi ambienti utilizzati realmente o che potrebbe utilizzare.<\/p>\n<p>Se l\u2019utente rifiuta i tag di Criteo non potr\u00e0 approfittare di pubblicit\u00e0 online personalizzata.<\/p>\n<p><\/div>\n    <\/div>\n    <\/div>\n<div class=\"accordion-wysiwyg \">\n    <div class=\"title p-3 pl-5\"><i class=\"arrow p-3 fas fa-chevron-right\"><\/i>Il diritto dell\u2019utente di ritirare il suo consento e la modalit\u00e0 per farlo<\/div>\n    <div class=\"inner p-3\">\n    <div class=\"content pl-3\"><\/p>\n<p>L\u2019utente deve essere informato su come pu\u00f2 ritirare il consenso accordato in precedenza.<\/p>\n<p>Per i servizi Criteo, il consenso pu\u00f2 essere ritirato anche attraverso la nostra <a href=\"https:\/\/www.criteo.com\/it\/privacy\/\">Politica sulla Privacy<\/a>.<\/p>\n<p><\/div>\n    <\/div>\n    <\/div>\n<p>&nbsp;<\/p>\n<p>Per fornire tali informazioni all\u2019utente \u00e8 possibile adottare un approccio a pi\u00f9 livelli, che consiste nel fornire informazioni chiave agli utenti insieme ai link per ottenerne di pi\u00f9 dettagliate.<\/p>\n<h4>Quando e dove dovrebbero essere fornite queste informazioni?<\/h4>\n<p>Le informazioni devono:<\/p>\n<ul>\n<li>essere fornite agli utenti prima che possano scegliere se accordare (o rifiutarsi di accordare) il loro consenso in modo visibile e ovvio; e inoltre<\/li>\n<li>essere disponibili in qualsiasi momento in un punto fisso, ad esempio in una \u201cCookie Policy\u201d facilmente accessibile sulla property.<\/li>\n<\/ul>\n<h4>Che tipo di linguaggio dovrebbe essere usato?<\/h4>\n<p>Un linguaggio semplice. Devono essere evitati termini tecnici o tipicamente legali.<\/p>\n<h4>E se il GDPR non si applica a me e alle mie property?<\/h4>\n<p>Senza considerare le leggi applicabili al tuo caso, l\u2019opinione di Criteo \u00e8 che la trasparenza nei confronti degli utenti \u00e8 sempre un vantaggio, se vogliamo favorire la fiducia nei nostri rispettivi servizi e nell\u2019intera economia digitale. Essere trasparenti significa descrivere in modo completo e comprensibile come verranno utilizzati i dati degli utenti e da chi. Ecco il motivo per cui Criteo raccomanda vivamente ai suoi partner di includere nelle loro politiche sulla privacy un avviso sulla raccolta di dati allo scopo di presentare pubblicit\u00e0 basate sugli interessi.<\/p>\n<h3><\/h3>\n<h3>2. Requisiti per il consenso: Sei tenuto a raccogliere il consenso degli utenti su tutte le tue propriet\u00e0 per il tuo utilizzo dei servizi di Criteo, se obbligatorio per legge<\/h3>\n<p>Secondo i Termini e condizioni di Criteo, in tutti i Paesi in cui il consenso per la raccolta \u00e8 obbligatorio per l\u2019utilizzo dei nostri servizi, spetta ai nostri clienti ed editori partner raccogliere un valido consenso dai loro utenti prima che vengano attivati i tag di Criteo. Questo viene giustificato dal fatto che hai accesso diretto agli\u00a0utenti e che hai il controllo sui meccanismi di scelta utilizzati sulle tue property per raccogliere il loro consenso\u00a0a scopo di implementazione dei vari tag third-party.<\/p>\n<h4>In quali condizioni \u00e8 valido il consenso?<\/h4>\n<p>In virt\u00f9 delle leggi dell\u2019EU, il consenso viene considerato valido a condizione <strong>che sia\u00a0dato liberamente<\/strong>,\u00a0<strong>specifico<\/strong>,\u00a0<strong>informato<\/strong>\u00a0e\u00a0<strong>non ambiguo<\/strong>.<\/p>\n<h4>Ma che cosa significano \u201cdato liberamente\u201d e \u201cspecifico\u201d?<\/h4>\n<p>Gli utenti devono essere in grado di dare il consenso, o di rifiutarlo, per ogni scopo di trattamento. Inoltre, \u00e8 possibile anche fornire opzioni di consenso \u201cglobale\u201d o di rifiuto \u201cglobale\u201d, valide per pi\u00f9 di uno scopo.<\/p>\n<h4>Che cosa significa \u201cinformato\u201d?<\/h4>\n<p>Significa che gli utenti, prima di dare il loro consenso, devono ricevere tutte le informazioni sull\u2019uso dei cookie e delle tecnologie senza cookie di Criteo, che hanno lo scopo di presentare pubblicit\u00e0 mirate (vedi la precedente Sezione 1).<\/p>\n<h4>Che cosa significa \u201cnon ambiguo\u201d?<\/h4>\n<p>Il consenso deve essere dato mediante un <strong>atto positivo<\/strong>. Continuare a navigare, scorrere o usare un sito Web o un\u2019app non viene considerato un consenso valido. Neanche l\u2019uso di caselle gi\u00e0 spuntate pu\u00f2 considerarsi un consenso valido.<\/p>\n<p>La mancata azione di un utente non pu\u00f2 considerarsi un consenso valido.<\/p>\n<h4>Devo consentire agli utenti di rifiutare di dare il consenso?<\/h4>\n<p>S\u00ec. Gli utenti devono avere la facolt\u00e0 di rifiutare l\u2019uso dei tag di Criteo con la stessa semplicit\u00e0 con cui potrebbero dare il loro consenso.<\/p>\n<p>Ad esempio, se hanno l\u2019opzione di dare il consenso a pi\u00f9 di uno scopo per volta, gli utenti devono avere l\u2019opzione di rifiutare il consenso a tali scopi con la stessa semplicit\u00e0 con cui danno il loro consenso.<\/p>\n<h4>Devo consentire agli utenti di ritirare il consenso che hanno dato in precedenza?<\/h4>\n<p>S\u00ec. Gli utenti devono essere in grado di ritirare il consenso per qualsiasi motivo e in qualsiasi momento. I mezzi per farlo devono essere resi facilmente accessibili. Ritirare il consenso deve essere facile quanto accordarlo.<\/p>\n<h4>Posso contare sulle impostazioni del browser per raccogliere il consenso?<\/h4>\n<p>No. Le autorit\u00e0 preposte alla protezione dei dati pensano che le impostazioni del browser non consentano di raccogliere un consenso valido.<\/p>\n<h4>Per quanto tempo devo conservare le scelte degli utenti?<\/h4>\n<p>La scelta degli utenti deve essere mantenuta almeno finch\u00e9 stanno navigando o stanno usando la property. Il periodo massimo deve essere adeguato alla natura della property e alla sua audience.<\/p>\n<h4>Dobbiamo tenere traccia del consenso dato dagli utenti?<\/h4>\n<p><strong>S\u00ec<\/strong>.\u00a0Devi essere in grado di dimostrare in qualsiasi momento che hai ottenuto un consenso valido. Devi essere in grado di fornire a Criteo la prova del consenso che hai ottenuto da ciascun utente, se Criteo te lo chiede.<\/p>\n<p>Per maggiori informazioni sul GDPR e sulla sua applicazione per inserzionisti ed editori:<\/p>\n<p><a href=\"https:\/\/edpb.europa.eu\/sites\/edpb\/files\/files\/file1\/edpb_guidelines_202005_consent_en.pdf\">EDPB guidance on Consent under the GDPR (2020)<\/a><\/p>\n<p><a href=\"https:\/\/ec.europa.eu\/newsroom\/article29\/item-detail.cfm?item_id=622227\">Article 29 Working Party guidance on Transparency under the GDPR (2018)<\/a><\/p>\n<p>Nota che le informazioni fornite qui non costituiscono parere legale, n\u00e9 intendono creare o far nascere un qualsiasi rapporto avvocato-cliente. Se necessario, per un parere professionale \u00e8 opportuno rivolgersi a un legale competente.<\/p>\n<p>&nbsp;<\/p>\n<p>Ultimo aggiornamento: 05\/01\/2021<\/p>\n","protected":false},"excerpt":{"rendered":"<p>Come azienda globale con sede centrale in Europa, Criteo ha una solida base di conoscenza e rispetto di differenti best practice, norme e regolamenti del settore. Criteo \u00e8 convinta che coerenza e certezza riguardo alla privacy e alla tutela dei dati non possano che portare benefici alle aziende e ai consumatori. \u00c8 per questo motivo [&hellip;]<\/p>\n","protected":false},"author":8,"featured_media":0,"parent":0,"menu_order":0,"comment_status":"closed","ping_status":"closed","template":"page-templates\/basic.php","meta":{"_acf_changed":false,"footnotes":""},"coauthors":[],"class_list":["post-8438","page","type-page","status-publish"],"acf":{"layout_mode":"right-indented","bevel":"peach-grapes","bevel_reversed":false,"has_more_content":false,"additional_code":"","stae_popup_enable":false,"storetail_optout":false,"side_text":"","track_page_in_segment":false,"segment_page_name":""},"yoast_head":"<!-- This site is optimized with the Yoast SEO plugin v26.4 - https:\/\/yoast.com\/wordpress\/plugins\/seo\/ -->\n<title>Linee guida sulla privacy per clienti ed editori partner di Criteo | IT - Criteo<\/title>\n<meta name=\"description\" content=\"Dichiarazione di conformit\u00e0 alle varie normative sulla privacy e linee guida per clienti ed editori sul rispetto di tali norme, nonch\u00e9 delle norme sulla trasparenza verso i clienti e del consenso sui servizi.\" \/>\n<meta name=\"robots\" content=\"index, follow, max-snippet:-1, max-image-preview:large, max-video-preview:-1\" \/>\n<link rel=\"canonical\" href=\"https:\/\/www.criteo.com\/it\/criteo-privacy-guidelines-for-clients-and-publisher-partners\/\" \/>\n<meta property=\"og:locale\" content=\"it_IT\" \/>\n<meta property=\"og:type\" content=\"article\" \/>\n<meta property=\"og:title\" content=\"Linee guida sulla privacy per clienti ed editori partner di Criteo | IT - Criteo\" \/>\n<meta property=\"og:description\" content=\"Dichiarazione di conformit\u00e0 alle varie normative sulla privacy e linee guida per clienti ed editori sul rispetto di tali norme, nonch\u00e9 delle norme sulla trasparenza verso i clienti e del consenso sui servizi.\" \/>\n<meta property=\"og:url\" content=\"https:\/\/www.criteo.com\/it\/criteo-privacy-guidelines-for-clients-and-publisher-partners\/\" \/>\n<meta property=\"og:site_name\" content=\"IT - Criteo\" \/>\n<meta property=\"article:modified_time\" content=\"2022-01-11T15:08:29+00:00\" \/>\n<meta name=\"twitter:card\" content=\"summary_large_image\" \/>\n<meta name=\"twitter:label1\" content=\"Est. reading time\" \/>\n\t<meta name=\"twitter:data1\" content=\"7 minutes\" \/>\n<script type=\"application\/ld+json\" class=\"yoast-schema-graph\">{\n\t    \"@context\": \"https:\/\/schema.org\",\n\t    \"@graph\": [\n\t        {\n\t            \"@type\": \"WebPage\",\n\t            \"@id\": \"https:\/\/www.criteo.com\/it\/criteo-privacy-guidelines-for-clients-and-publisher-partners\/\",\n\t            \"url\": \"https:\/\/www.criteo.com\/it\/criteo-privacy-guidelines-for-clients-and-publisher-partners\/\",\n\t            \"name\": \"Linee guida sulla privacy per clienti ed editori partner di Criteo | IT - Criteo\",\n\t            \"isPartOf\": {\n\t                \"@id\": \"https:\/\/www.criteo.com\/it\/#website\"\n\t            },\n\t            \"datePublished\": \"2019-03-27T20:57:22+00:00\",\n\t            \"dateModified\": \"2022-01-11T15:08:29+00:00\",\n\t            \"description\": \"Dichiarazione di conformit\u00e0 alle varie normative sulla privacy e linee guida per clienti ed editori sul rispetto di tali norme, nonch\u00e9 delle norme sulla trasparenza verso i clienti e del consenso sui servizi.\",\n\t            \"breadcrumb\": {\n\t                \"@id\": \"https:\/\/www.criteo.com\/it\/criteo-privacy-guidelines-for-clients-and-publisher-partners\/#breadcrumb\"\n\t            },\n\t            \"inLanguage\": \"it-IT\",\n\t            \"potentialAction\": [\n\t                {\n\t                    \"@type\": \"ReadAction\",\n\t                    \"target\": [\n\t                        \"https:\/\/www.criteo.com\/it\/criteo-privacy-guidelines-for-clients-and-publisher-partners\/\"\n\t                    ]\n\t                }\n\t            ]\n\t        },\n\t        {\n\t            \"@type\": \"BreadcrumbList\",\n\t            \"@id\": \"https:\/\/www.criteo.com\/it\/criteo-privacy-guidelines-for-clients-and-publisher-partners\/#breadcrumb\",\n\t            \"itemListElement\": [\n\t                {\n\t                    \"@type\": \"ListItem\",\n\t                    \"position\": 1,\n\t                    \"name\": \"Home\",\n\t                    \"item\": \"https:\/\/www.criteo.com\/it\/\"\n\t                },\n\t                {\n\t                    \"@type\": \"ListItem\",\n\t                    \"position\": 2,\n\t                    \"name\": \"Linee guida sulla privacy per clienti ed editori partner di Criteo\"\n\t                }\n\t            ]\n\t        },\n\t        {\n\t            \"@type\": \"WebSite\",\n\t            \"@id\": \"https:\/\/www.criteo.com\/it\/#website\",\n\t            \"url\": \"https:\/\/www.criteo.com\/it\/\",\n\t            \"name\": \"IT - Criteo\",\n\t            \"description\": \"\",\n\t            \"publisher\": {\n\t                \"@id\": \"https:\/\/www.criteo.com\/it\/#organization\"\n\t            },\n\t            \"potentialAction\": [\n\t                {\n\t                    \"@type\": \"SearchAction\",\n\t                    \"target\": {\n\t                        \"@type\": \"EntryPoint\",\n\t                        \"urlTemplate\": \"https:\/\/www.criteo.com\/it\/?s={search_term_string}\"\n\t                    },\n\t                    \"query-input\": {\n\t                        \"@type\": \"PropertyValueSpecification\",\n\t                        \"valueRequired\": true,\n\t                        \"valueName\": \"search_term_string\"\n\t                    }\n\t                }\n\t            ],\n\t            \"inLanguage\": \"it-IT\"\n\t        },\n\t        {\n\t            \"@type\": \"Organization\",\n\t            \"@id\": \"https:\/\/www.criteo.com\/it\/#organization\",\n\t            \"name\": \"Criteo\",\n\t            \"alternateName\": \"Criteo corp\",\n\t            \"url\": \"https:\/\/www.criteo.com\/it\/\",\n\t            \"logo\": {\n\t                \"@type\": \"ImageObject\",\n\t                \"inLanguage\": \"it-IT\",\n\t                \"@id\": \"https:\/\/www.criteo.com\/it\/#\/schema\/logo\/image\/\",\n\t                \"url\": \"https:\/\/www.criteo.com\/it\/wp-content\/uploads\/sites\/9\/2024\/02\/Criteo-Logo.svg\",\n\t                \"contentUrl\": \"https:\/\/www.criteo.com\/it\/wp-content\/uploads\/sites\/9\/2024\/02\/Criteo-Logo.svg\",\n\t                \"width\": 118,\n\t                \"height\": 24,\n\t                \"caption\": \"Criteo\"\n\t            },\n\t            \"image\": {\n\t                \"@id\": \"https:\/\/www.criteo.com\/it\/#\/schema\/logo\/image\/\"\n\t            }\n\t        }\n\t    ]\n\t}<\/script>\n<!-- \/ Yoast SEO plugin. -->","yoast_head_json":{"title":"Linee guida sulla privacy per clienti ed editori partner di Criteo | IT - Criteo","description":"Dichiarazione di conformit\u00e0 alle varie normative sulla privacy e linee guida per clienti ed editori sul rispetto di tali norme, nonch\u00e9 delle norme sulla trasparenza verso i clienti e del consenso sui servizi.","robots":{"index":"index","follow":"follow","max-snippet":"max-snippet:-1","max-image-preview":"max-image-preview:large","max-video-preview":"max-video-preview:-1"},"canonical":"https:\/\/www.criteo.com\/it\/criteo-privacy-guidelines-for-clients-and-publisher-partners\/","og_locale":"it_IT","og_type":"article","og_title":"Linee guida sulla privacy per clienti ed editori partner di Criteo | IT - Criteo","og_description":"Dichiarazione di conformit\u00e0 alle varie normative sulla privacy e linee guida per clienti ed editori sul rispetto di tali norme, nonch\u00e9 delle norme sulla trasparenza verso i clienti e del consenso sui servizi.","og_url":"https:\/\/www.criteo.com\/it\/criteo-privacy-guidelines-for-clients-and-publisher-partners\/","og_site_name":"IT - Criteo","article_modified_time":"2022-01-11T15:08:29+00:00","twitter_card":"summary_large_image","twitter_misc":{"Est. reading time":"7 minutes"},"schema":{"@context":"https:\/\/schema.org","@graph":[{"@type":"WebPage","@id":"https:\/\/www.criteo.com\/it\/criteo-privacy-guidelines-for-clients-and-publisher-partners\/","url":"https:\/\/www.criteo.com\/it\/criteo-privacy-guidelines-for-clients-and-publisher-partners\/","name":"Linee guida sulla privacy per clienti ed editori partner di Criteo | IT - Criteo","isPartOf":{"@id":"https:\/\/www.criteo.com\/it\/#website"},"datePublished":"2019-03-27T20:57:22+00:00","dateModified":"2022-01-11T15:08:29+00:00","description":"Dichiarazione di conformit\u00e0 alle varie normative sulla privacy e linee guida per clienti ed editori sul rispetto di tali norme, nonch\u00e9 delle norme sulla trasparenza verso i clienti e del consenso sui servizi.","breadcrumb":{"@id":"https:\/\/www.criteo.com\/it\/criteo-privacy-guidelines-for-clients-and-publisher-partners\/#breadcrumb"},"inLanguage":"it-IT","potentialAction":[{"@type":"ReadAction","target":["https:\/\/www.criteo.com\/it\/criteo-privacy-guidelines-for-clients-and-publisher-partners\/"]}]},{"@type":"BreadcrumbList","@id":"https:\/\/www.criteo.com\/it\/criteo-privacy-guidelines-for-clients-and-publisher-partners\/#breadcrumb","itemListElement":[{"@type":"ListItem","position":1,"name":"Home","item":"https:\/\/www.criteo.com\/it\/"},{"@type":"ListItem","position":2,"name":"Linee guida sulla privacy per clienti ed editori partner di Criteo"}]},{"@type":"WebSite","@id":"https:\/\/www.criteo.com\/it\/#website","url":"https:\/\/www.criteo.com\/it\/","name":"IT - Criteo","description":"","publisher":{"@id":"https:\/\/www.criteo.com\/it\/#organization"},"potentialAction":[{"@type":"SearchAction","target":{"@type":"EntryPoint","urlTemplate":"https:\/\/www.criteo.com\/it\/?s={search_term_string}"},"query-input":{"@type":"PropertyValueSpecification","valueRequired":true,"valueName":"search_term_string"}}],"inLanguage":"it-IT"},{"@type":"Organization","@id":"https:\/\/www.criteo.com\/it\/#organization","name":"Criteo","alternateName":"Criteo corp","url":"https:\/\/www.criteo.com\/it\/","logo":{"@type":"ImageObject","inLanguage":"it-IT","@id":"https:\/\/www.criteo.com\/it\/#\/schema\/logo\/image\/","url":"https:\/\/www.criteo.com\/it\/wp-content\/uploads\/sites\/9\/2024\/02\/Criteo-Logo.svg","contentUrl":"https:\/\/www.criteo.com\/it\/wp-content\/uploads\/sites\/9\/2024\/02\/Criteo-Logo.svg","width":118,"height":24,"caption":"Criteo"},"image":{"@id":"https:\/\/www.criteo.com\/it\/#\/schema\/logo\/image\/"}}]}},"_links":{"self":[{"href":"https:\/\/www.criteo.com\/it\/wp-json\/wp\/v2\/pages\/8438","targetHints":{"allow":["GET"]}}],"collection":[{"href":"https:\/\/www.criteo.com\/it\/wp-json\/wp\/v2\/pages"}],"about":[{"href":"https:\/\/www.criteo.com\/it\/wp-json\/wp\/v2\/types\/page"}],"author":[{"embeddable":true,"href":"https:\/\/www.criteo.com\/it\/wp-json\/wp\/v2\/users\/8"}],"replies":[{"embeddable":true,"href":"https:\/\/www.criteo.com\/it\/wp-json\/wp\/v2\/comments?post=8438"}],"version-history":[{"count":6,"href":"https:\/\/www.criteo.com\/it\/wp-json\/wp\/v2\/pages\/8438\/revisions"}],"predecessor-version":[{"id":16003,"href":"https:\/\/www.criteo.com\/it\/wp-json\/wp\/v2\/pages\/8438\/revisions\/16003"}],"wp:attachment":[{"href":"https:\/\/www.criteo.com\/it\/wp-json\/wp\/v2\/media?parent=8438"}],"wp:term":[{"taxonomy":"author","embeddable":true,"href":"https:\/\/www.criteo.com\/it\/wp-json\/wp\/v2\/coauthors?post=8438"}],"curies":[{"name":"wp","href":"https:\/\/api.w.org\/{rel}","templated":true}]}}