{"id":116,"date":"2026-01-15T12:43:39","date_gmt":"2026-01-15T12:43:39","guid":{"rendered":"https:\/\/www.criteo.com\/pl\/?page_id=116"},"modified":"2026-01-28T14:49:45","modified_gmt":"2026-01-28T14:49:45","slug":"home-2026","status":"publish","type":"page","link":"https:\/\/www.criteo.com\/pl\/","title":{"rendered":"Home 2026"},"content":{"rendered":"","protected":false},"excerpt":{"rendered":"","protected":false},"author":18,"featured_media":0,"parent":0,"menu_order":0,"comment_status":"closed","ping_status":"closed","template":"page-templates\/pageModular2020.php","meta":{"_acf_changed":false,"footnotes":""},"coauthors":[5],"class_list":["post-116","page","type-page","status-publish"],"acf":{"track_page_in_segment":false,"segment_page_name":"","remove_header":false,"remove_footer":false,"add_password_protected_layout":false,"remove_from_internal_search":false,"strip_the_header":false,"override_buttons":false,"use_transparent_header":true,"use_transparent_header_dark_menus":false,"use_transparent_header_normal":false,"background_color_modular":"neutral gray","layouts":[{"acf_fc_layout":"customer_segments_hero_2025","customer_segments_hero_2025":{"caption":"","title_subtitle":"<h1>Reklama w punkt<\/h1>\n<p><strong>Inteligentny marketing nap\u0119dzany przez Commerce AI<\/strong><\/p>\n<p>&nbsp;<\/p>\n<p>Criteo to platforma commerce intelligence, kt\u00f3ra \u0142\u0105czy reklamodawc\u00f3w, media, wydawc\u00f3w i agencje w jednym ekosystemie. Dzi\u0119ki bogatej bazie danych handlowych i technologii Commerce AI umo\u017cliwiamy precyzyjne dotarcie do w\u0142a\u015bciwych odbiorc\u00f3w na ka\u017cdym etapie \u015bcie\u017cki zakupowej, a tak\u017ce monetyzacj\u0119 w\u0142asnych danych i ruchu oraz dost\u0119p do unikalnego popytu reklamowego. Pomagamy rozwija\u0107 biznes szybciej, dostarczaj\u0105c mierzaln\u0105 warto\u015b\u0107 dla wszystkich uczestnik\u00f3w rynku.<\/p>\n","logos_title":"","logos":false,"hero_right_image":{"ID":117,"id":117,"title":"Polish homepage","filename":"Polish-homepage.svg","filesize":8702715,"url":"https:\/\/www.criteo.com\/pl\/wp-content\/uploads\/sites\/11\/2026\/01\/Polish-homepage.svg","link":"https:\/\/www.criteo.com\/pl\/home-2026\/polish-homepage\/","alt":"","author":"18","description":"","caption":"","name":"polish-homepage","status":"inherit","uploaded_to":116,"date":"2026-01-15 12:43:27","modified":"2026-01-15 12:43:27","menu_order":0,"mime_type":"image\/svg+xml","type":"image","subtype":"svg+xml","icon":"https:\/\/www.criteo.com\/pl\/wp-includes\/images\/media\/default.png","width":689,"height":540,"sizes":{"thumbnail":"https:\/\/www.criteo.com\/pl\/wp-content\/uploads\/sites\/11\/2026\/01\/Polish-homepage.svg","thumbnail-width":689,"thumbnail-height":540,"medium":"https:\/\/www.criteo.com\/pl\/wp-content\/uploads\/sites\/11\/2026\/01\/Polish-homepage.svg","medium-width":689,"medium-height":540,"medium_large":"https:\/\/www.criteo.com\/pl\/wp-content\/uploads\/sites\/11\/2026\/01\/Polish-homepage.svg","medium_large-width":689,"medium_large-height":540,"large":"https:\/\/www.criteo.com\/pl\/wp-content\/uploads\/sites\/11\/2026\/01\/Polish-homepage.svg","large-width":689,"large-height":540,"1536x1536":"https:\/\/www.criteo.com\/pl\/wp-content\/uploads\/sites\/11\/2026\/01\/Polish-homepage.svg","1536x1536-width":689,"1536x1536-height":540,"2048x2048":"https:\/\/www.criteo.com\/pl\/wp-content\/uploads\/sites\/11\/2026\/01\/Polish-homepage.svg","2048x2048-width":689,"2048x2048-height":540,"success-story":"https:\/\/www.criteo.com\/pl\/wp-content\/uploads\/sites\/11\/2026\/01\/Polish-homepage.svg","success-story-width":689,"success-story-height":540,"profile_24":"https:\/\/www.criteo.com\/pl\/wp-content\/uploads\/sites\/11\/2026\/01\/Polish-homepage.svg","profile_24-width":689,"profile_24-height":540,"profile_48":"https:\/\/www.criteo.com\/pl\/wp-content\/uploads\/sites\/11\/2026\/01\/Polish-homepage.svg","profile_48-width":689,"profile_48-height":540,"profile_96":"https:\/\/www.criteo.com\/pl\/wp-content\/uploads\/sites\/11\/2026\/01\/Polish-homepage.svg","profile_96-width":689,"profile_96-height":540,"profile_150":"https:\/\/www.criteo.com\/pl\/wp-content\/uploads\/sites\/11\/2026\/01\/Polish-homepage.svg","profile_150-width":689,"profile_150-height":540,"profile_300":"https:\/\/www.criteo.com\/pl\/wp-content\/uploads\/sites\/11\/2026\/01\/Polish-homepage.svg","profile_300-width":689,"profile_300-height":540}},"background_gradient":"C-grid","cta_button":{"type":"internal","text":"","link_internal":"","link_media":false,"link_external":"","link_embed":"","link_email":"","email_subject":"","page_element_id":"","variant":"default","ai_variant":"gradient-border","icon":"none","ai_icon":"none","new_window":[],"track_button":false,"button_location":false,"event_type":false,"button_classes":"","button_message":""},"additional_buttons":false}},{"acf_fc_layout":"form","form":{"section_customization":{"anchor_id":"","background_type":"none","background_color":{"color":"Sunrise"},"background_gradient":"","background_image":false,"background_image_position":"center-center","background_overlay":"none","use_custom_paddings":false,"custom_padding":{"desktop_top":"","desktop_bottom":"","mobile_top":"","mobile_bottom":""},"use_custom_margins":false,"custom_margins":{"desktop_top_margin":"","desktop_bottom_margin":"","mobile_top_margin":"","mobile_bottom_margin":""}},"intro":{"intro":{"show_intro_block":true,"image_as_caption":false,"image":false,"caption":"","caption_is_page_title":false,"title":"Powiedz nam co\u015b o sobie, a my skontaktujemy si\u0119 z Tob\u0105","title_size":"h4","description":"","description_font_size":"default"}},"image":false,"pardot_form_URL":"https:\/\/www2.criteo.com\/l\/126241\/2024-01-17\/85hys4","display_content_in_one_column":true}}],"additional_code":""},"yoast_head":"<!-- This site is optimized with the Yoast SEO plugin v26.4 - https:\/\/yoast.com\/wordpress\/plugins\/seo\/ -->\n<title>Home - PL - Criteo.com<\/title>\n<meta name=\"description\" content=\"Pomagamy Twoim reklamom trafia\u0107 dok\u0142adnie tam, gdzie trzeba. Reklamy nap\u0119dzane przez Commerce AI.\" \/>\n<meta name=\"robots\" content=\"index, follow, max-snippet:-1, max-image-preview:large, max-video-preview:-1\" \/>\n<link rel=\"canonical\" href=\"https:\/\/www.criteo.com\/pl\/\" \/>\n<meta property=\"og:locale\" content=\"pl_PL\" \/>\n<meta property=\"og:type\" content=\"article\" \/>\n<meta property=\"og:title\" content=\"Home - PL - Criteo.com\" \/>\n<meta property=\"og:description\" content=\"Pomagamy Twoim reklamom trafia\u0107 dok\u0142adnie tam, gdzie trzeba. Reklamy nap\u0119dzane przez Commerce AI.\" \/>\n<meta property=\"og:url\" content=\"https:\/\/www.criteo.com\/pl\/\" \/>\n<meta property=\"og:site_name\" content=\"PL - Criteo.com\" \/>\n<meta property=\"article:modified_time\" content=\"2026-01-28T14:49:45+00:00\" \/>\n<meta name=\"twitter:card\" content=\"summary_large_image\" \/>\n<script type=\"application\/ld+json\" class=\"yoast-schema-graph\">{\n\t    \"@context\": \"https:\/\/schema.org\",\n\t    \"@graph\": []\n\t}<\/script>\n<!-- \/ Yoast SEO plugin. -->","yoast_head_json":{"title":"Home - PL - Criteo.com","description":"Pomagamy Twoim reklamom trafia\u0107 dok\u0142adnie tam, gdzie trzeba. Reklamy nap\u0119dzane przez Commerce AI.","robots":{"index":"index","follow":"follow","max-snippet":"max-snippet:-1","max-image-preview":"max-image-preview:large","max-video-preview":"max-video-preview:-1"},"canonical":"https:\/\/www.criteo.com\/pl\/","og_locale":"pl_PL","og_type":"article","og_title":"Home - PL - Criteo.com","og_description":"Pomagamy Twoim reklamom trafia\u0107 dok\u0142adnie tam, gdzie trzeba. Reklamy nap\u0119dzane przez Commerce AI.","og_url":"https:\/\/www.criteo.com\/pl\/","og_site_name":"PL - Criteo.com","article_modified_time":"2026-01-28T14:49:45+00:00","twitter_card":"summary_large_image","schema":{"@context":"https:\/\/schema.org","@graph":[]}},"_links":{"self":[{"href":"https:\/\/www.criteo.com\/pl\/wp-json\/wp\/v2\/pages\/116","targetHints":{"allow":["GET"]}}],"collection":[{"href":"https:\/\/www.criteo.com\/pl\/wp-json\/wp\/v2\/pages"}],"about":[{"href":"https:\/\/www.criteo.com\/pl\/wp-json\/wp\/v2\/types\/page"}],"author":[{"embeddable":true,"href":"https:\/\/www.criteo.com\/pl\/wp-json\/wp\/v2\/users\/18"}],"replies":[{"embeddable":true,"href":"https:\/\/www.criteo.com\/pl\/wp-json\/wp\/v2\/comments?post=116"}],"version-history":[{"count":4,"href":"https:\/\/www.criteo.com\/pl\/wp-json\/wp\/v2\/pages\/116\/revisions"}],"predecessor-version":[{"id":123,"href":"https:\/\/www.criteo.com\/pl\/wp-json\/wp\/v2\/pages\/116\/revisions\/123"}],"wp:attachment":[{"href":"https:\/\/www.criteo.com\/pl\/wp-json\/wp\/v2\/media?parent=116"}],"wp:term":[{"taxonomy":"author","embeddable":true,"href":"https:\/\/www.criteo.com\/pl\/wp-json\/wp\/v2\/coauthors?post=116"}],"curies":[{"name":"wp","href":"https:\/\/api.w.org\/{rel}","templated":true}]}}