{"id":6726,"date":"2017-12-05T16:38:29","date_gmt":"2017-12-05T16:38:29","guid":{"rendered":"http:\/\/www.criteo.com\/ru\/terms-and-conditions\/"},"modified":"2025-06-13T09:23:52","modified_gmt":"2025-06-13T09:23:52","slug":"terms-and-conditions","status":"publish","type":"page","link":"https:\/\/www.criteo.com\/ru\/terms-and-conditions\/","title":{"rendered":"Terms and Conditions"},"content":{"rendered":"","protected":false},"excerpt":{"rendered":"","protected":false},"author":1,"featured_media":0,"parent":0,"menu_order":0,"comment_status":"closed","ping_status":"closed","template":"page-templates\/basic.php","meta":{"_acf_changed":false,"footnotes":""},"coauthors":[518],"class_list":["post-6726","page","type-page","status-publish"],"acf":{"layout_mode":"bootstrap-columns","bootstrap_container":[{"bootstrap_row":[{"bootstrap_row_classes":false,"bootstrap_columns":[{"bootstrap_column_classes":false,"bootstrap_column_content":"<h3>English<\/h3>\n<p><i><em>Criteo Commerce Media Platform<\/em><\/i><\/p>\n<ul>\n<li><a href=\"https:\/\/www.criteo.com\/ru\/wp-content\/uploads\/sites\/10\/2025\/06\/Criteo-Umbrella-Terms-of-Service_may2025.pdf\" target=\"_blank\" rel=\"noopener\">Umbrella Terms of Service<\/a><\/li>\n<li>Specific Terms of Service\n<ul>\n<li><a href=\"https:\/\/www.criteo.com\/wp-content\/uploads\/2024\/09\/Commerce-Growth-Specific-Terms-of-Service-ENG-.pdf\" target=\"_blank\" rel=\"noopener\">Commerce Growth<\/a><\/li>\n<li><a href=\"https:\/\/www.criteo.com\/wp-content\/uploads\/2024\/01\/Commerce-Grid-Specific-Terms-of-Service-ENG.pdf\" target=\"_blank\" rel=\"noopener\">Commerce Grid<\/a><\/li>\n<li><a href=\"https:\/\/www.criteo.com\/wp-content\/uploads\/2024\/08\/Commerce-Max-Specific-Terms-of-Service-EN.pdf\" target=\"_blank\" rel=\"noopener\">Commerce Max<\/a><\/li>\n<li><a href=\"https:\/\/www.criteo.com\/wp-content\/uploads\/2024\/10\/Commerce-Yield-Specific-Terms-of-Service_ENG.pdf\">Commerce Yield<\/a><\/li>\n<li><a href=\"https:\/\/www.criteo.com\/wp-content\/uploads\/2023\/08\/Specific-Terms-of-Service-%E2%80%93-Curation-Data-Provision.pdf\" target=\"_blank\" rel=\"noopener\">Curation &amp; Data provision<\/a><\/li>\n<\/ul>\n<\/li>\n<li><a href=\"https:\/\/www.criteo.com\/wp-content\/uploads\/2023\/09\/Criteo-contracting-entities_-governing-law-and-jurisdiction_EN-EN-230904.pdf\" target=\"_blank\" rel=\"noopener\">Contracting entities, governing law, and jurisdiction<\/a><\/li>\n<li><a href=\"https:\/\/www.criteo.com\/wp-content\/uploads\/2024\/07\/Criteo-Data-Protection-Agreement_EB_19.06.24.pdf\" target=\"_blank\" rel=\"noopener\">Data Protection Agreement<\/a><\/li>\n<\/ul>\n"},{"bootstrap_column_classes":false,"bootstrap_column_content":"<h3>Deutsch<\/h3>\n<p><i>Criteo Commerce Media Platform<\/i><\/p>\n<ul>\n<li><a href=\"https:\/\/www.criteo.com\/wp-content\/uploads\/2023\/12\/Criteo-Umbrella-Terms-of-Service-DE-1.pdf\" target=\"_blank\" rel=\"noopener\">Rahmennutzungsbedingungen<\/a><\/li>\n<li>Spezifischen Nutzungsbedingungen\n<ul>\n<li><a href=\"https:\/\/www.criteo.com\/wp-content\/uploads\/2024\/11\/Commerce-Growth-Specific-Terms-of-Service-DE-1.pdf\" target=\"_blank\" rel=\"noopener\">Commerce Growth<\/a><\/li>\n<li><a href=\"https:\/\/www.criteo.com\/wp-content\/uploads\/2024\/01\/Commerce-Grid-Specific-Terms-of-Service-DE.pdf\">Commerce Grid<\/a><\/li>\n<li><a href=\"https:\/\/www.criteo.com\/wp-content\/uploads\/2024\/09\/Commerce-Max-Specific-Terms-of-Service-DE-2024August.pdf\" target=\"_blank\" rel=\"noopener\">Commerce Max<\/a><\/li>\n<li><a href=\"https:\/\/www.criteo.com\/wp-content\/uploads\/2024\/11\/Commerce-Yield-Specific-Terms-of-Service-DE.pdf\">Commerce Yield<\/a><\/li>\n<li><a href=\"https:\/\/www.criteo.com\/wp-content\/uploads\/2024\/09\/Specific-Terms-of-Service-\u2013-Curation-Data-Provision_DE.pdf\">Curation-Dienst &amp; Datenbereitstellungsdienst<\/a><\/li>\n<\/ul>\n<\/li>\n<li><a href=\"https:\/\/www.criteo.com\/wp-content\/uploads\/2024\/06\/Criteo-contracting-entities-governing-law-and-jurisdiction_DE-DE.pdf\" target=\"_blank\" rel=\"noopener\">Vertragsparteien, Anwendbares Recht, Gerichtsstand<\/a><\/li>\n<li><a href=\"https:\/\/www.criteo.com\/wp-content\/uploads\/2024\/11\/DE-Criteo-DPA-.pdf\" target=\"_blank\" rel=\"noopener\">Datenschutzvereinbarung<\/a><\/li>\n<\/ul>\n"},{"bootstrap_column_classes":false,"bootstrap_column_content":"<h3>Fran\u00e7ais<\/h3>\n<p><i>Criteo Commerce Media Platform<\/i><\/p>\n<ul>\n<li><a href=\"https:\/\/www.criteo.com\/wp-content\/uploads\/2024\/03\/Criteo-Umbrella-Terms-of-Service-FR.pdf\" target=\"_blank\" rel=\"noopener\">Conditions g\u00e9n\u00e9rales de service<\/a><\/li>\n<li>Conditions de service sp\u00e9cifiques\n<ul>\n<li><a href=\"https:\/\/www.criteo.com\/wp-content\/uploads\/2024\/11\/Commerce-Growth-Specific-Terms-of-Service-FR.pdf\" target=\"_blank\" rel=\"noopener\">Commerce Growth<\/a><\/li>\n<li><a href=\"https:\/\/www.criteo.com\/wp-content\/uploads\/2024\/01\/Commerce-Grid-Specific-Terms-of-Service-FR.pdf\" target=\"_blank\" rel=\"noopener\">Commerce Grid<\/a><\/li>\n<li><a href=\"https:\/\/www.criteo.com\/wp-content\/uploads\/2024\/08\/FR-Conditions-de-service-specifiques-\u2013-Commerce-Max-Redline-.pdf\" target=\"_blank\" rel=\"noopener\">Commerce Max<\/a><\/li>\n<li><a href=\"https:\/\/www.criteo.com\/wp-content\/uploads\/2024\/11\/Commerce-Yield-Specific-Terms-of-Service-FR.pdf\">Commerce Yield<\/a><\/li>\n<li><a href=\"https:\/\/www.criteo.com\/wp-content\/uploads\/2024\/09\/Criteo-Condition-de-Service-specifiques-Curation-Data-FR.pdf\">Service de curation et de fourniture de donn\u00e9es<\/a><\/li>\n<\/ul>\n<\/li>\n<li><a href=\"https:\/\/www.criteo.com\/wp-content\/uploads\/2024\/06\/Criteo-contracting-entities-governing-law-and-jurisdiction_FR-FR.pdf\" target=\"_blank\" rel=\"noopener\">Entit\u00e9s Criteo contractantes, droit applicable et juridictions comp\u00e9tentes <\/a><\/li>\n<li><a href=\"https:\/\/www.criteo.com\/wp-content\/uploads\/2024\/11\/FR-Criteo-DPA-June-2024.pdf\" target=\"_blank\" rel=\"noopener\">Accord de protection des donn\u00e9es<\/a><\/li>\n<\/ul>\n"},{"bootstrap_column_classes":false,"bootstrap_column_content":"<h3>\ud55c\uad6d\uc5b4<\/h3>\n<p><i>Criteo Commerce Media Platform<\/i><\/p>\n<ul>\n<li><a href=\"https:\/\/www.criteo.com\/wp-content\/uploads\/2024\/03\/Criteo-Umbrella-Terms-of-Service-KO-KR.pdf\" target=\"_blank\" rel=\"noopener\">\ud3ec\uad04 \uc11c\ube44\uc2a4 \uc57d\uad00<\/a><\/li>\n<li>\uc804\uc6a9 \uc11c\ube44\uc2a4 \uc57d\uad00\n<ul>\n<li><a href=\"https:\/\/www.criteo.com\/wp-content\/uploads\/2024\/11\/Commerce-Growth-Specific-Terms-of-Service-KO-KR.pdf\" target=\"_blank\" rel=\"noopener\">Commerce Growth<\/a><\/li>\n<li><a href=\"https:\/\/www.criteo.com\/wp-content\/uploads\/2024\/01\/C-Grid-Specific-Terms-of-Service-KO-KR.pdf\" target=\"_blank\" rel=\"noopener\">Commerce Grid<\/a><\/li>\n<li><a href=\"https:\/\/www.criteo.com\/wp-content\/uploads\/2024\/09\/Commerce-Max-Specific-Terms-of-Service-KO.pdf\" target=\"_blank\" rel=\"noopener\">Commerce Max<\/a><\/li>\n<li><a href=\"https:\/\/www.criteo.com\/wp-content\/uploads\/2024\/11\/Commerce-Yield-Specific-Terms-of-Service-KO-KR.pdf\">Commerce Yield<\/a><\/li>\n<li><a href=\"https:\/\/www.criteo.com\/wp-content\/uploads\/2024\/09\/Specific-Terms-of-Service-\u2013-Curation-Data-Provision_KO-KR.pdf\">Curation \uc11c\ube44\uc2a4 \ubc0f \ub370\uc774\ud130 \uc81c\uacf5 \uc11c\ube44\uc2a4<\/a><\/li>\n<\/ul>\n<\/li>\n<li><a href=\"https:\/\/www.criteo.com\/wp-content\/uploads\/2024\/06\/Criteo-contracting-entities-governing-law-and-jurisdiction_KO-KR.pdf\" target=\"_blank\" rel=\"noopener\">\uacc4\uc57d \ubc95\uc778, \uc900\uac70\ubc95 \ubc0f \uad00\ud560\uad8c<\/a><\/li>\n<\/ul>\n"},{"bootstrap_column_classes":false,"bootstrap_column_content":"<h3>Portugu\u00eas<\/h3>\n<p><i>Criteo Commerce Media Platform<\/i><\/p>\n<ul>\n<li><a href=\"https:\/\/www.criteo.com\/wp-content\/uploads\/2024\/03\/Criteo-Umbrella-Terms-of-Service-PT-BR.pdf\" target=\"_blank\" rel=\"noopener\">Condi\u00e7\u00f5es Gerais de Servi\u00e7os<\/a><\/li>\n<li>Condi\u00e7\u00f5es Espec\u00edficas de Servi\u00e7os\n<ul>\n<li><a href=\"https:\/\/www.criteo.com\/wp-content\/uploads\/2024\/11\/Commerce-Growth-Specific-Terms-of-Service-PT.pdf\" target=\"_blank\" rel=\"noopener\">Commerce Growth<\/a><\/li>\n<li><a href=\"https:\/\/www.criteo.com\/wp-content\/uploads\/2024\/01\/Commerce-Grid-Specific-Terms-of-Service-PT.pdf\" target=\"_blank\" rel=\"noopener\">Commerce Grid<\/a><\/li>\n<li><a href=\"https:\/\/www.criteo.com\/wp-content\/uploads\/2024\/09\/Commerce-Max-Specific-Terms-of-Service-PT.pdf\" target=\"_blank\" rel=\"noopener\">Commerce Max<\/a><\/li>\n<li><a href=\"https:\/\/www.criteo.com\/wp-content\/uploads\/2024\/11\/Commerce-Yield-Specific-Terms-of-Service-PTBR.pdf\">Commerce Yield<\/a><\/li>\n<li><a href=\"https:\/\/www.criteo.com\/wp-content\/uploads\/2024\/09\/Specific-Terms-of-Service-\u2013-Curation-Data-Provision_PT.pdf\">Servi\u00e7o de curadoria e de fornecimento de dados<\/a><\/li>\n<\/ul>\n<\/li>\n<li><a href=\"https:\/\/www.criteo.com\/wp-content\/uploads\/2024\/06\/Criteo-contracting-entities-governing-law-and-jurisdiction_PT-BR.pdf\" target=\"_blank\" rel=\"noopener\">Entidades Contratantes, Legisla\u00e7\u00e3o Aplic\u00e1vel e Jurisdi\u00e7\u00e3o<\/a><\/li>\n<\/ul>\n"},{"bootstrap_column_classes":false,"bootstrap_column_content":"<h3>\u65e5\u672c\u8a9e<\/h3>\n<p><i>Criteo Commerce Media Platform<\/i><\/p>\n<ul>\n<li><a href=\"https:\/\/www.criteo.com\/wp-content\/uploads\/2024\/03\/Criteo-Umbrella-Terms-of-Service-JA.pdf\" target=\"_blank\" rel=\"noopener\">\u7dcf\u5408\u5229\u7528\u898f\u7d04<\/a><\/li>\n<li>\u500b\u5225\u5229\u7528\u898f\u7d04\n<ul>\n<li><a href=\"https:\/\/www.criteo.com\/wp-content\/uploads\/2024\/11\/Commerce-Growth-Specific-Terms-of-Service-JA.pdf\" target=\"_blank\" rel=\"noopener\">Commerce Growth<\/a><\/li>\n<li><a href=\"https:\/\/www.criteo.com\/wp-content\/uploads\/2024\/01\/C-Grid-Specific-Terms-of-Service-JA.pdf\" target=\"_blank\" rel=\"noopener\">Commerce Grid<\/a><\/li>\n<li><a href=\"https:\/\/www.criteo.com\/wp-content\/uploads\/2024\/09\/Specific-Terms-of-Service-\u2013-Commerce-Max_JA.pdf\" target=\"_blank\" rel=\"noopener\">Commerce Max<\/a><\/li>\n<li><a href=\"https:\/\/www.criteo.com\/wp-content\/uploads\/2024\/11\/Commerce-Yield-Specific-Terms-of-Service-JP.pdf\">Commerce Yield<\/a><\/li>\n<li><a href=\"https:\/\/www.criteo.com\/wp-content\/uploads\/2024\/09\/Specific-Terms-of-Service-\u2013-Curation-Data-Provision_JA.pdf\">\u30ad\u30e5\u30ec\u30fc\u30b7\u30e7\u30f3\u30b5\u30fc\u30d3\u30b9\uff06\u30c7\u30fc\u30bf\u63d0\u4f9b\u30b5\u30fc\u30d3\u30b9<\/a><\/li>\n<\/ul>\n<\/li>\n<li><a href=\"https:\/\/www.criteo.com\/wp-content\/uploads\/2024\/06\/Criteo-contracting-entities-governing-law-and-jurisdiction_JA-JP.pdf\" target=\"_blank\" rel=\"noopener\">Criteo\u306e\u5951\u7d04\u4e3b\u4f53\u3068\u6e96\u62e0\u6cd5\u30fb\u7ba1\u8f44\u88c1\u5224\u6240<\/a><\/li>\n<\/ul>\n"},{"bootstrap_column_classes":false,"bootstrap_column_content":"<h3>Italiano<\/h3>\n<p><i>Criteo Commerce Media Platform<\/i><\/p>\n<ul>\n<li><a href=\"https:\/\/www.criteo.com\/wp-content\/uploads\/2024\/03\/Criteo-Umbrella-Terms-of-Service-IT.pdf\" target=\"_blank\" rel=\"noopener\">Termini di Servizio Generici <\/a><\/li>\n<li>Termini di Servizio Specifici\n<ul>\n<li><a href=\"https:\/\/www.criteo.com\/wp-content\/uploads\/2024\/11\/Commerce-Growth-Specific-Terms-of-Service-IT-1.pdf\" target=\"_blank\" rel=\"noopener\">Commerce Growth<\/a><\/li>\n<li><a href=\"https:\/\/www.criteo.com\/wp-content\/uploads\/2024\/01\/Commerce-Grid-Specific-Terms-of-Service-IT.pdf\" target=\"_blank\" rel=\"noopener\">Commerce Grid<\/a><\/li>\n<li><a href=\"https:\/\/www.criteo.com\/wp-content\/uploads\/2024\/09\/Commerce-Max-Specific-Terms-of-Service-IT.pdf\" target=\"_blank\" rel=\"noopener\">Commerce Max<\/a><\/li>\n<li><a href=\"https:\/\/www.criteo.com\/wp-content\/uploads\/2024\/11\/Commerce-Yield-Specific-Terms-of-Service-IT.pdf\">Commerce Yield<\/a><\/li>\n<li><a href=\"https:\/\/www.criteo.com\/wp-content\/uploads\/2024\/09\/Specific-Terms-of-Service-\u2013-Curation-Data-Provision_IT.pdf\">Servizio di gestione e fornitura dati<\/a><\/li>\n<\/ul>\n<\/li>\n<li><a href=\"https:\/\/www.criteo.com\/wp-content\/uploads\/2024\/06\/Criteo-contracting-entities-governing-law-and-jurisdiction_IT-IT.pdf\" target=\"_blank\" rel=\"noopener\">Enti Appaltanti, Legge e Foro Competente<\/a><\/li>\n<\/ul>\n"},{"bootstrap_column_classes":false,"bootstrap_column_content":"<h3>Espa\u00f1ol<\/h3>\n<p><i>Criteo Commerce Media Platform<\/i><\/p>\n<ul>\n<li><a href=\"https:\/\/www.criteo.com\/wp-content\/uploads\/2024\/03\/Criteo-Umbrella-Terms-of-Service-ES.pdf\" target=\"_blank\" rel=\"noopener\">Condiciones Generales de Servicios<\/a><\/li>\n<li>Condiciones Espec\u00edficas de Servicios\n<ul>\n<li><a href=\"https:\/\/www.criteo.com\/wp-content\/uploads\/2024\/11\/Commerce-Growth-Specific-Terms-of-Service-ES-1.pdf\" target=\"_blank\" rel=\"noopener\">Commerce Growth<\/a><\/li>\n<li><a href=\"https:\/\/www.criteo.com\/wp-content\/uploads\/2024\/01\/Commerce-Grid-Specific-Terms-of-Service-ES.pdf\" target=\"_blank\" rel=\"noopener\">Commerce Grid<\/a><\/li>\n<li><a href=\"https:\/\/www.criteo.com\/wp-content\/uploads\/2024\/08\/ES-Specific-Terms-of-Service-\u2013-Commerce-Max.pdf\" target=\"_blank\" rel=\"noopener\">Commerce Max<\/a><\/li>\n<li><a href=\"https:\/\/www.criteo.com\/wp-content\/uploads\/2024\/11\/Commerce-Yield-Specific-Terms-of-Service-ES.pdf\">Commerce Yield<\/a><\/li>\n<li><a href=\"https:\/\/www.criteo.com\/wp-content\/uploads\/2024\/09\/Specific-Terms-of-Service-\u2013-Curation-Data-Provision_ES.pdf\">Servicio de gesti\u00f3n y de provisi\u00f3n de datos<\/a><\/li>\n<\/ul>\n<\/li>\n<li><a href=\"https:\/\/www.criteo.com\/wp-content\/uploads\/2024\/06\/Criteo-contracting-entities-governing-law-and-jurisdiction_ES-ES.pdf\" target=\"_blank\" rel=\"noopener\">Entidades Contratantes, Leyes Aplicables y Jurisdici\u00f3n<\/a><\/li>\n<li><a href=\"https:\/\/www.criteo.com\/wp-content\/uploads\/2024\/05\/Criteo-DPA-April-2024_ES.pdf\" target=\"_blank\" rel=\"noopener\">Acuerdo de Protecci\u00f3n de Datos<\/a><\/li>\n<\/ul>\n"},{"bootstrap_column_classes":false,"bootstrap_column_content":"<h3>T\u00fcrk\u00e7e<\/h3>\n<p><i>Criteo Commerce Media Platform<\/i><\/p>\n<ul>\n<li><a href=\"https:\/\/www.criteo.com\/wp-content\/uploads\/2022\/11\/Criteo-Umbrella-Terms-of-Service_TR-TR.pdf\" target=\"_blank\" rel=\"noopener\">Kapsay\u0131c\u0131 Hizmet Ko\u015fullar\u0131<\/a><\/li>\n<li>\u00d6zel Hi\u0307zmet Ko\u015fullar\n<ul>\n<li><a href=\"https:\/\/www.criteo.com\/wp-content\/uploads\/2024\/11\/Commerce-Growth-Specific-Terms-of-Service-TR.pdf\" target=\"_blank\" rel=\"noopener\">Commerce Growth<\/a><\/li>\n<li><a href=\"https:\/\/www.criteo.com\/wp-content\/uploads\/2024\/01\/Commerce-Grid-Specific-Terms-of-Service-TR.pdf\" target=\"_blank\" rel=\"noopener\">Commerce Grid<\/a><\/li>\n<li><a href=\"https:\/\/www.criteo.com\/wp-content\/uploads\/2024\/09\/Commerce-Max-Specific-Terms-of-Service-TK.pdf\" target=\"_blank\" rel=\"noopener\">Commerce Max<\/a><\/li>\n<li><a href=\"https:\/\/www.criteo.com\/wp-content\/uploads\/2024\/11\/Commerce-Yield-Specific-Terms-of-Service-TK.pdf\">Commerce Yield<\/a><\/li>\n<li><a href=\"https:\/\/www.criteo.com\/wp-content\/uploads\/2024\/09\/Specific-Terms-of-Service-\u2013-Curation-Data-Provision_TR.pdf\">Curation Hizmeti ve Veri Sa\u011flama Hizmeti<\/a><\/li>\n<\/ul>\n<\/li>\n<li><a href=\"https:\/\/www.criteo.com\/wp-content\/uploads\/2024\/05\/Criteo-contracting-entities-governing-law-and-jurisdiction_TR-TR.pdf\" target=\"_blank\" rel=\"noopener\">S\u00f6zle\u015fmeli Kurulu\u015flar, ge\u00e7erli yasa ve yarg\u0131 yetkisi<\/a><\/li>\n<\/ul>\n"},{"bootstrap_column_classes":false,"bootstrap_column_content":"<h3>IPONWEB Terms &amp; Policies<\/h3>\n<ul>\n<li><a href=\"https:\/\/www.criteo.com\/wp-content\/uploads\/2024\/05\/The-MediaGrid-Standard-Terms-for-Publishers-20221027.pdf\" target=\"_blank\" rel=\"noopener\">The MediaGrid Standard Terms for Publishers<\/a><\/li>\n<li><a href=\"https:\/\/www.criteo.com\/wp-content\/uploads\/2024\/05\/The-MediaGrid-Standard-Terms-for-Demand-Partners-20221212.pdf\" target=\"_blank\" rel=\"noopener\">The MediaGrid Standard Terms for Demand Partners<\/a><\/li>\n<li><a href=\"https:\/\/www.criteo.com\/wp-content\/uploads\/2024\/05\/The-MediaGrid-Standard-Terms-for-Curators-20221027.pdf\" target=\"_blank\" rel=\"noopener\">The MediaGrid Standard Terms for Curators<\/a><\/li>\n<li><a href=\"https:\/\/www.criteo.com\/wp-content\/uploads\/2024\/05\/The-MediaGrid-Buyer-and-Seller-Policies.pdf\" target=\"_blank\" rel=\"noopener\">The MediaGrid Buyer and Seller Policies<\/a><\/li>\n<li><a href=\"https:\/\/www.criteo.com\/wp-content\/uploads\/2024\/05\/Media-Seller-Take-Down-Policy.pdf\" target=\"_blank\" rel=\"noopener\">Media Seller Take Down Policy<\/a><\/li>\n<li><a href=\"https:\/\/www.criteo.com\/wp-content\/uploads\/2024\/05\/Standard-Terms-for-BidCore-Customers-20221027.pdf\" target=\"_blank\" rel=\"noopener\">Standard Terms for BidCore Customers<\/a><\/li>\n<li><a href=\"https:\/\/www.criteo.com\/wp-content\/uploads\/2024\/05\/BidCore-Policies.pdf\" target=\"_blank\" rel=\"noopener\">BidCore Policies<\/a><\/li>\n<li><a href=\"https:\/\/www.criteo.com\/wp-content\/uploads\/2024\/05\/BidCore-Creative-Guidelines.pdf\" target=\"_blank\" rel=\"noopener\">BidCore Creative Guidelines<\/a><\/li>\n<li><a href=\"https:\/\/www.criteo.com\/wp-content\/uploads\/2024\/05\/IPONWEB-Standard-Terms-for-Outcomes-Based-Advertising-20221027.pdf\" target=\"_blank\" rel=\"noopener\">IPONWEB Standard Terms for Outcomes-Based Advertising<\/a><\/li>\n<li><a href=\"https:\/\/www.criteo.com\/wp-content\/uploads\/2024\/05\/Outcomes-Based-Advertising-Creative-Guidelines.pdf\" target=\"_blank\" rel=\"noopener\">Outcomes-Based Advertising Creative Guidelines<\/a><\/li>\n<li><a href=\"https:\/\/www.criteo.com\/wp-content\/uploads\/2024\/11\/Grid-Data-Processing-Addendum-for-Curator.pdf\" target=\"_blank\" rel=\"noopener\">Grid Data Processing Addendum for Curator<\/a><\/li>\n<li><a href=\"https:\/\/www.criteo.com\/wp-content\/uploads\/2024\/05\/The-Media-Grid-Sub-Processors.pdf\" target=\"_blank\" rel=\"noopener\">The Media Grid Sub-Processors<\/a><\/li>\n<li><a href=\"https:\/\/www.criteo.com\/wp-content\/uploads\/2024\/11\/IPONWEB-Data-Processing-Addendum.pdf\" target=\"_blank\" rel=\"noopener\">IPONWEB Data Processing Addendum<\/a><\/li>\n<li><a href=\"https:\/\/www.criteo.com\/wp-content\/uploads\/2024\/05\/IPONWEB-Sub-Processors.pdf\" target=\"_blank\" rel=\"noopener\">IPONWEB Sub-Processors<\/a><\/li>\n<\/ul>\n"}]}]}],"bevel":"peach-grapes","bevel_reversed":false,"has_more_content":false,"additional_code":"","stae_popup_enable":false,"storetail_optout":false,"track_page_in_segment":false,"segment_page_name":""},"yoast_head":"<!-- This site is optimized with the Yoast SEO plugin v26.4 - https:\/\/yoast.com\/wordpress\/plugins\/seo\/ -->\n<title>Terms and Conditions | RU - Criteo.com<\/title>\n<meta name=\"description\" content=\"Criteo Terms and Conditions for marketers\" \/>\n<meta name=\"robots\" content=\"index, follow, max-snippet:-1, max-image-preview:large, max-video-preview:-1\" \/>\n<link rel=\"canonical\" href=\"https:\/\/www.criteo.com\/ru\/terms-and-conditions\/\" \/>\n<meta property=\"og:locale\" content=\"ru_RU\" \/>\n<meta property=\"og:type\" content=\"article\" \/>\n<meta property=\"og:title\" content=\"Terms and Conditions | RU - Criteo.com\" \/>\n<meta property=\"og:description\" content=\"Criteo Terms and Conditions for marketers\" \/>\n<meta property=\"og:url\" content=\"https:\/\/www.criteo.com\/ru\/terms-and-conditions\/\" \/>\n<meta property=\"og:site_name\" content=\"RU - Criteo.com\" \/>\n<meta property=\"article:modified_time\" content=\"2025-06-13T09:23:52+00:00\" \/>\n<meta name=\"twitter:card\" content=\"summary_large_image\" \/>\n<script type=\"application\/ld+json\" class=\"yoast-schema-graph\">{\n\t    \"@context\": \"https:\/\/schema.org\",\n\t    \"@graph\": [\n\t        {\n\t            \"@type\": \"WebPage\",\n\t            \"@id\": \"https:\/\/www.criteo.com\/ru\/terms-and-conditions\/\",\n\t            \"url\": \"https:\/\/www.criteo.com\/ru\/terms-and-conditions\/\",\n\t            \"name\": \"Terms and Conditions | RU - Criteo.com\",\n\t            \"isPartOf\": {\n\t                \"@id\": \"https:\/\/www.criteo.com\/ru\/#website\"\n\t            },\n\t            \"datePublished\": \"2017-12-05T16:38:29+00:00\",\n\t            \"dateModified\": \"2025-06-13T09:23:52+00:00\",\n\t            \"description\": \"Criteo Terms and Conditions for marketers\",\n\t            \"breadcrumb\": {\n\t                \"@id\": \"https:\/\/www.criteo.com\/ru\/terms-and-conditions\/#breadcrumb\"\n\t            },\n\t            \"inLanguage\": \"ru-RU\",\n\t            \"potentialAction\": [\n\t                {\n\t                    \"@type\": \"ReadAction\",\n\t                    \"target\": [\n\t                        \"https:\/\/www.criteo.com\/ru\/terms-and-conditions\/\"\n\t                    ]\n\t                }\n\t            ]\n\t        },\n\t        {\n\t            \"@type\": \"BreadcrumbList\",\n\t            \"@id\": \"https:\/\/www.criteo.com\/ru\/terms-and-conditions\/#breadcrumb\",\n\t            \"itemListElement\": [\n\t                {\n\t                    \"@type\": \"ListItem\",\n\t                    \"position\": 1,\n\t                    \"name\": \"Home\",\n\t                    \"item\": \"https:\/\/www.criteo.com\/ru\/\"\n\t                },\n\t                {\n\t                    \"@type\": \"ListItem\",\n\t                    \"position\": 2,\n\t                    \"name\": \"Terms and Conditions\"\n\t                }\n\t            ]\n\t        },\n\t        {\n\t            \"@type\": \"WebSite\",\n\t            \"@id\": \"https:\/\/www.criteo.com\/ru\/#website\",\n\t            \"url\": \"https:\/\/www.criteo.com\/ru\/\",\n\t            \"name\": \"RU - Criteo.com\",\n\t            \"description\": \"\",\n\t            \"publisher\": {\n\t                \"@id\": \"https:\/\/www.criteo.com\/ru\/#organization\"\n\t            },\n\t            \"potentialAction\": [\n\t                {\n\t                    \"@type\": \"SearchAction\",\n\t                    \"target\": {\n\t                        \"@type\": \"EntryPoint\",\n\t                        \"urlTemplate\": \"https:\/\/www.criteo.com\/ru\/?s={search_term_string}\"\n\t                    },\n\t                    \"query-input\": {\n\t                        \"@type\": \"PropertyValueSpecification\",\n\t                        \"valueRequired\": true,\n\t                        \"valueName\": \"search_term_string\"\n\t                    }\n\t                }\n\t            ],\n\t            \"inLanguage\": \"ru-RU\"\n\t        },\n\t        {\n\t            \"@type\": \"Organization\",\n\t            \"@id\": \"https:\/\/www.criteo.com\/ru\/#organization\",\n\t            \"name\": \"Criteo\",\n\t            \"alternateName\": \"Criteo corp\",\n\t            \"url\": \"https:\/\/www.criteo.com\/ru\/\",\n\t            \"logo\": {\n\t                \"@type\": \"ImageObject\",\n\t                \"inLanguage\": \"ru-RU\",\n\t                \"@id\": \"https:\/\/www.criteo.com\/ru\/#\/schema\/logo\/image\/\",\n\t                \"url\": \"https:\/\/www.criteo.com\/ru\/wp-content\/uploads\/sites\/10\/2024\/02\/Criteo-Logo.svg\",\n\t                \"contentUrl\": \"https:\/\/www.criteo.com\/ru\/wp-content\/uploads\/sites\/10\/2024\/02\/Criteo-Logo.svg\",\n\t                \"width\": 118,\n\t                \"height\": 24,\n\t                \"caption\": \"Criteo\"\n\t            },\n\t            \"image\": {\n\t                \"@id\": \"https:\/\/www.criteo.com\/ru\/#\/schema\/logo\/image\/\"\n\t            }\n\t        }\n\t    ]\n\t}<\/script>\n<!-- \/ Yoast SEO plugin. -->","yoast_head_json":{"title":"Terms and Conditions | RU - Criteo.com","description":"Criteo Terms and Conditions for marketers","robots":{"index":"index","follow":"follow","max-snippet":"max-snippet:-1","max-image-preview":"max-image-preview:large","max-video-preview":"max-video-preview:-1"},"canonical":"https:\/\/www.criteo.com\/ru\/terms-and-conditions\/","og_locale":"ru_RU","og_type":"article","og_title":"Terms and Conditions | RU - Criteo.com","og_description":"Criteo Terms and Conditions for marketers","og_url":"https:\/\/www.criteo.com\/ru\/terms-and-conditions\/","og_site_name":"RU - Criteo.com","article_modified_time":"2025-06-13T09:23:52+00:00","twitter_card":"summary_large_image","schema":{"@context":"https:\/\/schema.org","@graph":[{"@type":"WebPage","@id":"https:\/\/www.criteo.com\/ru\/terms-and-conditions\/","url":"https:\/\/www.criteo.com\/ru\/terms-and-conditions\/","name":"Terms and Conditions | RU - Criteo.com","isPartOf":{"@id":"https:\/\/www.criteo.com\/ru\/#website"},"datePublished":"2017-12-05T16:38:29+00:00","dateModified":"2025-06-13T09:23:52+00:00","description":"Criteo Terms and Conditions for marketers","breadcrumb":{"@id":"https:\/\/www.criteo.com\/ru\/terms-and-conditions\/#breadcrumb"},"inLanguage":"ru-RU","potentialAction":[{"@type":"ReadAction","target":["https:\/\/www.criteo.com\/ru\/terms-and-conditions\/"]}]},{"@type":"BreadcrumbList","@id":"https:\/\/www.criteo.com\/ru\/terms-and-conditions\/#breadcrumb","itemListElement":[{"@type":"ListItem","position":1,"name":"Home","item":"https:\/\/www.criteo.com\/ru\/"},{"@type":"ListItem","position":2,"name":"Terms and Conditions"}]},{"@type":"WebSite","@id":"https:\/\/www.criteo.com\/ru\/#website","url":"https:\/\/www.criteo.com\/ru\/","name":"RU - Criteo.com","description":"","publisher":{"@id":"https:\/\/www.criteo.com\/ru\/#organization"},"potentialAction":[{"@type":"SearchAction","target":{"@type":"EntryPoint","urlTemplate":"https:\/\/www.criteo.com\/ru\/?s={search_term_string}"},"query-input":{"@type":"PropertyValueSpecification","valueRequired":true,"valueName":"search_term_string"}}],"inLanguage":"ru-RU"},{"@type":"Organization","@id":"https:\/\/www.criteo.com\/ru\/#organization","name":"Criteo","alternateName":"Criteo corp","url":"https:\/\/www.criteo.com\/ru\/","logo":{"@type":"ImageObject","inLanguage":"ru-RU","@id":"https:\/\/www.criteo.com\/ru\/#\/schema\/logo\/image\/","url":"https:\/\/www.criteo.com\/ru\/wp-content\/uploads\/sites\/10\/2024\/02\/Criteo-Logo.svg","contentUrl":"https:\/\/www.criteo.com\/ru\/wp-content\/uploads\/sites\/10\/2024\/02\/Criteo-Logo.svg","width":118,"height":24,"caption":"Criteo"},"image":{"@id":"https:\/\/www.criteo.com\/ru\/#\/schema\/logo\/image\/"}}]}},"_links":{"self":[{"href":"https:\/\/www.criteo.com\/ru\/wp-json\/wp\/v2\/pages\/6726","targetHints":{"allow":["GET"]}}],"collection":[{"href":"https:\/\/www.criteo.com\/ru\/wp-json\/wp\/v2\/pages"}],"about":[{"href":"https:\/\/www.criteo.com\/ru\/wp-json\/wp\/v2\/types\/page"}],"author":[{"embeddable":true,"href":"https:\/\/www.criteo.com\/ru\/wp-json\/wp\/v2\/users\/1"}],"replies":[{"embeddable":true,"href":"https:\/\/www.criteo.com\/ru\/wp-json\/wp\/v2\/comments?post=6726"}],"version-history":[{"count":130,"href":"https:\/\/www.criteo.com\/ru\/wp-json\/wp\/v2\/pages\/6726\/revisions"}],"predecessor-version":[{"id":17732,"href":"https:\/\/www.criteo.com\/ru\/wp-json\/wp\/v2\/pages\/6726\/revisions\/17732"}],"wp:attachment":[{"href":"https:\/\/www.criteo.com\/ru\/wp-json\/wp\/v2\/media?parent=6726"}],"wp:term":[{"taxonomy":"author","embeddable":true,"href":"https:\/\/www.criteo.com\/ru\/wp-json\/wp\/v2\/coauthors?post=6726"}],"curies":[{"name":"wp","href":"https:\/\/api.w.org\/{rel}","templated":true}]}}